{"id":226,"date":"2020-09-24T19:10:32","date_gmt":"2020-09-24T17:10:32","guid":{"rendered":"https:\/\/wp.gulyacsarda.hu\/?page_id=226"},"modified":"2023-07-20T09:19:38","modified_gmt":"2023-07-20T08:19:38","slug":"reggeli","status":"publish","type":"page","link":"https:\/\/gulyacsarda.hu\/index.php\/reggeli\/","title":{"rendered":"Reggeli"},"content":{"rendered":"\n[et_pb_section fb_built=&#8221;1&#8243; next_background_color=&#8221;#ffffff&#8221; admin_label=&#8221;Header&#8221; _builder_version=&#8221;4.16&#8243; background_color=&#8221;#34545a&#8221; background_image=&#8221;https:\/\/gulyacsarda.hu\/wp-content\/uploads\/2020\/09\/IMG_20200929_183910-scaled.jpg&#8221; custom_margin=&#8221;||||false&#8221; custom_padding=&#8221;9vw||9vw||true|false&#8221; filter_saturate=&#8221;159%&#8221; bottom_divider_style=&#8221;curve&#8221; bottom_divider_height=&#8221;6vw&#8221; global_colors_info=&#8221;{}&#8221;][et_pb_row _builder_version=&#8221;4.16&#8243; background_enable_image=&#8221;off&#8221; background_size=&#8221;contain&#8221; custom_padding=&#8221;32px|||||&#8221; animation_style=&#8221;zoom&#8221; animation_intensity_zoom=&#8221;10%&#8221; global_colors_info=&#8221;{}&#8221;][et_pb_column type=&#8221;4_4&#8243; _builder_version=&#8221;4.16&#8243; custom_padding=&#8221;|||&#8221; global_colors_info=&#8221;{}&#8221; custom_padding__hover=&#8221;|||&#8221;][et_pb_text _builder_version=&#8221;4.16&#8243; text_font=&#8221;||||||||&#8221; header_font=&#8221;Montserrat|500||on|||||&#8221; header_font_size=&#8221;18px&#8221; header_letter_spacing=&#8221;5px&#8221; header_line_height=&#8221;1.5em&#8221; header_2_font=&#8221;Merriweather|||on|||||&#8221; header_2_font_size=&#8221;78px&#8221; header_2_letter_spacing=&#8221;10px&#8221; header_2_line_height=&#8221;1.4em&#8221; text_orientation=&#8221;center&#8221; background_layout=&#8221;dark&#8221; min_height=&#8221;127px&#8221; header_font_size_tablet=&#8221;&#8221; header_font_size_phone=&#8221;12px&#8221; header_font_size_last_edited=&#8221;on|desktop&#8221; header_2_font_size_tablet=&#8221;50px&#8221; header_2_font_size_phone=&#8221;30px&#8221; header_2_font_size_last_edited=&#8221;on|desktop&#8221; header_2_text_shadow_style=&#8221;preset4&#8243; global_colors_info=&#8221;{}&#8221;]<h2><span style=\"color: #ffffff;\"><strong>REGGELI<\/strong><\/span><\/h2>[\/et_pb_text][\/et_pb_column][\/et_pb_row][\/et_pb_section][et_pb_section fb_built=&#8221;1&#8243; fullwidth=&#8221;on&#8221; _builder_version=&#8221;4.16&#8243; _module_preset=&#8221;default&#8221; global_colors_info=&#8221;{}&#8221;][\/et_pb_section][et_pb_section fb_built=&#8221;1&#8243; custom_padding_last_edited=&#8221;on|tablet&#8221; prev_background_color=&#8221;#ffffff&#8221; next_background_color=&#8221;#34545a&#8221; admin_label=&#8221;About Me&#8221; _builder_version=&#8221;4.16&#8243; background_color=&#8221;#fafafa&#8221; custom_padding=&#8221;2vw|0px|0vw|0px|false|false&#8221; custom_padding_tablet=&#8221;||10vw|&#8221; custom_padding_phone=&#8221;&#8221; top_divider_style=&#8221;curve&#8221; top_divider_height=&#8221;6vw&#8221; top_divider_flip=&#8221;vertical&#8221; bottom_divider_style=&#8221;curve&#8221; bottom_divider_height=&#8221;10vw&#8221; bottom_divider_repeat=&#8221;0.5x&#8221; global_colors_info=&#8221;{}&#8221;][et_pb_row column_structure=&#8221;1_2,1_2&#8243; _builder_version=&#8221;4.16&#8243; global_colors_info=&#8221;{}&#8221;][et_pb_column type=&#8221;1_2&#8243; _builder_version=&#8221;4.16&#8243; custom_padding=&#8221;|||&#8221; global_colors_info=&#8221;{}&#8221; custom_padding__hover=&#8221;|||&#8221;][et_pb_text _builder_version=&#8221;4.16&#8243; text_font=&#8221;||||||||&#8221; text_line_height=&#8221;2em&#8221; header_font=&#8221;||||||||&#8221; header_2_font=&#8221;Merriweather|700|||||||&#8221; header_2_font_size=&#8221;36px&#8221; header_2_line_height=&#8221;1.6em&#8221; header_2_font_size_tablet=&#8221;&#8221; header_2_font_size_phone=&#8221;20px&#8221; header_2_font_size_last_edited=&#8221;on|phone&#8221; locked=&#8221;off&#8221; global_colors_info=&#8221;{}&#8221;]<h2>Mi\u00e9rt reggelizzek a Gulya cs\u00e1rd\u00e1ban?<\/h2>\n<p>Mert \u00e9tterm\u00fcnkben minden reggel friss p\u00e9k\u00e1ruval v\u00e1rjuk kedves vend\u00e9geinket!<\/p>\n<p>Tekintse meg aj\u00e1nlatunkat:<\/p>[\/et_pb_text][\/et_pb_column][et_pb_column type=&#8221;1_2&#8243; _builder_version=&#8221;4.16&#8243; custom_padding=&#8221;|||&#8221; global_colors_info=&#8221;{}&#8221; custom_padding__hover=&#8221;|||&#8221;][et_pb_image src=&#8221;https:\/\/gulyacsarda.hu\/wp-content\/uploads\/2020\/09\/reggeli.png&#8221; title_text=&#8221;reggeli&#8221; src_tablet=&#8221;&#8221; src_phone=&#8221;&#8221; src_last_edited=&#8221;on|desktop&#8221; align_tablet=&#8221;center&#8221; align_phone=&#8221;&#8221; align_last_edited=&#8221;on|desktop&#8221; _builder_version=&#8221;4.16&#8243; custom_margin=&#8221;||-12px|||&#8221; custom_padding=&#8221;2px|92px||0px||&#8221; animation_style=&#8221;zoom&#8221; animation_intensity_zoom=&#8221;10%&#8221; animation=&#8221;top&#8221; global_colors_info=&#8221;{}&#8221;][\/et_pb_image][\/et_pb_column][\/et_pb_row][et_pb_row column_structure=&#8221;1_2,1_2&#8243; _builder_version=&#8221;4.16&#8243; global_colors_info=&#8221;{}&#8221;][et_pb_column type=&#8221;1_2&#8243; _builder_version=&#8221;4.16&#8243; custom_padding=&#8221;|||&#8221; global_colors_info=&#8221;{}&#8221; custom_padding__hover=&#8221;|||&#8221;][et_pb_blurb title=&#8221;Omlettek:&#8221; image_icon_width=&#8221;80px&#8221; _builder_version=&#8221;4.17.4&#8243; header_font=&#8221;Merriweather|700|||||||&#8221; header_line_height=&#8221;1.8em&#8221; body_font=&#8221;||||||||&#8221; body_font_size=&#8221;13px&#8221; body_line_height=&#8221;2em&#8221; background_color=&#8221;#ffffff&#8221; text_orientation=&#8221;center&#8221; custom_padding=&#8221;30px|30px|30px|30px|true|true&#8221; animation_style=&#8221;zoom&#8221; animation_intensity_zoom=&#8221;10%&#8221; hover_enabled=&#8221;0&#8243; border_radii=&#8221;on|10px|10px|10px|10px&#8221; border_radii_image=&#8221;on|100px|100px|100px|100px&#8221; box_shadow_style=&#8221;preset1&#8243; box_shadow_vertical=&#8221;10px&#8221; box_shadow_blur=&#8221;60px&#8221; box_shadow_color=&#8221;rgba(1,33,92,0.1)&#8221; box_shadow_style_image=&#8221;preset1&#8243; box_shadow_vertical_image=&#8221;10px&#8221; box_shadow_blur_image=&#8221;40px&#8221; box_shadow_spread_image=&#8221;-10px&#8221; box_shadow_color_image=&#8221;rgba(91,110,115,0.1)&#8221; image_max_width=&#8221;80px&#8221; locked=&#8221;off&#8221; global_colors_info=&#8221;{}&#8221; sticky_enabled=&#8221;0&#8243;]<p style=\"text-align: left;\"><strong>&#8211; nat\u00far<\/strong> 1.800 Ft<br \/><strong>&#8211; sajtos<\/strong> 1.900 Ft<br \/><strong>&#8211; sonk\u00e1s<\/strong> 1.900 Ft<br \/><strong>&#8211; magyaros<\/strong> 1.900 Ft<br \/><strong>&#8211; gomb\u00e1s<\/strong> 1.900 Ft<\/p>[\/et_pb_blurb][\/et_pb_column][et_pb_column type=&#8221;1_2&#8243; _builder_version=&#8221;4.16&#8243; custom_padding=&#8221;|||&#8221; global_colors_info=&#8221;{}&#8221; custom_padding__hover=&#8221;|||&#8221;][et_pb_blurb title=&#8221;Egy\u00e9b \u00e9telek:&#8221; image_icon_width=&#8221;80px&#8221; _builder_version=&#8221;4.17.4&#8243; header_font=&#8221;Merriweather|700|||||||&#8221; header_line_height=&#8221;1.8em&#8221; body_font=&#8221;||||||||&#8221; body_font_size=&#8221;13px&#8221; body_line_height=&#8221;2em&#8221; background_color=&#8221;#ffffff&#8221; text_orientation=&#8221;center&#8221; custom_padding=&#8221;30px|30px|30px|30px|true|true&#8221; animation_style=&#8221;zoom&#8221; animation_intensity_zoom=&#8221;10%&#8221; hover_enabled=&#8221;0&#8243; border_radii=&#8221;on|10px|10px|10px|10px&#8221; border_radii_image=&#8221;on|100px|100px|100px|100px&#8221; box_shadow_style=&#8221;preset1&#8243; box_shadow_vertical=&#8221;10px&#8221; box_shadow_blur=&#8221;60px&#8221; box_shadow_color=&#8221;rgba(1,33,92,0.1)&#8221; box_shadow_style_image=&#8221;preset1&#8243; box_shadow_vertical_image=&#8221;10px&#8221; box_shadow_blur_image=&#8221;40px&#8221; box_shadow_spread_image=&#8221;-10px&#8221; box_shadow_color_image=&#8221;rgba(91,110,115,0.1)&#8221; image_max_width=&#8221;80px&#8221; locked=&#8221;off&#8221; global_colors_info=&#8221;{}&#8221; sticky_enabled=&#8221;0&#8243;]<p style=\"text-align: left;\"><strong>Ham and Eggs<\/strong> 1.900 Ft<\/p>\n<p style=\"text-align: left;\"><strong>Bacon and Eggs<\/strong> 1.900 Ft<\/p>\n<p style=\"text-align: left;\"><strong>Toj\u00e1slep\u00e9ny parasztosan<\/strong> 1.900 Ft<\/p>\n<p style=\"text-align: left;\"><strong>Sonk\u00e1s melegszendvics<\/strong> 1.500 Ft<\/p>\n<p style=\"text-align: left;\"><strong>Gomb\u00e1s-kolb\u00e1szos melegszendvics<\/strong> 1.500 Ft<\/p>\n<p style=\"text-align: left;\"><strong>Parasztos reggelit\u00e1l (sonka, szalonna, kolb\u00e1sz, sajt, vaj, z\u00f6lds\u00e9gek)<\/strong> 2.400 Ft<\/p>\n<p style=\"text-align: left;\"><strong>T\u00fck\u00f6rtoj\u00e1s<\/strong> 1.500 Ft<\/p>[\/et_pb_blurb][\/et_pb_column][\/et_pb_row][\/et_pb_section][et_pb_section fb_built=&#8221;1&#8243; admin_label=&#8221;Call to Action&#8221; _builder_version=&#8221;4.16&#8243; background_color=&#8221;#34545a&#8221; use_background_color_gradient=&#8221;on&#8221; background_color_gradient_stops=&#8221;#34545a 0%|rgba(52,84,90,0.8) 100%&#8221; background_color_gradient_overlays_image=&#8221;on&#8221; background_color_gradient_start=&#8221;#34545a&#8221; background_color_gradient_end=&#8221;rgba(52,84,90,0.8)&#8221; background_image=&#8221;http:\/\/zaib.sandbox.etdevs.com\/divi\/wp-content\/uploads\/sites\/2\/2018\/09\/nutritionist-35.jpg&#8221; global_colors_info=&#8221;{}&#8221;][\/et_pb_section]\n","protected":false},"excerpt":{"rendered":"<p>REGGELIMi\u00e9rt reggelizzek a Gulya cs\u00e1rd\u00e1ban? Mert \u00e9tterm\u00fcnkben minden reggel friss p\u00e9k\u00e1ruval v\u00e1rjuk kedves vend\u00e9geinket! Tekintse meg aj\u00e1nlatunkat:- nat\u00far 1.800 Ft- sajtos 1.900 Ft- sonk\u00e1s 1.900 Ft- magyaros 1.900 Ft- gomb\u00e1s 1.900 FtHam and Eggs 1.900 Ft Bacon and Eggs 1.900 Ft Toj\u00e1slep\u00e9ny parasztosan 1.900 Ft Sonk\u00e1s melegszendvics 1.500 Ft Gomb\u00e1s-kolb\u00e1szos melegszendvics 1.500 Ft Parasztos reggelit\u00e1l (sonka, szalonna, kolb\u00e1sz, sajt, vaj, z\u00f6lds\u00e9gek) 2.400 Ft T\u00fck\u00f6rtoj\u00e1s 1.500 Ft<\/p>\n","protected":false},"author":1,"featured_media":0,"parent":0,"menu_order":0,"comment_status":"closed","ping_status":"closed","template":"","meta":{"_et_pb_use_builder":"on","_et_pb_old_content":"","_et_gb_content_width":"","footnotes":""},"class_list":["post-226","page","type-page","status-publish","hentry"],"yoast_head":"<!-- This site is optimized with the Yoast SEO plugin v27.4 - https:\/\/yoast.com\/product\/yoast-seo-wordpress\/ -->\n<title>Reggeli - Gulya cs\u00e1rda<\/title>\n<meta name=\"robots\" content=\"index, follow, max-snippet:-1, max-image-preview:large, max-video-preview:-1\" \/>\n<link rel=\"canonical\" href=\"https:\/\/gulyacsarda.hu\/index.php\/reggeli\/\" \/>\n<meta property=\"og:locale\" content=\"hu_HU\" \/>\n<meta property=\"og:type\" content=\"article\" \/>\n<meta property=\"og:title\" content=\"Reggeli - Gulya cs\u00e1rda\" \/>\n<meta property=\"og:description\" content=\"REGGELIMi\u00e9rt reggelizzek a Gulya cs\u00e1rd\u00e1ban? Mert \u00e9tterm\u00fcnkben minden reggel friss p\u00e9k\u00e1ruval v\u00e1rjuk kedves vend\u00e9geinket! Tekintse meg aj\u00e1nlatunkat:- nat\u00far 1.800 Ft- sajtos 1.900 Ft- sonk\u00e1s 1.900 Ft- magyaros 1.900 Ft- gomb\u00e1s 1.900 FtHam and Eggs 1.900 Ft Bacon and Eggs 1.900 Ft Toj\u00e1slep\u00e9ny parasztosan 1.900 Ft Sonk\u00e1s melegszendvics 1.500 Ft Gomb\u00e1s-kolb\u00e1szos melegszendvics 1.500 Ft Parasztos reggelit\u00e1l (sonka, szalonna, kolb\u00e1sz, sajt, vaj, z\u00f6lds\u00e9gek) 2.400 Ft T\u00fck\u00f6rtoj\u00e1s 1.500 Ft\" \/>\n<meta property=\"og:url\" content=\"https:\/\/gulyacsarda.hu\/index.php\/reggeli\/\" \/>\n<meta property=\"og:site_name\" content=\"Gulya cs\u00e1rda\" \/>\n<meta property=\"article:publisher\" content=\"https:\/\/www.facebook.com\/Gulya-Cs%c3%a1rda-1456080467951366\/?ref=br_rs\" \/>\n<meta property=\"article:modified_time\" content=\"2023-07-20T08:19:38+00:00\" \/>\n<meta name=\"twitter:card\" content=\"summary_large_image\" \/>\n<meta name=\"twitter:label1\" content=\"Becs\u00fclt olvas\u00e1si id\u0151\" \/>\n\t<meta name=\"twitter:data1\" content=\"2 perc\" \/>\n<script type=\"application\/ld+json\" class=\"yoast-schema-graph\">{\"@context\":\"https:\\\/\\\/schema.org\",\"@graph\":[{\"@type\":\"WebPage\",\"@id\":\"https:\\\/\\\/gulyacsarda.hu\\\/index.php\\\/reggeli\\\/\",\"url\":\"https:\\\/\\\/gulyacsarda.hu\\\/index.php\\\/reggeli\\\/\",\"name\":\"Reggeli - Gulya cs\u00e1rda\",\"isPartOf\":{\"@id\":\"https:\\\/\\\/gulyacsarda.hu\\\/#website\"},\"datePublished\":\"2020-09-24T17:10:32+00:00\",\"dateModified\":\"2023-07-20T08:19:38+00:00\",\"breadcrumb\":{\"@id\":\"https:\\\/\\\/gulyacsarda.hu\\\/index.php\\\/reggeli\\\/#breadcrumb\"},\"inLanguage\":\"hu\",\"potentialAction\":[{\"@type\":\"ReadAction\",\"target\":[\"https:\\\/\\\/gulyacsarda.hu\\\/index.php\\\/reggeli\\\/\"]}]},{\"@type\":\"BreadcrumbList\",\"@id\":\"https:\\\/\\\/gulyacsarda.hu\\\/index.php\\\/reggeli\\\/#breadcrumb\",\"itemListElement\":[{\"@type\":\"ListItem\",\"position\":1,\"name\":\"Kezd\u0151lap\",\"item\":\"https:\\\/\\\/gulyacsarda.hu\\\/\"},{\"@type\":\"ListItem\",\"position\":2,\"name\":\"Reggeli\"}]},{\"@type\":\"WebSite\",\"@id\":\"https:\\\/\\\/gulyacsarda.hu\\\/#website\",\"url\":\"https:\\\/\\\/gulyacsarda.hu\\\/\",\"name\":\"Gulya cs\u00e1rda\",\"description\":\"A balatonszentgy\u00f6rgyi Gulya cs\u00e1rda \u00e9tterem weboldala\",\"publisher\":{\"@id\":\"https:\\\/\\\/gulyacsarda.hu\\\/#organization\"},\"potentialAction\":[{\"@type\":\"SearchAction\",\"target\":{\"@type\":\"EntryPoint\",\"urlTemplate\":\"https:\\\/\\\/gulyacsarda.hu\\\/?s={search_term_string}\"},\"query-input\":{\"@type\":\"PropertyValueSpecification\",\"valueRequired\":true,\"valueName\":\"search_term_string\"}}],\"inLanguage\":\"hu\"},{\"@type\":\"Organization\",\"@id\":\"https:\\\/\\\/gulyacsarda.hu\\\/#organization\",\"name\":\"Gulya cs\u00e1rda\",\"url\":\"https:\\\/\\\/gulyacsarda.hu\\\/\",\"logo\":{\"@type\":\"ImageObject\",\"inLanguage\":\"hu\",\"@id\":\"https:\\\/\\\/gulyacsarda.hu\\\/#\\\/schema\\\/logo\\\/image\\\/\",\"url\":\"https:\\\/\\\/gulyacsarda.hu\\\/wp-content\\\/uploads\\\/2020\\\/09\\\/logo1-color.jpg\",\"contentUrl\":\"https:\\\/\\\/gulyacsarda.hu\\\/wp-content\\\/uploads\\\/2020\\\/09\\\/logo1-color.jpg\",\"width\":2236,\"height\":1177,\"caption\":\"Gulya cs\u00e1rda\"},\"image\":{\"@id\":\"https:\\\/\\\/gulyacsarda.hu\\\/#\\\/schema\\\/logo\\\/image\\\/\"},\"sameAs\":[\"https:\\\/\\\/www.facebook.com\\\/Gulya-Cs\u00e1rda-1456080467951366\\\/?ref=br_rs\",\"https:\\\/\\\/www.instagram.com\\\/gulyacsarda\\\/?hl=hu\"]}]}<\/script>\n<!-- \/ Yoast SEO plugin. -->","yoast_head_json":{"title":"Reggeli - Gulya cs\u00e1rda","robots":{"index":"index","follow":"follow","max-snippet":"max-snippet:-1","max-image-preview":"max-image-preview:large","max-video-preview":"max-video-preview:-1"},"canonical":"https:\/\/gulyacsarda.hu\/index.php\/reggeli\/","og_locale":"hu_HU","og_type":"article","og_title":"Reggeli - Gulya cs\u00e1rda","og_description":"REGGELIMi\u00e9rt reggelizzek a Gulya cs\u00e1rd\u00e1ban? Mert \u00e9tterm\u00fcnkben minden reggel friss p\u00e9k\u00e1ruval v\u00e1rjuk kedves vend\u00e9geinket! Tekintse meg aj\u00e1nlatunkat:- nat\u00far 1.800 Ft- sajtos 1.900 Ft- sonk\u00e1s 1.900 Ft- magyaros 1.900 Ft- gomb\u00e1s 1.900 FtHam and Eggs 1.900 Ft Bacon and Eggs 1.900 Ft Toj\u00e1slep\u00e9ny parasztosan 1.900 Ft Sonk\u00e1s melegszendvics 1.500 Ft Gomb\u00e1s-kolb\u00e1szos melegszendvics 1.500 Ft Parasztos reggelit\u00e1l (sonka, szalonna, kolb\u00e1sz, sajt, vaj, z\u00f6lds\u00e9gek) 2.400 Ft T\u00fck\u00f6rtoj\u00e1s 1.500 Ft","og_url":"https:\/\/gulyacsarda.hu\/index.php\/reggeli\/","og_site_name":"Gulya cs\u00e1rda","article_publisher":"https:\/\/www.facebook.com\/Gulya-Cs%c3%a1rda-1456080467951366\/?ref=br_rs","article_modified_time":"2023-07-20T08:19:38+00:00","twitter_card":"summary_large_image","twitter_misc":{"Becs\u00fclt olvas\u00e1si id\u0151":"2 perc"},"schema":{"@context":"https:\/\/schema.org","@graph":[{"@type":"WebPage","@id":"https:\/\/gulyacsarda.hu\/index.php\/reggeli\/","url":"https:\/\/gulyacsarda.hu\/index.php\/reggeli\/","name":"Reggeli - Gulya cs\u00e1rda","isPartOf":{"@id":"https:\/\/gulyacsarda.hu\/#website"},"datePublished":"2020-09-24T17:10:32+00:00","dateModified":"2023-07-20T08:19:38+00:00","breadcrumb":{"@id":"https:\/\/gulyacsarda.hu\/index.php\/reggeli\/#breadcrumb"},"inLanguage":"hu","potentialAction":[{"@type":"ReadAction","target":["https:\/\/gulyacsarda.hu\/index.php\/reggeli\/"]}]},{"@type":"BreadcrumbList","@id":"https:\/\/gulyacsarda.hu\/index.php\/reggeli\/#breadcrumb","itemListElement":[{"@type":"ListItem","position":1,"name":"Kezd\u0151lap","item":"https:\/\/gulyacsarda.hu\/"},{"@type":"ListItem","position":2,"name":"Reggeli"}]},{"@type":"WebSite","@id":"https:\/\/gulyacsarda.hu\/#website","url":"https:\/\/gulyacsarda.hu\/","name":"Gulya cs\u00e1rda","description":"A balatonszentgy\u00f6rgyi Gulya cs\u00e1rda \u00e9tterem weboldala","publisher":{"@id":"https:\/\/gulyacsarda.hu\/#organization"},"potentialAction":[{"@type":"SearchAction","target":{"@type":"EntryPoint","urlTemplate":"https:\/\/gulyacsarda.hu\/?s={search_term_string}"},"query-input":{"@type":"PropertyValueSpecification","valueRequired":true,"valueName":"search_term_string"}}],"inLanguage":"hu"},{"@type":"Organization","@id":"https:\/\/gulyacsarda.hu\/#organization","name":"Gulya cs\u00e1rda","url":"https:\/\/gulyacsarda.hu\/","logo":{"@type":"ImageObject","inLanguage":"hu","@id":"https:\/\/gulyacsarda.hu\/#\/schema\/logo\/image\/","url":"https:\/\/gulyacsarda.hu\/wp-content\/uploads\/2020\/09\/logo1-color.jpg","contentUrl":"https:\/\/gulyacsarda.hu\/wp-content\/uploads\/2020\/09\/logo1-color.jpg","width":2236,"height":1177,"caption":"Gulya cs\u00e1rda"},"image":{"@id":"https:\/\/gulyacsarda.hu\/#\/schema\/logo\/image\/"},"sameAs":["https:\/\/www.facebook.com\/Gulya-Cs\u00e1rda-1456080467951366\/?ref=br_rs","https:\/\/www.instagram.com\/gulyacsarda\/?hl=hu"]}]}},"_links":{"self":[{"href":"https:\/\/gulyacsarda.hu\/index.php\/wp-json\/wp\/v2\/pages\/226","targetHints":{"allow":["GET"]}}],"collection":[{"href":"https:\/\/gulyacsarda.hu\/index.php\/wp-json\/wp\/v2\/pages"}],"about":[{"href":"https:\/\/gulyacsarda.hu\/index.php\/wp-json\/wp\/v2\/types\/page"}],"author":[{"embeddable":true,"href":"https:\/\/gulyacsarda.hu\/index.php\/wp-json\/wp\/v2\/users\/1"}],"replies":[{"embeddable":true,"href":"https:\/\/gulyacsarda.hu\/index.php\/wp-json\/wp\/v2\/comments?post=226"}],"version-history":[{"count":9,"href":"https:\/\/gulyacsarda.hu\/index.php\/wp-json\/wp\/v2\/pages\/226\/revisions"}],"predecessor-version":[{"id":2121,"href":"https:\/\/gulyacsarda.hu\/index.php\/wp-json\/wp\/v2\/pages\/226\/revisions\/2121"}],"wp:attachment":[{"href":"https:\/\/gulyacsarda.hu\/index.php\/wp-json\/wp\/v2\/media?parent=226"}],"curies":[{"name":"wp","href":"https:\/\/api.w.org\/{rel}","templated":true}]}}