{"id":2683,"date":"2024-07-19T11:01:18","date_gmt":"2024-07-19T10:01:18","guid":{"rendered":"https:\/\/gulyacsarda.hu\/index.php\/kosar\/"},"modified":"2024-07-19T11:01:18","modified_gmt":"2024-07-19T10:01:18","slug":"kosar","status":"publish","type":"page","link":"https:\/\/gulyacsarda.hu\/index.php\/kosar\/","title":{"rendered":"Kos\u00e1r"},"content":{"rendered":"\n<div class=\"wp-block-woocommerce-cart alignwide is-loading\">\n<div class=\"wp-block-woocommerce-filled-cart-block\">\n<div class=\"wp-block-woocommerce-cart-items-block\">\n<div class=\"wp-block-woocommerce-cart-line-items-block\"><\/div>\n\n\n\n<div class=\"wp-block-woocommerce-cart-cross-sells-block\">\n<h2 class=\"wp-block-heading has-large-font-size\">Tal\u00e1n \u00e9rdekelhetnek ezek&#8230;<\/h2>\n\n\n\n<div class=\"wp-block-woocommerce-cart-cross-sells-products-block\"><\/div>\n<\/div>\n<\/div>\n\n\n\n<div class=\"wp-block-woocommerce-cart-totals-block\">\n<div class=\"wp-block-woocommerce-cart-order-summary-block\">\n<div class=\"wp-block-woocommerce-cart-order-summary-heading-block\"><\/div>\n\n\n\n<div class=\"wp-block-woocommerce-cart-order-summary-coupon-form-block\"><\/div>\n\n\n\n<div class=\"wp-block-woocommerce-cart-order-summary-subtotal-block\"><\/div>\n\n\n\n<div class=\"wp-block-woocommerce-cart-order-summary-fee-block\"><\/div>\n\n\n\n<div class=\"wp-block-woocommerce-cart-order-summary-discount-block\"><\/div>\n\n\n\n<div class=\"wp-block-woocommerce-cart-order-summary-shipping-block\"><\/div>\n\n\n\n<div class=\"wp-block-woocommerce-cart-order-summary-taxes-block\"><\/div>\n<\/div>\n\n\n\n<div class=\"wp-block-woocommerce-cart-express-payment-block\"><\/div>\n\n\n\n<div class=\"wp-block-woocommerce-proceed-to-checkout-block\"><\/div>\n\n\n\n<div class=\"wp-block-woocommerce-cart-accepted-payment-methods-block\"><\/div>\n<\/div>\n<\/div>\n\n\n\n<div class=\"wp-block-woocommerce-empty-cart-block\">\n<h2 class=\"wp-block-heading has-text-align-center with-empty-cart-icon wc-block-cart__empty-cart__title\">Jelenleg \u00fcres a kosarad.<\/h2>\n\n\n\n<hr class=\"wp-block-separator has-alpha-channel-opacity is-style-dots\"\/>\n\n\n\n<h2 class=\"wp-block-heading has-text-align-center\">\u00dajdons\u00e1gok<\/h2>\n\n\n<\/div>\n<\/div>\n","protected":false},"excerpt":{"rendered":"","protected":false},"author":1,"featured_media":0,"parent":0,"menu_order":0,"comment_status":"closed","ping_status":"closed","template":"","meta":{"_et_pb_use_builder":"","_et_pb_old_content":"","_et_gb_content_width":"","footnotes":""},"class_list":["post-2683","page","type-page","status-publish","hentry"],"yoast_head":"<!-- This site is optimized with the Yoast SEO plugin v27.4 - https:\/\/yoast.com\/product\/yoast-seo-wordpress\/ -->\n<title>Kos\u00e1r - Gulya cs\u00e1rda<\/title>\n<meta name=\"robots\" content=\"index, follow, max-snippet:-1, max-image-preview:large, max-video-preview:-1\" \/>\n<link rel=\"canonical\" href=\"https:\/\/gulyacsarda.hu\/index.php\/kosar\/\" \/>\n<meta property=\"og:locale\" content=\"hu_HU\" \/>\n<meta property=\"og:type\" content=\"article\" \/>\n<meta property=\"og:title\" content=\"Kos\u00e1r - Gulya cs\u00e1rda\" \/>\n<meta property=\"og:url\" content=\"https:\/\/gulyacsarda.hu\/index.php\/kosar\/\" \/>\n<meta property=\"og:site_name\" content=\"Gulya cs\u00e1rda\" \/>\n<meta property=\"article:publisher\" content=\"https:\/\/www.facebook.com\/Gulya-Cs%c3%a1rda-1456080467951366\/?ref=br_rs\" \/>\n<meta name=\"twitter:card\" content=\"summary_large_image\" \/>\n<script type=\"application\/ld+json\" class=\"yoast-schema-graph\">{\"@context\":\"https:\\\/\\\/schema.org\",\"@graph\":[{\"@type\":\"WebPage\",\"@id\":\"https:\\\/\\\/gulyacsarda.hu\\\/index.php\\\/kosar\\\/\",\"url\":\"https:\\\/\\\/gulyacsarda.hu\\\/index.php\\\/kosar\\\/\",\"name\":\"Kos\u00e1r - Gulya cs\u00e1rda\",\"isPartOf\":{\"@id\":\"https:\\\/\\\/gulyacsarda.hu\\\/#website\"},\"datePublished\":\"2024-07-19T10:01:18+00:00\",\"breadcrumb\":{\"@id\":\"https:\\\/\\\/gulyacsarda.hu\\\/index.php\\\/kosar\\\/#breadcrumb\"},\"inLanguage\":\"hu\",\"potentialAction\":[{\"@type\":\"ReadAction\",\"target\":[\"https:\\\/\\\/gulyacsarda.hu\\\/index.php\\\/kosar\\\/\"]}]},{\"@type\":\"BreadcrumbList\",\"@id\":\"https:\\\/\\\/gulyacsarda.hu\\\/index.php\\\/kosar\\\/#breadcrumb\",\"itemListElement\":[{\"@type\":\"ListItem\",\"position\":1,\"name\":\"Kezd\u0151lap\",\"item\":\"https:\\\/\\\/gulyacsarda.hu\\\/\"},{\"@type\":\"ListItem\",\"position\":2,\"name\":\"Kos\u00e1r\"}]},{\"@type\":\"WebSite\",\"@id\":\"https:\\\/\\\/gulyacsarda.hu\\\/#website\",\"url\":\"https:\\\/\\\/gulyacsarda.hu\\\/\",\"name\":\"Gulya cs\u00e1rda\",\"description\":\"A balatonszentgy\u00f6rgyi Gulya cs\u00e1rda \u00e9tterem weboldala\",\"publisher\":{\"@id\":\"https:\\\/\\\/gulyacsarda.hu\\\/#organization\"},\"potentialAction\":[{\"@type\":\"SearchAction\",\"target\":{\"@type\":\"EntryPoint\",\"urlTemplate\":\"https:\\\/\\\/gulyacsarda.hu\\\/?s={search_term_string}\"},\"query-input\":{\"@type\":\"PropertyValueSpecification\",\"valueRequired\":true,\"valueName\":\"search_term_string\"}}],\"inLanguage\":\"hu\"},{\"@type\":\"Organization\",\"@id\":\"https:\\\/\\\/gulyacsarda.hu\\\/#organization\",\"name\":\"Gulya cs\u00e1rda\",\"url\":\"https:\\\/\\\/gulyacsarda.hu\\\/\",\"logo\":{\"@type\":\"ImageObject\",\"inLanguage\":\"hu\",\"@id\":\"https:\\\/\\\/gulyacsarda.hu\\\/#\\\/schema\\\/logo\\\/image\\\/\",\"url\":\"https:\\\/\\\/gulyacsarda.hu\\\/wp-content\\\/uploads\\\/2020\\\/09\\\/logo1-color.jpg\",\"contentUrl\":\"https:\\\/\\\/gulyacsarda.hu\\\/wp-content\\\/uploads\\\/2020\\\/09\\\/logo1-color.jpg\",\"width\":2236,\"height\":1177,\"caption\":\"Gulya cs\u00e1rda\"},\"image\":{\"@id\":\"https:\\\/\\\/gulyacsarda.hu\\\/#\\\/schema\\\/logo\\\/image\\\/\"},\"sameAs\":[\"https:\\\/\\\/www.facebook.com\\\/Gulya-Cs\u00e1rda-1456080467951366\\\/?ref=br_rs\",\"https:\\\/\\\/www.instagram.com\\\/gulyacsarda\\\/?hl=hu\"]}]}<\/script>\n<!-- \/ Yoast SEO plugin. -->","yoast_head_json":{"title":"Kos\u00e1r - Gulya cs\u00e1rda","robots":{"index":"index","follow":"follow","max-snippet":"max-snippet:-1","max-image-preview":"max-image-preview:large","max-video-preview":"max-video-preview:-1"},"canonical":"https:\/\/gulyacsarda.hu\/index.php\/kosar\/","og_locale":"hu_HU","og_type":"article","og_title":"Kos\u00e1r - Gulya cs\u00e1rda","og_url":"https:\/\/gulyacsarda.hu\/index.php\/kosar\/","og_site_name":"Gulya cs\u00e1rda","article_publisher":"https:\/\/www.facebook.com\/Gulya-Cs%c3%a1rda-1456080467951366\/?ref=br_rs","twitter_card":"summary_large_image","schema":{"@context":"https:\/\/schema.org","@graph":[{"@type":"WebPage","@id":"https:\/\/gulyacsarda.hu\/index.php\/kosar\/","url":"https:\/\/gulyacsarda.hu\/index.php\/kosar\/","name":"Kos\u00e1r - Gulya cs\u00e1rda","isPartOf":{"@id":"https:\/\/gulyacsarda.hu\/#website"},"datePublished":"2024-07-19T10:01:18+00:00","breadcrumb":{"@id":"https:\/\/gulyacsarda.hu\/index.php\/kosar\/#breadcrumb"},"inLanguage":"hu","potentialAction":[{"@type":"ReadAction","target":["https:\/\/gulyacsarda.hu\/index.php\/kosar\/"]}]},{"@type":"BreadcrumbList","@id":"https:\/\/gulyacsarda.hu\/index.php\/kosar\/#breadcrumb","itemListElement":[{"@type":"ListItem","position":1,"name":"Kezd\u0151lap","item":"https:\/\/gulyacsarda.hu\/"},{"@type":"ListItem","position":2,"name":"Kos\u00e1r"}]},{"@type":"WebSite","@id":"https:\/\/gulyacsarda.hu\/#website","url":"https:\/\/gulyacsarda.hu\/","name":"Gulya cs\u00e1rda","description":"A balatonszentgy\u00f6rgyi Gulya cs\u00e1rda \u00e9tterem weboldala","publisher":{"@id":"https:\/\/gulyacsarda.hu\/#organization"},"potentialAction":[{"@type":"SearchAction","target":{"@type":"EntryPoint","urlTemplate":"https:\/\/gulyacsarda.hu\/?s={search_term_string}"},"query-input":{"@type":"PropertyValueSpecification","valueRequired":true,"valueName":"search_term_string"}}],"inLanguage":"hu"},{"@type":"Organization","@id":"https:\/\/gulyacsarda.hu\/#organization","name":"Gulya cs\u00e1rda","url":"https:\/\/gulyacsarda.hu\/","logo":{"@type":"ImageObject","inLanguage":"hu","@id":"https:\/\/gulyacsarda.hu\/#\/schema\/logo\/image\/","url":"https:\/\/gulyacsarda.hu\/wp-content\/uploads\/2020\/09\/logo1-color.jpg","contentUrl":"https:\/\/gulyacsarda.hu\/wp-content\/uploads\/2020\/09\/logo1-color.jpg","width":2236,"height":1177,"caption":"Gulya cs\u00e1rda"},"image":{"@id":"https:\/\/gulyacsarda.hu\/#\/schema\/logo\/image\/"},"sameAs":["https:\/\/www.facebook.com\/Gulya-Cs\u00e1rda-1456080467951366\/?ref=br_rs","https:\/\/www.instagram.com\/gulyacsarda\/?hl=hu"]}]}},"_links":{"self":[{"href":"https:\/\/gulyacsarda.hu\/index.php\/wp-json\/wp\/v2\/pages\/2683","targetHints":{"allow":["GET"]}}],"collection":[{"href":"https:\/\/gulyacsarda.hu\/index.php\/wp-json\/wp\/v2\/pages"}],"about":[{"href":"https:\/\/gulyacsarda.hu\/index.php\/wp-json\/wp\/v2\/types\/page"}],"author":[{"embeddable":true,"href":"https:\/\/gulyacsarda.hu\/index.php\/wp-json\/wp\/v2\/users\/1"}],"replies":[{"embeddable":true,"href":"https:\/\/gulyacsarda.hu\/index.php\/wp-json\/wp\/v2\/comments?post=2683"}],"version-history":[{"count":0,"href":"https:\/\/gulyacsarda.hu\/index.php\/wp-json\/wp\/v2\/pages\/2683\/revisions"}],"wp:attachment":[{"href":"https:\/\/gulyacsarda.hu\/index.php\/wp-json\/wp\/v2\/media?parent=2683"}],"curies":[{"name":"wp","href":"https:\/\/api.w.org\/{rel}","templated":true}]}}