{"id":438,"date":"2020-09-28T15:45:58","date_gmt":"2020-09-28T13:45:58","guid":{"rendered":"https:\/\/wp.gulyacsarda.hu\/?page_id=438"},"modified":"2025-07-12T09:33:40","modified_gmt":"2025-07-12T08:33:40","slug":"desszertek","status":"publish","type":"page","link":"https:\/\/gulyacsarda.hu\/index.php\/desszertek\/","title":{"rendered":"Desszertek"},"content":{"rendered":"<p>[et_pb_section fb_built=&#8221;1&#8243; next_background_color=&#8221;#ffffff&#8221; admin_label=&#8221;Header&#8221; _builder_version=&#8221;4.16&#8243; background_color=&#8221;#34545a&#8221; background_image=&#8221;https:\/\/gulyacsarda.hu\/wp-content\/uploads\/2020\/09\/images.jpg&#8221; custom_margin=&#8221;||||false&#8221; custom_padding=&#8221;9vw||9vw||true|false&#8221; bottom_divider_style=&#8221;curve&#8221; bottom_divider_height=&#8221;6vw&#8221; global_colors_info=&#8221;{}&#8221;][et_pb_row _builder_version=&#8221;4.16&#8243; background_enable_image=&#8221;off&#8221; background_size=&#8221;contain&#8221; custom_padding=&#8221;32px|||||&#8221; animation_style=&#8221;zoom&#8221; animation_intensity_zoom=&#8221;10%&#8221; global_colors_info=&#8221;{}&#8221;][et_pb_column type=&#8221;4_4&#8243; _builder_version=&#8221;4.16&#8243; custom_padding=&#8221;|||&#8221; global_colors_info=&#8221;{}&#8221; custom_padding__hover=&#8221;|||&#8221;][et_pb_text _builder_version=&#8221;4.16&#8243; text_font=&#8221;||||||||&#8221; header_font=&#8221;Montserrat|500||on|||||&#8221; header_font_size=&#8221;18px&#8221; header_letter_spacing=&#8221;5px&#8221; header_line_height=&#8221;1.5em&#8221; header_2_font=&#8221;Merriweather|||on|||||&#8221; header_2_font_size=&#8221;78px&#8221; header_2_letter_spacing=&#8221;10px&#8221; header_2_line_height=&#8221;1.4em&#8221; text_orientation=&#8221;center&#8221; background_layout=&#8221;dark&#8221; min_height=&#8221;127px&#8221; header_font_size_tablet=&#8221;&#8221; header_font_size_phone=&#8221;12px&#8221; header_font_size_last_edited=&#8221;on|desktop&#8221; header_2_font_size_tablet=&#8221;50px&#8221; header_2_font_size_phone=&#8221;30px&#8221; header_2_font_size_last_edited=&#8221;on|desktop&#8221; header_2_text_shadow_style=&#8221;preset4&#8243; global_colors_info=&#8221;{}&#8221;]<\/p>\n<h2><span style=\"color: #ffffff\"><strong>DESSZERTEK<\/strong><\/span><\/h2>\n<p>[\/et_pb_text][\/et_pb_column][\/et_pb_row][\/et_pb_section][et_pb_section fb_built=&#8221;1&#8243; _builder_version=&#8221;4.16&#8243; _module_preset=&#8221;default&#8221; custom_padding=&#8221;25px||23px|||&#8221; global_colors_info=&#8221;{}&#8221;][et_pb_row _builder_version=&#8221;4.16&#8243; _module_preset=&#8221;default&#8221; custom_padding=&#8221;||5px|||&#8221; global_colors_info=&#8221;{}&#8221;][et_pb_column type=&#8221;4_4&#8243; _builder_version=&#8221;4.16&#8243; _module_preset=&#8221;default&#8221; global_colors_info=&#8221;{}&#8221;][et_pb_testimonial portrait_url=&#8221;https:\/\/gulyacsarda.hu\/wp-content\/uploads\/2020\/09\/forint.jpg&#8221; quote_icon=&#8221;off&#8221; quote_icon_color=&#8221;#ff0000&#8243; content_tablet=&#8221;<\/p>\n<h3><span style=%22color: #ff0000;%22><strong>\u00c1raink forintban \u00e9rtend\u0151k \u00e9s tartalmazz\u00e1k az \u00c1FA-t.<\/strong><\/span><\/h3>\n<h3><span style=%22color: #ff0000;%22><strong>Szervizd\u00edjat nem sz\u00e1molunk fel.<\/strong><\/span><\/h3>\n<h3><span style=%22color: #ff0000;%22><strong>Kisadag \u00e9teleinket 70%-os \u00e1ron sz\u00e1m\u00edtjuk fel!<\/strong><\/span><\/h3>\n<h3><strong><span style=%22color: #ff0000;%22>Csomagol\u00e1s: 200 Ft \/ doboz<\/span><\/strong><\/h3>\n<p><span style=%22color: #ff0000;%22>A z\u00e1r\u00f3jelben l\u00e9v\u0151 sz\u00e1mok az allerg\u00e9n \u00f6sszetev\u0151k azonos\u00edt\u00e1s\u00e1ra szolg\u00e1lnak. Ezek list\u00e1ja az oldal aj\u00e1n tal\u00e1lhat\u00f3!<\/span><\/p>\n<p>&#8221; content_phone=&#8221;<\/p>\n<h4><span style=%22color: #ff0000;%22><strong>\u00c1raink forintban \u00e9rtend\u0151k \u00e9s tartalmazz\u00e1k az \u00c1FA-t.<\/strong><\/span><\/h4>\n<h4><span style=%22color: #ff0000;%22><strong>Szervizd\u00edjat nem sz\u00e1molunk fel.<\/strong><\/span><\/h4>\n<h4><span style=%22color: #ff0000;%22><strong>Kisadag \u00e9teleinket 70%-os \u00e1ron sz\u00e1m\u00edtjuk fel!<\/strong><\/span><\/h4>\n<h4><strong><span style=%22color: #ff0000;%22>Csomagol\u00e1s: 200 Ft \/ doboz<\/span><\/strong><\/h4>\n<p><span style=%22color: #ff0000;%22>A z\u00e1r\u00f3jelben l\u00e9v\u0151 sz\u00e1mok az allerg\u00e9n \u00f6sszetev\u0151k azonos\u00edt\u00e1s\u00e1ra szolg\u00e1lnak. Ezek list\u00e1ja az oldal aj\u00e1n tal\u00e1lhat\u00f3!<\/span><\/p>\n<p>&#8221; content_last_edited=&#8221;on|desktop&#8221; admin_label=&#8221;Aj\u00e1nl\u00e1s&#8221; _builder_version=&#8221;4.21.0&#8243; _module_preset=&#8221;default&#8221; body_font=&#8221;ABeeZee||||||||&#8221; body_font_size=&#8221;17px&#8221; body_letter_spacing=&#8221;2px&#8221; custom_padding=&#8221;18px||16px|||&#8221; border_width_all=&#8221;1px&#8221; box_shadow_style=&#8221;preset1&#8243; global_module=&#8221;425&#8243; global_colors_info=&#8221;{}&#8221; quote_icon_color__hover_enabled=&#8221;off|desktop&#8221;]<\/p>\n<h2><span style=\"color: #ff0000;\"><strong>\u00c1raink forintban \u00e9rtend\u0151k \u00e9s tartalmazz\u00e1k az \u00c1FA-t.<\/strong><\/span><\/h2>\n<h2><span style=\"color: #ff0000;\"><strong>Szervizd\u00edjat nem sz\u00e1molunk fel.<\/strong><\/span><\/h2>\n<h2><span style=\"color: #ff0000;\"><strong>Kisadag \u00e9teleinket 70%-os \u00e1ron sz\u00e1m\u00edtjuk fel!<\/strong><\/span><\/h2>\n<h2><strong><span style=\"color: #ff0000;\">Csomagol\u00e1s: 200 Ft \/ doboz<\/span><\/strong><\/h2>\n<p><span style=\"color: #ff0000;\">A z\u00e1r\u00f3jelben l\u00e9v\u0151 sz\u00e1mok az allerg\u00e9n \u00f6sszetev\u0151k azonos\u00edt\u00e1s\u00e1ra szolg\u00e1lnak. Ezek list\u00e1ja az oldal aj\u00e1n tal\u00e1lhat\u00f3!<\/span><\/p>\n<p>[\/et_pb_testimonial][\/et_pb_column][\/et_pb_row][\/et_pb_section][et_pb_section fb_built=&#8221;1&#8243; admin_label=&#8221;Features&#8221; _builder_version=&#8221;4.16&#8243; custom_padding=&#8221;0px||0px|||&#8221; global_colors_info=&#8221;{}&#8221;][et_pb_row column_structure=&#8221;1_2,1_2&#8243; use_custom_gutter=&#8221;on&#8221; gutter_width=&#8221;4&#8243; _builder_version=&#8221;4.16&#8243; custom_padding=&#8221;0px||16px|||&#8221; global_colors_info=&#8221;{}&#8221;][et_pb_column type=&#8221;1_2&#8243; _builder_version=&#8221;4.16&#8243; custom_padding=&#8221;|||&#8221; global_colors_info=&#8221;{}&#8221; custom_padding__hover=&#8221;|||&#8221;][et_pb_text _builder_version=&#8221;4.27.4&#8243; text_font=&#8221;||||||||&#8221; text_line_height=&#8221;2em&#8221; header_font=&#8221;||||||||&#8221; header_2_font=&#8221;Merriweather|700|||||||&#8221; header_2_font_size=&#8221;36px&#8221; header_2_line_height=&#8221;1.6em&#8221; custom_margin=&#8221;16px|||||&#8221; hover_enabled=&#8221;0&#8243; header_2_font_size_tablet=&#8221;&#8221; header_2_font_size_phone=&#8221;20px&#8221; header_2_font_size_last_edited=&#8221;on|phone&#8221; global_colors_info=&#8221;{}&#8221; sticky_enabled=&#8221;0&#8243;]<\/p>\n<p><strong>T\u00far\u00f3gomb\u00f3c tejf\u00f6l\u00f6sen <em>(helyben k\u00e9sz\u00fcl \u2013 elk\u00e9sz\u00edt\u00e9si id\u0151: min. 20 perc)<\/em><\/strong> (1, 3, 7) 2.190 Ft<\/p>\n<p><strong>T\u00far\u00f3gomb\u00f3c gy\u00fcm\u00f6lcsm\u00e1rt\u00e1ssal <em>(helyben k\u00e9sz\u00fcl \u2013 elk\u00e9sz\u00edt\u00e9si id\u0151: min. 20 perc)<\/em><\/strong> (1, 3, 7, 12) 1.890 Ft<\/p>\n<p><strong>\u201eGulya\u201d palacsinta 2 db <em>(m\u00e1k, lekv\u00e1r, csokol\u00e1d\u00e9\u00f6ntet)<\/em><\/strong> (1, 3, 7) 1.890 Ft<\/p>\n<p><strong>Szentgy\u00f6rgyi palacsinta 2 db <em>(mazsol\u00e1s t\u00far\u00f3kr\u00e9m, van\u00edlia\u00f6ntet)<\/em><\/strong> (1, 3, 7) 1.890 Ft<\/p>\n<p><strong>\u00c1fony\u00e1s-van\u00edli\u00e1s palacsinta 2 db<\/strong> (1, 3, 7) 1.690 Ft<\/p>\n<p><strong>\u00cdzes palacsinta 2 db<\/strong> (1, 3, 7) 1.190 Ft<\/p>\n<p><strong>Gundel palacsinta 2 db <em>(mazsol\u00e1s-rumos di\u00f3kr\u00e9m, csokol\u00e1d\u00e9\u00f6ntet)<\/em><\/strong> (1, 3, 7, 8) 1.890 Ft<\/p>\n<p><strong>T\u00far\u00f3s palacsinta 2 db<\/strong> (1, 3, 7) 1.690 Ft<\/p>\n<p><strong>Kaka\u00f3s palacsinta 2 db<\/strong> (1, 3, 7) 1.190 Ft<\/p>\n<p><strong>Gesztenyep\u00fcr\u00e9<\/strong> (7) 1.690 Ft<\/p>\n<p><strong>Mogyor\u00f3kr\u00e9mes palacsinta 2 db<\/strong> (1, 3, 5, 7) 1.690 Ft<\/p>\n<p>[\/et_pb_text][\/et_pb_column][et_pb_column type=&#8221;1_2&#8243; _builder_version=&#8221;4.16&#8243; _module_preset=&#8221;default&#8221; global_colors_info=&#8221;{}&#8221;][et_pb_image src=&#8221;https:\/\/gulyacsarda.hu\/wp-content\/uploads\/2020\/09\/pali.jpg&#8221; title_text=&#8221;pali&#8221; _builder_version=&#8221;4.16&#8243; _module_preset=&#8221;default&#8221; global_colors_info=&#8221;{}&#8221;][\/et_pb_image][\/et_pb_column][\/et_pb_row][\/et_pb_section][et_pb_section fb_built=&#8221;1&#8243; _builder_version=&#8221;4.21.0&#8243; _module_preset=&#8221;default&#8221; global_colors_info=&#8221;{}&#8221;][et_pb_row _builder_version=&#8221;4.21.0&#8243; _module_preset=&#8221;default&#8221; global_colors_info=&#8221;{}&#8221;][et_pb_column type=&#8221;4_4&#8243; _builder_version=&#8221;4.21.0&#8243; _module_preset=&#8221;default&#8221; global_colors_info=&#8221;{}&#8221;][et_pb_text _builder_version=&#8221;4.21.0&#8243; _module_preset=&#8221;default&#8221; background_color=&#8221;rgba(255,243,216,0.4)&#8221; custom_margin=&#8221;-3px||||false|false&#8221; custom_padding=&#8221;24px|27px|25px|27px|false|false&#8221; global_module=&#8221;2226&#8243; saved_tabs=&#8221;all&#8221; global_colors_info=&#8221;{}&#8221;]<\/p>\n<p style=\"text-align: center;\">ALLERG\u00c9N \u00c9LELMISZER \u00d6SSZETEV\u0150K LIST\u00c1JA<\/p>\n<p>1. Glut\u00e9nt tartalmaz\u00f3 gabona (b\u00faza, rozs, \u00e1rpa, zab, t\u00f6nk\u00f6ly, kamut-b\u00faza vagy ezek hibrid v\u00e1ltozatai) \u00e9s azokb\u00f3l k\u00e9sz\u00fclt term\u00e9kek, kiv\u00e9ve<br \/>a) b\u00faz\u00e1b\u00f3l k\u00e9sz\u00fclt gl\u00fck\u00f3zszirup, bele\u00e9rtve a dextr\u00f3zt is(*)<br \/>b) b\u00faz\u00e1b\u00f3l k\u00e9sz\u00fclt maltodextrin(*)<br \/>c) \u00e1rp\u00e1b\u00f3l k\u00e9sz\u00fclt gl\u00fck\u00f3zszirup,<br \/>d) gabonaf\u00e9l\u00e9k, amelyb\u0151l k\u00e9sz\u00fclt p\u00e1rlatot vagy mez\u0151gazdas\u00e1gi eredet\u0171 etilalkoholt szeszes italok vagy egy\u00e9b alkoholtartalm\u00fa italok k\u00e9sz\u00edt\u00e9s\u00e9hez haszn\u00e1lj\u00e1k.<\/p>\n<p>2. R\u00e1kf\u00e9l\u00e9k \u00e9s azokb\u00f3l k\u00e9sz\u00fclt term\u00e9kek.<\/p>\n<p>3. Toj\u00e1s \u00e9s abb\u00f3l k\u00e9sz\u00fclt term\u00e9kek.<\/p>\n<p>4. Halak \u00e9s azokb\u00f3l k\u00e9sz\u00fclt term\u00e9kek, kiv\u00e9ve<br \/>a) vitaminok vagy karotinoidok hordoz\u00f3jak\u00e9nt haszn\u00e1lt halenyv,<br \/>b) a s\u00f6r \u00e9s a bor der\u00edt\u00e9s\u00e9hez haszn\u00e1lt halenyv \u00e9s vizah\u00f3lyag.<\/p>\n<p>5. F\u00f6ldimogyor\u00f3 \u00e9s abb\u00f3l k\u00e9sz\u00fclt term\u00e9kek.<\/p>\n<p>6. Sz\u00f3jabab \u00e9s abb\u00f3l k\u00e9sz\u00fclt term\u00e9kek, kiv\u00e9ve<br \/>a) finom\u00edtott sz\u00f3jabab olaj \u00e9s zs\u00edr(*)<br \/>b) sz\u00f3jababb\u00f3l sz\u00e1rmaz\u00f3 term\u00e9szetes vegyes tokoferolok (E 306), term\u00e9szetes D-alfa tokoferol, term\u00e9szetes D-alfa tokoferol-acet\u00e1t, term\u00e9szetes D-alfa tokoferol szukcin\u00e1t,<br \/>c) a sz\u00f3jabab n\u00f6v\u00e9nyi olaj\u00e1b\u00f3l nyert fitoszterolok \u00e9s fitoszterol \u00e9szterek,<br \/>d) a sz\u00f3jabab n\u00f6v\u00e9nyi olaj\u00e1b\u00f3l nyert szterolokb\u00f3l el\u0151\u00e1ll\u00edtott fitosztanol-\u00e9szter.<\/p>\n<p>7. Tej \u00e9s abb\u00f3l k\u00e9sz\u00fclt term\u00e9kek (bele\u00e9rtve a lakt\u00f3zt is), kiv\u00e9ve<br \/>a) tejsav\u00f3, amelyb\u0151l k\u00e9sz\u00fclt p\u00e1rlatot vagy mez\u0151gazdas\u00e1gi eredet\u0171 etilalkoholt szeszes italok vagy egy\u00e9b alkoholtartalm\u00fa italok k\u00e9sz\u00edt\u00e9s\u00e9hez haszn\u00e1lj\u00e1k,<br \/>b) laktit.<\/p>\n<p>8. Di\u00f3f\u00e9l\u00e9k, azaz mandula (Amygdalus communis L.), mogyor\u00f3 (Corylus avellana), di\u00f3 (Juglans regia), kesudi\u00f3 (Anacardium occidentale), pek\u00e1ndi\u00f3 [Carya illinoiesis (Wangenh.) K. Koch], brazil di\u00f3 (Bertholletia excelsa), piszt\u00e1cia (Pistacia vera), makad\u00e1mia \u00e9s queenslandi di\u00f3 (Macadamia ternifolia) \u00e9s azokb\u00f3l k\u00e9sz\u00fclt term\u00e9kek, kiv\u00e9ve<br \/>a) di\u00f3f\u00e9l\u00e9k, amelyb\u0151l k\u00e9sz\u00fclt p\u00e1rlatot vagy mez\u0151gazdas\u00e1gi eredet\u0171 etilalkoholt szeszes italok vagy egy\u00e9b alkoholtartalm\u00fa italok k\u00e9sz\u00edt\u00e9s\u00e9hez haszn\u00e1lj\u00e1k.<\/p>\n<p>9. Zeller \u00e9s abb\u00f3l k\u00e9sz\u00fclt term\u00e9kek.<\/p>\n<p>10. Must\u00e1r \u00e9s abb\u00f3l k\u00e9sz\u00fclt term\u00e9kek.<\/p>\n<p>11. Szez\u00e1mmag \u00e9s abb\u00f3l k\u00e9sz\u00fclt term\u00e9kek.<\/p>\n<p>12. K\u00e9n-dioxid \u00e9s SO2 -ben kifejezett szulfitok 10 mg\/kg, illetve 10 mg\/liter koncentr\u00e1ci\u00f3t meghalad\u00f3 mennyis\u00e9gben.<\/p>\n<p>13. Csillagf\u00fcrt \u00e9s abb\u00f3l k\u00e9sz\u00fclt term\u00e9kek.<\/p>\n<p>14. Puhatest\u0171ek \u00e9s abb\u00f3l k\u00e9sz\u00fclt term\u00e9kek.<\/p>\n<p>[\/et_pb_text][\/et_pb_column][\/et_pb_row][\/et_pb_section]<\/p>\n","protected":false},"excerpt":{"rendered":"<p>\u00c9tlap<\/p>\n","protected":false},"author":1,"featured_media":0,"parent":0,"menu_order":0,"comment_status":"closed","ping_status":"closed","template":"","meta":{"_et_pb_use_builder":"on","_et_pb_old_content":"","_et_gb_content_width":"","footnotes":""},"class_list":["post-438","page","type-page","status-publish","hentry"],"yoast_head":"<!-- This site is optimized with the Yoast SEO plugin v26.8 - https:\/\/yoast.com\/product\/yoast-seo-wordpress\/ -->\n<title>Desszertek - Gulya cs\u00e1rda<\/title>\n<meta name=\"robots\" content=\"index, follow, max-snippet:-1, max-image-preview:large, max-video-preview:-1\" \/>\n<link rel=\"canonical\" href=\"https:\/\/gulyacsarda.hu\/index.php\/desszertek\/\" \/>\n<meta property=\"og:locale\" content=\"hu_HU\" \/>\n<meta property=\"og:type\" content=\"article\" \/>\n<meta property=\"og:title\" content=\"Desszertek - Gulya cs\u00e1rda\" \/>\n<meta property=\"og:description\" content=\"\u00c9tlap\" \/>\n<meta property=\"og:url\" content=\"https:\/\/gulyacsarda.hu\/index.php\/desszertek\/\" \/>\n<meta property=\"og:site_name\" content=\"Gulya cs\u00e1rda\" \/>\n<meta property=\"article:publisher\" content=\"https:\/\/www.facebook.com\/Gulya-Cs%c3%a1rda-1456080467951366\/?ref=br_rs\" \/>\n<meta property=\"article:modified_time\" content=\"2025-07-12T08:33:40+00:00\" \/>\n<meta name=\"twitter:card\" content=\"summary_large_image\" \/>\n<meta name=\"twitter:label1\" content=\"Becs\u00fclt olvas\u00e1si id\u0151\" \/>\n\t<meta name=\"twitter:data1\" content=\"2 perc\" \/>\n<script type=\"application\/ld+json\" class=\"yoast-schema-graph\">{\"@context\":\"https:\/\/schema.org\",\"@graph\":[{\"@type\":\"WebPage\",\"@id\":\"https:\/\/gulyacsarda.hu\/index.php\/desszertek\/\",\"url\":\"https:\/\/gulyacsarda.hu\/index.php\/desszertek\/\",\"name\":\"Desszertek - Gulya cs\u00e1rda\",\"isPartOf\":{\"@id\":\"https:\/\/gulyacsarda.hu\/#website\"},\"datePublished\":\"2020-09-28T13:45:58+00:00\",\"dateModified\":\"2025-07-12T08:33:40+00:00\",\"breadcrumb\":{\"@id\":\"https:\/\/gulyacsarda.hu\/index.php\/desszertek\/#breadcrumb\"},\"inLanguage\":\"hu\",\"potentialAction\":[{\"@type\":\"ReadAction\",\"target\":[\"https:\/\/gulyacsarda.hu\/index.php\/desszertek\/\"]}]},{\"@type\":\"BreadcrumbList\",\"@id\":\"https:\/\/gulyacsarda.hu\/index.php\/desszertek\/#breadcrumb\",\"itemListElement\":[{\"@type\":\"ListItem\",\"position\":1,\"name\":\"Kezd\u0151lap\",\"item\":\"https:\/\/gulyacsarda.hu\/\"},{\"@type\":\"ListItem\",\"position\":2,\"name\":\"Desszertek\"}]},{\"@type\":\"WebSite\",\"@id\":\"https:\/\/gulyacsarda.hu\/#website\",\"url\":\"https:\/\/gulyacsarda.hu\/\",\"name\":\"Gulya cs\u00e1rda\",\"description\":\"A balatonszentgy\u00f6rgyi Gulya cs\u00e1rda \u00e9tterem weboldala\",\"publisher\":{\"@id\":\"https:\/\/gulyacsarda.hu\/#organization\"},\"potentialAction\":[{\"@type\":\"SearchAction\",\"target\":{\"@type\":\"EntryPoint\",\"urlTemplate\":\"https:\/\/gulyacsarda.hu\/?s={search_term_string}\"},\"query-input\":{\"@type\":\"PropertyValueSpecification\",\"valueRequired\":true,\"valueName\":\"search_term_string\"}}],\"inLanguage\":\"hu\"},{\"@type\":\"Organization\",\"@id\":\"https:\/\/gulyacsarda.hu\/#organization\",\"name\":\"Gulya cs\u00e1rda\",\"url\":\"https:\/\/gulyacsarda.hu\/\",\"logo\":{\"@type\":\"ImageObject\",\"inLanguage\":\"hu\",\"@id\":\"https:\/\/gulyacsarda.hu\/#\/schema\/logo\/image\/\",\"url\":\"https:\/\/gulyacsarda.hu\/wp-content\/uploads\/2020\/09\/logo1-color.jpg\",\"contentUrl\":\"https:\/\/gulyacsarda.hu\/wp-content\/uploads\/2020\/09\/logo1-color.jpg\",\"width\":2236,\"height\":1177,\"caption\":\"Gulya cs\u00e1rda\"},\"image\":{\"@id\":\"https:\/\/gulyacsarda.hu\/#\/schema\/logo\/image\/\"},\"sameAs\":[\"https:\/\/www.facebook.com\/Gulya-Cs\u00e1rda-1456080467951366\/?ref=br_rs\",\"https:\/\/www.instagram.com\/gulyacsarda\/?hl=hu\"]}]}<\/script>\n<!-- \/ Yoast SEO plugin. -->","yoast_head_json":{"title":"Desszertek - Gulya cs\u00e1rda","robots":{"index":"index","follow":"follow","max-snippet":"max-snippet:-1","max-image-preview":"max-image-preview:large","max-video-preview":"max-video-preview:-1"},"canonical":"https:\/\/gulyacsarda.hu\/index.php\/desszertek\/","og_locale":"hu_HU","og_type":"article","og_title":"Desszertek - Gulya cs\u00e1rda","og_description":"\u00c9tlap","og_url":"https:\/\/gulyacsarda.hu\/index.php\/desszertek\/","og_site_name":"Gulya cs\u00e1rda","article_publisher":"https:\/\/www.facebook.com\/Gulya-Cs%c3%a1rda-1456080467951366\/?ref=br_rs","article_modified_time":"2025-07-12T08:33:40+00:00","twitter_card":"summary_large_image","twitter_misc":{"Becs\u00fclt olvas\u00e1si id\u0151":"2 perc"},"schema":{"@context":"https:\/\/schema.org","@graph":[{"@type":"WebPage","@id":"https:\/\/gulyacsarda.hu\/index.php\/desszertek\/","url":"https:\/\/gulyacsarda.hu\/index.php\/desszertek\/","name":"Desszertek - Gulya cs\u00e1rda","isPartOf":{"@id":"https:\/\/gulyacsarda.hu\/#website"},"datePublished":"2020-09-28T13:45:58+00:00","dateModified":"2025-07-12T08:33:40+00:00","breadcrumb":{"@id":"https:\/\/gulyacsarda.hu\/index.php\/desszertek\/#breadcrumb"},"inLanguage":"hu","potentialAction":[{"@type":"ReadAction","target":["https:\/\/gulyacsarda.hu\/index.php\/desszertek\/"]}]},{"@type":"BreadcrumbList","@id":"https:\/\/gulyacsarda.hu\/index.php\/desszertek\/#breadcrumb","itemListElement":[{"@type":"ListItem","position":1,"name":"Kezd\u0151lap","item":"https:\/\/gulyacsarda.hu\/"},{"@type":"ListItem","position":2,"name":"Desszertek"}]},{"@type":"WebSite","@id":"https:\/\/gulyacsarda.hu\/#website","url":"https:\/\/gulyacsarda.hu\/","name":"Gulya cs\u00e1rda","description":"A balatonszentgy\u00f6rgyi Gulya cs\u00e1rda \u00e9tterem weboldala","publisher":{"@id":"https:\/\/gulyacsarda.hu\/#organization"},"potentialAction":[{"@type":"SearchAction","target":{"@type":"EntryPoint","urlTemplate":"https:\/\/gulyacsarda.hu\/?s={search_term_string}"},"query-input":{"@type":"PropertyValueSpecification","valueRequired":true,"valueName":"search_term_string"}}],"inLanguage":"hu"},{"@type":"Organization","@id":"https:\/\/gulyacsarda.hu\/#organization","name":"Gulya cs\u00e1rda","url":"https:\/\/gulyacsarda.hu\/","logo":{"@type":"ImageObject","inLanguage":"hu","@id":"https:\/\/gulyacsarda.hu\/#\/schema\/logo\/image\/","url":"https:\/\/gulyacsarda.hu\/wp-content\/uploads\/2020\/09\/logo1-color.jpg","contentUrl":"https:\/\/gulyacsarda.hu\/wp-content\/uploads\/2020\/09\/logo1-color.jpg","width":2236,"height":1177,"caption":"Gulya cs\u00e1rda"},"image":{"@id":"https:\/\/gulyacsarda.hu\/#\/schema\/logo\/image\/"},"sameAs":["https:\/\/www.facebook.com\/Gulya-Cs\u00e1rda-1456080467951366\/?ref=br_rs","https:\/\/www.instagram.com\/gulyacsarda\/?hl=hu"]}]}},"_links":{"self":[{"href":"https:\/\/gulyacsarda.hu\/index.php\/wp-json\/wp\/v2\/pages\/438","targetHints":{"allow":["GET"]}}],"collection":[{"href":"https:\/\/gulyacsarda.hu\/index.php\/wp-json\/wp\/v2\/pages"}],"about":[{"href":"https:\/\/gulyacsarda.hu\/index.php\/wp-json\/wp\/v2\/types\/page"}],"author":[{"embeddable":true,"href":"https:\/\/gulyacsarda.hu\/index.php\/wp-json\/wp\/v2\/users\/1"}],"replies":[{"embeddable":true,"href":"https:\/\/gulyacsarda.hu\/index.php\/wp-json\/wp\/v2\/comments?post=438"}],"version-history":[{"count":18,"href":"https:\/\/gulyacsarda.hu\/index.php\/wp-json\/wp\/v2\/pages\/438\/revisions"}],"predecessor-version":[{"id":3044,"href":"https:\/\/gulyacsarda.hu\/index.php\/wp-json\/wp\/v2\/pages\/438\/revisions\/3044"}],"wp:attachment":[{"href":"https:\/\/gulyacsarda.hu\/index.php\/wp-json\/wp\/v2\/media?parent=438"}],"curies":[{"name":"wp","href":"https:\/\/api.w.org\/{rel}","templated":true}]}}