{"id":455,"date":"2023-03-13T21:15:29","date_gmt":"2023-03-13T20:15:29","guid":{"rendered":"https:\/\/wp.gulyacsarda.hu\/?page_id=455"},"modified":"2023-07-20T16:30:23","modified_gmt":"2023-07-20T15:30:23","slug":"pizzak-helyben","status":"publish","type":"page","link":"https:\/\/gulyacsarda.hu\/index.php\/pizzak-helyben\/","title":{"rendered":"Pizz\u00e1k, lep\u00e9nyek (helyben)"},"content":{"rendered":"<p>[et_pb_section fb_built=&#8221;1&#8243; next_background_color=&#8221;#ffffff&#8221; admin_label=&#8221;Header&#8221; _builder_version=&#8221;4.16&#8243; background_color=&#8221;#34545a&#8221; background_image=&#8221;https:\/\/gulyacsarda.hu\/wp-content\/uploads\/2020\/09\/IMG_20200929_191420-scaled.jpg&#8221; custom_margin=&#8221;||||false&#8221; custom_padding=&#8221;9vw||9vw||true|false&#8221; filter_saturate=&#8221;176%&#8221; filter_contrast=&#8221;120%&#8221; bottom_divider_style=&#8221;curve&#8221; bottom_divider_height=&#8221;6vw&#8221; global_colors_info=&#8221;{}&#8221;][et_pb_row _builder_version=&#8221;4.16&#8243; background_enable_image=&#8221;off&#8221; background_size=&#8221;contain&#8221; custom_padding=&#8221;32px|||||&#8221; animation_style=&#8221;zoom&#8221; animation_intensity_zoom=&#8221;10%&#8221; global_colors_info=&#8221;{}&#8221;][et_pb_column type=&#8221;4_4&#8243; _builder_version=&#8221;4.16&#8243; custom_padding=&#8221;|||&#8221; global_colors_info=&#8221;{}&#8221; custom_padding__hover=&#8221;|||&#8221;][et_pb_text _builder_version=&#8221;4.16&#8243; text_font=&#8221;||||||||&#8221; header_font=&#8221;Montserrat|500||on|||||&#8221; header_font_size=&#8221;18px&#8221; header_letter_spacing=&#8221;5px&#8221; header_line_height=&#8221;1.5em&#8221; header_2_font=&#8221;Merriweather|||on|||||&#8221; header_2_font_size=&#8221;87px&#8221; header_2_letter_spacing=&#8221;5px&#8221; header_2_line_height=&#8221;1.4em&#8221; text_orientation=&#8221;center&#8221; background_layout=&#8221;dark&#8221; min_height=&#8221;127px&#8221; header_font_size_tablet=&#8221;&#8221; header_font_size_phone=&#8221;12px&#8221; header_font_size_last_edited=&#8221;on|desktop&#8221; header_2_font_size_tablet=&#8221;50px&#8221; header_2_font_size_phone=&#8221;30px&#8221; header_2_font_size_last_edited=&#8221;on|desktop&#8221; header_2_text_shadow_style=&#8221;preset4&#8243; header_2_text_shadow_blur_strength=&#8221;0.03em&#8221; global_colors_info=&#8221;{}&#8221;]<\/p>\n<h2>PIZZ\u00c1K, lep\u00e9nyek<\/h2>\n<p>[\/et_pb_text][\/et_pb_column][\/et_pb_row][\/et_pb_section][et_pb_section fb_built=&#8221;1&#8243; admin_label=&#8221;Features&#8221; _builder_version=&#8221;4.16&#8243; custom_padding=&#8221;||0px|||&#8221; global_colors_info=&#8221;{}&#8221;][et_pb_row column_structure=&#8221;1_2,1_2&#8243; use_custom_gutter=&#8221;on&#8221; gutter_width=&#8221;4&#8243; _builder_version=&#8221;4.16&#8243; custom_padding=&#8221;||16px|||&#8221; global_colors_info=&#8221;{}&#8221;][et_pb_column type=&#8221;1_2&#8243; _builder_version=&#8221;4.16&#8243; custom_padding=&#8221;|||&#8221; global_colors_info=&#8221;{}&#8221; custom_padding__hover=&#8221;|||&#8221;][et_pb_blurb title=&#8221;Figyelem!&#8221; image=&#8221;https:\/\/gulyacsarda.hu\/wp-content\/uploads\/2020\/09\/pizza_ic.png&#8221; icon_placement=&#8221;left&#8221; image_icon_width=&#8221;80px&#8221; image_icon_width_tablet=&#8221;60px&#8221; image_icon_width_phone=&#8221;60px&#8221; image_icon_width_last_edited=&#8221;on|tablet&#8221; _builder_version=&#8221;4.16&#8243; header_font=&#8221;Merriweather|700|||||||&#8221; header_line_height=&#8221;1.8em&#8221; body_line_height=&#8221;2em&#8221; background_color=&#8221;#ffffff&#8221; custom_padding=&#8221;30px|30px|30px|30px|true|true&#8221; animation_style=&#8221;zoom&#8221; animation_intensity_zoom=&#8221;10%&#8221; border_radii=&#8221;on|10px|10px|10px|10px&#8221; border_radii_image=&#8221;on|156px|156px|156px|156px&#8221; border_color_all_image=&#8221;rgba(224,43,32,0)&#8221; box_shadow_style=&#8221;preset1&#8243; box_shadow_vertical=&#8221;10px&#8221; box_shadow_blur=&#8221;60px&#8221; box_shadow_color=&#8221;rgba(1,33,92,0.1)&#8221; box_shadow_style_image=&#8221;preset1&#8243; box_shadow_color_image=&#8221;#b2b2b2&#8243; image_max_width=&#8221;80px&#8221; image_max_width_tablet=&#8221;60px&#8221; image_max_width_phone=&#8221;&#8221; image_max_width_last_edited=&#8221;on|tablet&#8221; global_colors_info=&#8221;{}&#8221;]<\/p>\n<p><span style=\"font-size: 14px;\">Az ezen az oldalon szerepl\u0151 pizza k\u00edn\u00e1lat \u00e9s \u00e1rak csak helyben (\u00e9tteremben) fogyaszt\u00e1s eset\u00e9re \u00e9rtend\u0151ek!<\/span><\/p>\n<p>Amennyiben kisz\u00e1ll\u00edt\u00e1st szeretne, <a href=\"index.php\/pizzak\/\">kattintson ide<\/a>!<span style=\"font-size: 14px;\"><\/span><\/p>\n<p><span style=\"font-size: 14px;\"><\/span><\/p>\n<p>[\/et_pb_blurb][et_pb_text _builder_version=&#8221;4.21.0&#8243; _module_preset=&#8221;default&#8221; global_colors_info=&#8221;{}&#8221;]<\/p>\n<h2 style=\"text-align: center;\"><strong>LEP\u00c9NYEK<\/strong><\/h2>\n<p><strong>Csirk\u00e9s<\/strong> (1, 7, 9) 3.790 Ft<\/p>\n<p><strong>Cs\u00fclk\u00f6s<\/strong> (1, 7, 9) 3.790 Ft<\/p>\n<p>[\/et_pb_text][\/et_pb_column][et_pb_column type=&#8221;1_2&#8243; _builder_version=&#8221;4.16&#8243; custom_padding=&#8221;40px|||&#8221; custom_padding_tablet=&#8221;0px|||&#8221; custom_padding_last_edited=&#8221;off|desktop&#8221; global_colors_info=&#8221;{}&#8221; custom_padding__hover=&#8221;|||&#8221;][et_pb_text _builder_version=&#8221;4.21.0&#8243; text_font=&#8221;||||||||&#8221; text_line_height=&#8221;2em&#8221; header_font=&#8221;||||||||&#8221; header_2_font=&#8221;Merriweather|700|||||||&#8221; header_2_font_size=&#8221;36px&#8221; header_2_line_height=&#8221;1.6em&#8221; custom_margin=&#8221;-36px|||||&#8221; header_2_font_size_tablet=&#8221;&#8221; header_2_font_size_phone=&#8221;20px&#8221; header_2_font_size_last_edited=&#8221;on|phone&#8221; global_colors_info=&#8221;{}&#8221;]<\/p>\n<h2 style=\"text-align: center;\"><strong>PIZZ\u00c1K<\/strong><\/h2>\n<p style=\"text-align: left;\"><strong>1. Magyaros pizza <em>(kolb\u00e1sz, hagyma, sonka, szalonna, paprika &#8211; k\u00e9r\u00e9sre cs\u00edp\u0151s -, sajt)<\/em><\/strong> (1, 7) 3.490 Ft<\/p>\n<p><strong>2. Pizza\u00a0 Margherita <em>(paradicsomsz\u00f3sz, sajt)<\/em><\/strong><em> <\/em>(1, 7)\u00a02.650 Ft<\/p>\n<p><strong>3. Pizza 4 Formaggio<em> (paradicsomsz\u00f3sz, mozarella, trappista, f\u00fcst\u00f6lt, m\u00e1rv\u00e1ny sajt)<\/em><\/strong>(1, 7) 3.490 Ft<\/p>\n<p><strong>4. Pizza Salami <em>(paradicsomsz\u00f3sz, sajt, szal\u00e1mi)<\/em><\/strong>(1, 7) 3.490 Ft<\/p>\n<p><strong>5. Pizza Prosciutto<em> (paradicsomsz\u00f3sz, sajt, sonka)<\/em><\/strong><em> <\/em>(1, 7) 3.490 Ft<\/p>\n<p><strong>6. Pizza Dolce Vita <em>(paradicsomsz\u00f3sz, sajt, gomba)<\/em><\/strong> (1, 7) 3.790 Ft<\/p>\n<p><strong>7. Pizza Milano <em>(paradicsomsz\u00f3sz, sajt, sonka, gomba) <\/em><\/strong>(1, 7) 3.490 Ft<\/p>\n<p><strong>8. Pizza Hawaii <em>(paradicsomsz\u00f3sz, sajt, sonka, anan\u00e1sz) <\/em><\/strong>(1, 7) 3.490 Ft<\/p>\n<p><strong>9. Pizza Con Tutto <em>(paradicsomsz\u00f3sz, sajt, sonka, gomba, pepperoni) <\/em><\/strong>(1, 7) 3.490 Ft<\/p>\n<p><strong>10. Pizza Bolognese <em>(paradicsomsz\u00f3sz, sajt, bolognai ragu) <\/em><\/strong>(1, 7, 9) 3.490 Ft<\/p>\n<p><strong>11. Pizza Mamma Rosa <em>(fokhagym\u00e1s tejf\u00f6l, sonka, sajt) <\/em><\/strong>(1, 7) 3.490 Ft<\/p>\n<p><strong>12. Pizza Mexicana <em>(paradicsomsz\u00f3sz, szal\u00e1mi, kukorica, er\u0151s paprika, mozarella sajt) <\/em><\/strong>(1, 7) 3.490 Ft<\/p>\n<p><strong>13. Pizza Livorno <em>(paradicsomsz\u00f3sz, sonka, kukorica, sajt) <\/em><\/strong>(1, 7) 3.490 Ft<\/p>\n<p><strong>14. Pizza Frutti Di Mare <em>(paradicsomsz\u00f3sz, tenger gy\u00fcm\u00f6lcsei, sajt) <\/em><\/strong>(1, 2, 4, 7, 14) 3.490 Ft<\/p>\n<p><strong>15. Pizza Tonno <em>(paradicsomsz\u00f3sz, tonhal, hagyma, paradicsom karika, f\u0151tt toj\u00e1s, sajt)<\/em><\/strong><em> <\/em>(1, 3, 4, 7) 3.490 Ft<\/p>\n<p><strong>16. Pizza Carne <em>(paradicsomsz\u00f3sz, sonka, szal\u00e1mi, kolb\u00e1sz, szalonna, sajt) <\/em><\/strong>(1, 7) 3.790 Ft<\/p>\n<p><strong>17. M\u00e9zes-must\u00e1ros-csirkemelles pizza <em>(paradicsomsz\u00f3sz, p\u00e1colt csirkemell fil\u00e9, hagyma, sajt)<\/em><\/strong> (1, 7, 9, 10) 3.790 Ft<\/p>\n<p><strong>18. Gulya pizza <em>(paradicsomsz\u00f3sz, sonka, szal\u00e1mi, olivabogy\u00f3, feta sajt, hagyma, pepperoni &#8211; k\u00e9r\u00e9sre cs\u00edp\u0151s -, sajt)<\/em><\/strong> (1, 7) 3.790 Ft<\/p>\n<p><strong>19. K\u00edv\u00e1ns\u00e1g-pizza <em>(6 db felt\u00e9t v\u00e1laszthat\u00f3, k\u00edv\u00e1ns\u00e1g szerint) <\/em><\/strong>(1, 7, felt\u00e9tt\u0151l f\u00fcgg\u0151) 3.790 Ft<\/p>\n<p><strong>20. Pizza Carbonara <em>(fokhagym\u00e1s tejf\u00f6l, sonka, gomba, bacon, toj\u00e1s, sajt) <\/em><\/strong>(1, 3, 7, 9) 3.790 Ft<\/p>\n<p><strong>21. H\u00fasim\u00e1d\u00f3 pizza <em>(paradicsomsz\u00f3sz, sonka, szal\u00e1mi, bacon, bolognai ragu, sajt)<\/em><\/strong> (1, 7, 9) 3.790 Ft<\/p>\n<p><strong>22. Pizza Bari <em>(fokhagym\u00e1s tejf\u00f6l, csirkemell fil\u00e9, hagyma, csemege uborka, bacon, sajt) <\/em><\/strong>(1, 7, 9) 3.790 Ft<\/p>\n<p><strong>23. \u201eJ\u00f3ska\u201d pizza <em>(paradicsomsz\u00f3sz, sonka, Bacon, bolognai ragu, gomba, hagyma, szal\u00e1mi, er\u0151s paprika, sajt)<\/em><\/strong> (1, 7, 9) 3.790 Ft<\/p>\n<p><strong>24. \u201eFullos\u201d pizza <em>(paradicsomsz\u00f3sz, sonka, kukorica, z\u00f6ldbors\u00f3, chilis bab, pepperoni, bacon, csirkemell, sajt) <\/em><\/strong>(1, 7, 9) 3.790 Ft<\/p>\n<p><strong>25. Pizza Padova <em>(cs\u00edp\u0151s paradicsomsz\u00f3sz, sonka, kolb\u00e1sz, hagyma, t\u00fck\u00f6rtoj\u00e1s, sajt) <\/em><\/strong>(1, 3, 7) 3.790 Ft<\/p>\n<p><strong>26. Pizza Italiano <em>(paradicsomsz\u00f3sz, f\u00fcst\u00f6lt sonka, paradicsom karika, sajt, rukkola) <\/em><\/strong>(1, 7) 3.790 Ft<\/p>\n<p>[\/et_pb_text][\/et_pb_column][\/et_pb_row][et_pb_row _builder_version=&#8221;4.21.0&#8243; _module_preset=&#8221;default&#8221;][et_pb_column _builder_version=&#8221;4.21.0&#8243; _module_preset=&#8221;default&#8221; type=&#8221;4_4&#8243;][et_pb_text _builder_version=&#8221;4.21.0&#8243; _module_preset=&#8221;default&#8221; background_color=&#8221;rgba(255,243,216,0.4)&#8221; custom_margin=&#8221;-3px||||false|false&#8221; custom_padding=&#8221;24px|27px|25px|27px|false|false&#8221; global_colors_info=&#8221;{}&#8221; global_module=&#8221;2226&#8243; theme_builder_area=&#8221;post_content&#8221;]<\/p>\n<p style=\"text-align: center;\">ALLERG\u00c9N \u00c9LELMISZER \u00d6SSZETEV\u0150K LIST\u00c1JA<\/p>\n<p>1. Glut\u00e9nt tartalmaz\u00f3 gabona (b\u00faza, rozs, \u00e1rpa, zab, t\u00f6nk\u00f6ly, kamut-b\u00faza vagy ezek hibrid v\u00e1ltozatai) \u00e9s azokb\u00f3l k\u00e9sz\u00fclt term\u00e9kek, kiv\u00e9ve<br \/>a) b\u00faz\u00e1b\u00f3l k\u00e9sz\u00fclt gl\u00fck\u00f3zszirup, bele\u00e9rtve a dextr\u00f3zt is(*)<br \/>b) b\u00faz\u00e1b\u00f3l k\u00e9sz\u00fclt maltodextrin(*)<br \/>c) \u00e1rp\u00e1b\u00f3l k\u00e9sz\u00fclt gl\u00fck\u00f3zszirup,<br \/>d) gabonaf\u00e9l\u00e9k, amelyb\u0151l k\u00e9sz\u00fclt p\u00e1rlatot vagy mez\u0151gazdas\u00e1gi eredet\u0171 etilalkoholt szeszes italok vagy egy\u00e9b alkoholtartalm\u00fa italok k\u00e9sz\u00edt\u00e9s\u00e9hez haszn\u00e1lj\u00e1k.<\/p>\n<p>2. R\u00e1kf\u00e9l\u00e9k \u00e9s azokb\u00f3l k\u00e9sz\u00fclt term\u00e9kek.<\/p>\n<p>3. Toj\u00e1s \u00e9s abb\u00f3l k\u00e9sz\u00fclt term\u00e9kek.<\/p>\n<p>4. Halak \u00e9s azokb\u00f3l k\u00e9sz\u00fclt term\u00e9kek, kiv\u00e9ve<br \/>a) vitaminok vagy karotinoidok hordoz\u00f3jak\u00e9nt haszn\u00e1lt halenyv,<br \/>b) a s\u00f6r \u00e9s a bor der\u00edt\u00e9s\u00e9hez haszn\u00e1lt halenyv \u00e9s vizah\u00f3lyag.<\/p>\n<p>5. F\u00f6ldimogyor\u00f3 \u00e9s abb\u00f3l k\u00e9sz\u00fclt term\u00e9kek.<\/p>\n<p>6. Sz\u00f3jabab \u00e9s abb\u00f3l k\u00e9sz\u00fclt term\u00e9kek, kiv\u00e9ve<br \/>a) finom\u00edtott sz\u00f3jabab olaj \u00e9s zs\u00edr(*)<br \/>b) sz\u00f3jababb\u00f3l sz\u00e1rmaz\u00f3 term\u00e9szetes vegyes tokoferolok (E 306), term\u00e9szetes D-alfa tokoferol, term\u00e9szetes D-alfa tokoferol-acet\u00e1t, term\u00e9szetes D-alfa tokoferol szukcin\u00e1t,<br \/>c) a sz\u00f3jabab n\u00f6v\u00e9nyi olaj\u00e1b\u00f3l nyert fitoszterolok \u00e9s fitoszterol \u00e9szterek,<br \/>d) a sz\u00f3jabab n\u00f6v\u00e9nyi olaj\u00e1b\u00f3l nyert szterolokb\u00f3l el\u0151\u00e1ll\u00edtott fitosztanol-\u00e9szter.<\/p>\n<p>7. Tej \u00e9s abb\u00f3l k\u00e9sz\u00fclt term\u00e9kek (bele\u00e9rtve a lakt\u00f3zt is), kiv\u00e9ve<br \/>a) tejsav\u00f3, amelyb\u0151l k\u00e9sz\u00fclt p\u00e1rlatot vagy mez\u0151gazdas\u00e1gi eredet\u0171 etilalkoholt szeszes italok vagy egy\u00e9b alkoholtartalm\u00fa italok k\u00e9sz\u00edt\u00e9s\u00e9hez haszn\u00e1lj\u00e1k,<br \/>b) laktit.<\/p>\n<p>8. Di\u00f3f\u00e9l\u00e9k, azaz mandula (Amygdalus communis L.), mogyor\u00f3 (Corylus avellana), di\u00f3 (Juglans regia), kesudi\u00f3 (Anacardium occidentale), pek\u00e1ndi\u00f3 [Carya illinoiesis (Wangenh.) K. Koch], brazil di\u00f3 (Bertholletia excelsa), piszt\u00e1cia (Pistacia vera), makad\u00e1mia \u00e9s queenslandi di\u00f3 (Macadamia ternifolia) \u00e9s azokb\u00f3l k\u00e9sz\u00fclt term\u00e9kek, kiv\u00e9ve<br \/>a) di\u00f3f\u00e9l\u00e9k, amelyb\u0151l k\u00e9sz\u00fclt p\u00e1rlatot vagy mez\u0151gazdas\u00e1gi eredet\u0171 etilalkoholt szeszes italok vagy egy\u00e9b alkoholtartalm\u00fa italok k\u00e9sz\u00edt\u00e9s\u00e9hez haszn\u00e1lj\u00e1k.<\/p>\n<p>9. Zeller \u00e9s abb\u00f3l k\u00e9sz\u00fclt term\u00e9kek.<\/p>\n<p>10. Must\u00e1r \u00e9s abb\u00f3l k\u00e9sz\u00fclt term\u00e9kek.<\/p>\n<p>11. Szez\u00e1mmag \u00e9s abb\u00f3l k\u00e9sz\u00fclt term\u00e9kek.<\/p>\n<p>12. K\u00e9n-dioxid \u00e9s SO2 -ben kifejezett szulfitok 10 mg\/kg, illetve 10 mg\/liter koncentr\u00e1ci\u00f3t meghalad\u00f3 mennyis\u00e9gben.<\/p>\n<p>13. Csillagf\u00fcrt \u00e9s abb\u00f3l k\u00e9sz\u00fclt term\u00e9kek.<\/p>\n<p>14. Puhatest\u0171ek \u00e9s abb\u00f3l k\u00e9sz\u00fclt term\u00e9kek.<\/p>\n<p>[\/et_pb_text][\/et_pb_column][\/et_pb_row][\/et_pb_section]<\/p>\n","protected":false},"excerpt":{"rendered":"<p>PIZZ\u00c1K, lep\u00e9nyekAz ezen az oldalon szerepl\u0151 pizza k\u00edn\u00e1lat \u00e9s \u00e1rak csak helyben (\u00e9tteremben) fogyaszt\u00e1s eset\u00e9re \u00e9rtend\u0151ek! Amennyiben kisz\u00e1ll\u00edt\u00e1st szeretne, kattintson ide! LEP\u00c9NYEK Csirk\u00e9s (1, 7, 9) 3.790 Ft Cs\u00fclk\u00f6s (1, 7, 9) 3.790 FtPIZZ\u00c1K 1. Magyaros pizza (kolb\u00e1sz, hagyma, sonka, szalonna, paprika &#8211; k\u00e9r\u00e9sre cs\u00edp\u0151s -, sajt) (1, 7) 3.490 Ft 2. Pizza\u00a0 Margherita (paradicsomsz\u00f3sz, sajt) (1, 7)\u00a02.650 Ft 3. Pizza 4 Formaggio (paradicsomsz\u00f3sz, mozarella, trappista, f\u00fcst\u00f6lt, m\u00e1rv\u00e1ny sajt)(1, 7) 3.490 Ft 4. Pizza Salami (paradicsomsz\u00f3sz, sajt, szal\u00e1mi)(1, 7) 3.490 Ft 5. Pizza Prosciutto (paradicsomsz\u00f3sz, sajt, sonka) (1, 7) 3.490 Ft 6. Pizza Dolce Vita (paradicsomsz\u00f3sz, sajt, gomba) (1, 7) 3.790 Ft 7. Pizza Milano (paradicsomsz\u00f3sz, sajt, sonka, gomba) (1, 7) 3.490 Ft 8. Pizza Hawaii (paradicsomsz\u00f3sz, sajt, sonka, anan\u00e1sz) (1, 7) 3.490 Ft 9. Pizza Con Tutto (paradicsomsz\u00f3sz, sajt, sonka, gomba, pepperoni) (1, 7) 3.490 Ft 10. Pizza Bolognese (paradicsomsz\u00f3sz, sajt, bolognai ragu) (1, 7, 9) 3.490 Ft 11. Pizza Mamma Rosa (fokhagym\u00e1s tejf\u00f6l, sonka, sajt) (1, 7) 3.490 Ft 12. Pizza Mexicana (paradicsomsz\u00f3sz, szal\u00e1mi, kukorica, er\u0151s paprika, mozarella sajt) (1, 7) 3.490 Ft 13. Pizza Livorno (paradicsomsz\u00f3sz, sonka, kukorica, sajt) (1, 7) 3.490 Ft 14. Pizza Frutti Di Mare (paradicsomsz\u00f3sz, tenger gy\u00fcm\u00f6lcsei, sajt) (1, 2, 4, 7, 14) [&hellip;]<\/p>\n","protected":false},"author":1,"featured_media":0,"parent":0,"menu_order":0,"comment_status":"closed","ping_status":"closed","template":"","meta":{"_et_pb_use_builder":"on","_et_pb_old_content":"","_et_gb_content_width":"","footnotes":""},"class_list":["post-455","page","type-page","status-publish","hentry"],"yoast_head":"<!-- This site is optimized with the Yoast SEO plugin v26.8 - https:\/\/yoast.com\/product\/yoast-seo-wordpress\/ -->\n<title>Pizz\u00e1k, lep\u00e9nyek (helyben) - Gulya cs\u00e1rda<\/title>\n<meta name=\"robots\" content=\"index, follow, max-snippet:-1, max-image-preview:large, max-video-preview:-1\" \/>\n<link rel=\"canonical\" href=\"https:\/\/gulyacsarda.hu\/index.php\/pizzak-helyben\/\" \/>\n<meta property=\"og:locale\" content=\"hu_HU\" \/>\n<meta property=\"og:type\" content=\"article\" \/>\n<meta property=\"og:title\" content=\"Pizz\u00e1k, lep\u00e9nyek (helyben) - Gulya cs\u00e1rda\" \/>\n<meta property=\"og:description\" content=\"PIZZ\u00c1K, lep\u00e9nyekAz ezen az oldalon szerepl\u0151 pizza k\u00edn\u00e1lat \u00e9s \u00e1rak csak helyben (\u00e9tteremben) fogyaszt\u00e1s eset\u00e9re \u00e9rtend\u0151ek! Amennyiben kisz\u00e1ll\u00edt\u00e1st szeretne, kattintson ide! LEP\u00c9NYEK Csirk\u00e9s (1, 7, 9) 3.790 Ft Cs\u00fclk\u00f6s (1, 7, 9) 3.790 FtPIZZ\u00c1K 1. Magyaros pizza (kolb\u00e1sz, hagyma, sonka, szalonna, paprika - k\u00e9r\u00e9sre cs\u00edp\u0151s -, sajt) (1, 7) 3.490 Ft 2. Pizza\u00a0 Margherita (paradicsomsz\u00f3sz, sajt) (1, 7)\u00a02.650 Ft 3. Pizza 4 Formaggio (paradicsomsz\u00f3sz, mozarella, trappista, f\u00fcst\u00f6lt, m\u00e1rv\u00e1ny sajt)(1, 7) 3.490 Ft 4. Pizza Salami (paradicsomsz\u00f3sz, sajt, szal\u00e1mi)(1, 7) 3.490 Ft 5. Pizza Prosciutto (paradicsomsz\u00f3sz, sajt, sonka) (1, 7) 3.490 Ft 6. Pizza Dolce Vita (paradicsomsz\u00f3sz, sajt, gomba) (1, 7) 3.790 Ft 7. Pizza Milano (paradicsomsz\u00f3sz, sajt, sonka, gomba) (1, 7) 3.490 Ft 8. Pizza Hawaii (paradicsomsz\u00f3sz, sajt, sonka, anan\u00e1sz) (1, 7) 3.490 Ft 9. Pizza Con Tutto (paradicsomsz\u00f3sz, sajt, sonka, gomba, pepperoni) (1, 7) 3.490 Ft 10. Pizza Bolognese (paradicsomsz\u00f3sz, sajt, bolognai ragu) (1, 7, 9) 3.490 Ft 11. Pizza Mamma Rosa (fokhagym\u00e1s tejf\u00f6l, sonka, sajt) (1, 7) 3.490 Ft 12. Pizza Mexicana (paradicsomsz\u00f3sz, szal\u00e1mi, kukorica, er\u0151s paprika, mozarella sajt) (1, 7) 3.490 Ft 13. Pizza Livorno (paradicsomsz\u00f3sz, sonka, kukorica, sajt) (1, 7) 3.490 Ft 14. Pizza Frutti Di Mare (paradicsomsz\u00f3sz, tenger gy\u00fcm\u00f6lcsei, sajt) (1, 2, 4, 7, 14) [&hellip;]\" \/>\n<meta property=\"og:url\" content=\"https:\/\/gulyacsarda.hu\/index.php\/pizzak-helyben\/\" \/>\n<meta property=\"og:site_name\" content=\"Gulya cs\u00e1rda\" \/>\n<meta property=\"article:publisher\" content=\"https:\/\/www.facebook.com\/Gulya-Cs%c3%a1rda-1456080467951366\/?ref=br_rs\" \/>\n<meta property=\"article:modified_time\" content=\"2023-07-20T15:30:23+00:00\" \/>\n<meta name=\"twitter:card\" content=\"summary_large_image\" \/>\n<meta name=\"twitter:label1\" content=\"Becs\u00fclt olvas\u00e1si id\u0151\" \/>\n\t<meta name=\"twitter:data1\" content=\"3 perc\" \/>\n<script type=\"application\/ld+json\" class=\"yoast-schema-graph\">{\"@context\":\"https:\/\/schema.org\",\"@graph\":[{\"@type\":\"WebPage\",\"@id\":\"https:\/\/gulyacsarda.hu\/index.php\/pizzak-helyben\/\",\"url\":\"https:\/\/gulyacsarda.hu\/index.php\/pizzak-helyben\/\",\"name\":\"Pizz\u00e1k, lep\u00e9nyek (helyben) - Gulya cs\u00e1rda\",\"isPartOf\":{\"@id\":\"https:\/\/gulyacsarda.hu\/#website\"},\"datePublished\":\"2023-03-13T20:15:29+00:00\",\"dateModified\":\"2023-07-20T15:30:23+00:00\",\"breadcrumb\":{\"@id\":\"https:\/\/gulyacsarda.hu\/index.php\/pizzak-helyben\/#breadcrumb\"},\"inLanguage\":\"hu\",\"potentialAction\":[{\"@type\":\"ReadAction\",\"target\":[\"https:\/\/gulyacsarda.hu\/index.php\/pizzak-helyben\/\"]}]},{\"@type\":\"BreadcrumbList\",\"@id\":\"https:\/\/gulyacsarda.hu\/index.php\/pizzak-helyben\/#breadcrumb\",\"itemListElement\":[{\"@type\":\"ListItem\",\"position\":1,\"name\":\"Kezd\u0151lap\",\"item\":\"https:\/\/gulyacsarda.hu\/\"},{\"@type\":\"ListItem\",\"position\":2,\"name\":\"Pizz\u00e1k, lep\u00e9nyek (helyben)\"}]},{\"@type\":\"WebSite\",\"@id\":\"https:\/\/gulyacsarda.hu\/#website\",\"url\":\"https:\/\/gulyacsarda.hu\/\",\"name\":\"Gulya cs\u00e1rda\",\"description\":\"A balatonszentgy\u00f6rgyi Gulya cs\u00e1rda \u00e9tterem weboldala\",\"publisher\":{\"@id\":\"https:\/\/gulyacsarda.hu\/#organization\"},\"potentialAction\":[{\"@type\":\"SearchAction\",\"target\":{\"@type\":\"EntryPoint\",\"urlTemplate\":\"https:\/\/gulyacsarda.hu\/?s={search_term_string}\"},\"query-input\":{\"@type\":\"PropertyValueSpecification\",\"valueRequired\":true,\"valueName\":\"search_term_string\"}}],\"inLanguage\":\"hu\"},{\"@type\":\"Organization\",\"@id\":\"https:\/\/gulyacsarda.hu\/#organization\",\"name\":\"Gulya cs\u00e1rda\",\"url\":\"https:\/\/gulyacsarda.hu\/\",\"logo\":{\"@type\":\"ImageObject\",\"inLanguage\":\"hu\",\"@id\":\"https:\/\/gulyacsarda.hu\/#\/schema\/logo\/image\/\",\"url\":\"https:\/\/gulyacsarda.hu\/wp-content\/uploads\/2020\/09\/logo1-color.jpg\",\"contentUrl\":\"https:\/\/gulyacsarda.hu\/wp-content\/uploads\/2020\/09\/logo1-color.jpg\",\"width\":2236,\"height\":1177,\"caption\":\"Gulya cs\u00e1rda\"},\"image\":{\"@id\":\"https:\/\/gulyacsarda.hu\/#\/schema\/logo\/image\/\"},\"sameAs\":[\"https:\/\/www.facebook.com\/Gulya-Cs\u00e1rda-1456080467951366\/?ref=br_rs\",\"https:\/\/www.instagram.com\/gulyacsarda\/?hl=hu\"]}]}<\/script>\n<!-- \/ Yoast SEO plugin. -->","yoast_head_json":{"title":"Pizz\u00e1k, lep\u00e9nyek (helyben) - Gulya cs\u00e1rda","robots":{"index":"index","follow":"follow","max-snippet":"max-snippet:-1","max-image-preview":"max-image-preview:large","max-video-preview":"max-video-preview:-1"},"canonical":"https:\/\/gulyacsarda.hu\/index.php\/pizzak-helyben\/","og_locale":"hu_HU","og_type":"article","og_title":"Pizz\u00e1k, lep\u00e9nyek (helyben) - Gulya cs\u00e1rda","og_description":"PIZZ\u00c1K, lep\u00e9nyekAz ezen az oldalon szerepl\u0151 pizza k\u00edn\u00e1lat \u00e9s \u00e1rak csak helyben (\u00e9tteremben) fogyaszt\u00e1s eset\u00e9re \u00e9rtend\u0151ek! Amennyiben kisz\u00e1ll\u00edt\u00e1st szeretne, kattintson ide! LEP\u00c9NYEK Csirk\u00e9s (1, 7, 9) 3.790 Ft Cs\u00fclk\u00f6s (1, 7, 9) 3.790 FtPIZZ\u00c1K 1. Magyaros pizza (kolb\u00e1sz, hagyma, sonka, szalonna, paprika - k\u00e9r\u00e9sre cs\u00edp\u0151s -, sajt) (1, 7) 3.490 Ft 2. Pizza\u00a0 Margherita (paradicsomsz\u00f3sz, sajt) (1, 7)\u00a02.650 Ft 3. Pizza 4 Formaggio (paradicsomsz\u00f3sz, mozarella, trappista, f\u00fcst\u00f6lt, m\u00e1rv\u00e1ny sajt)(1, 7) 3.490 Ft 4. Pizza Salami (paradicsomsz\u00f3sz, sajt, szal\u00e1mi)(1, 7) 3.490 Ft 5. Pizza Prosciutto (paradicsomsz\u00f3sz, sajt, sonka) (1, 7) 3.490 Ft 6. Pizza Dolce Vita (paradicsomsz\u00f3sz, sajt, gomba) (1, 7) 3.790 Ft 7. Pizza Milano (paradicsomsz\u00f3sz, sajt, sonka, gomba) (1, 7) 3.490 Ft 8. Pizza Hawaii (paradicsomsz\u00f3sz, sajt, sonka, anan\u00e1sz) (1, 7) 3.490 Ft 9. Pizza Con Tutto (paradicsomsz\u00f3sz, sajt, sonka, gomba, pepperoni) (1, 7) 3.490 Ft 10. Pizza Bolognese (paradicsomsz\u00f3sz, sajt, bolognai ragu) (1, 7, 9) 3.490 Ft 11. Pizza Mamma Rosa (fokhagym\u00e1s tejf\u00f6l, sonka, sajt) (1, 7) 3.490 Ft 12. Pizza Mexicana (paradicsomsz\u00f3sz, szal\u00e1mi, kukorica, er\u0151s paprika, mozarella sajt) (1, 7) 3.490 Ft 13. Pizza Livorno (paradicsomsz\u00f3sz, sonka, kukorica, sajt) (1, 7) 3.490 Ft 14. Pizza Frutti Di Mare (paradicsomsz\u00f3sz, tenger gy\u00fcm\u00f6lcsei, sajt) (1, 2, 4, 7, 14) [&hellip;]","og_url":"https:\/\/gulyacsarda.hu\/index.php\/pizzak-helyben\/","og_site_name":"Gulya cs\u00e1rda","article_publisher":"https:\/\/www.facebook.com\/Gulya-Cs%c3%a1rda-1456080467951366\/?ref=br_rs","article_modified_time":"2023-07-20T15:30:23+00:00","twitter_card":"summary_large_image","twitter_misc":{"Becs\u00fclt olvas\u00e1si id\u0151":"3 perc"},"schema":{"@context":"https:\/\/schema.org","@graph":[{"@type":"WebPage","@id":"https:\/\/gulyacsarda.hu\/index.php\/pizzak-helyben\/","url":"https:\/\/gulyacsarda.hu\/index.php\/pizzak-helyben\/","name":"Pizz\u00e1k, lep\u00e9nyek (helyben) - Gulya cs\u00e1rda","isPartOf":{"@id":"https:\/\/gulyacsarda.hu\/#website"},"datePublished":"2023-03-13T20:15:29+00:00","dateModified":"2023-07-20T15:30:23+00:00","breadcrumb":{"@id":"https:\/\/gulyacsarda.hu\/index.php\/pizzak-helyben\/#breadcrumb"},"inLanguage":"hu","potentialAction":[{"@type":"ReadAction","target":["https:\/\/gulyacsarda.hu\/index.php\/pizzak-helyben\/"]}]},{"@type":"BreadcrumbList","@id":"https:\/\/gulyacsarda.hu\/index.php\/pizzak-helyben\/#breadcrumb","itemListElement":[{"@type":"ListItem","position":1,"name":"Kezd\u0151lap","item":"https:\/\/gulyacsarda.hu\/"},{"@type":"ListItem","position":2,"name":"Pizz\u00e1k, lep\u00e9nyek (helyben)"}]},{"@type":"WebSite","@id":"https:\/\/gulyacsarda.hu\/#website","url":"https:\/\/gulyacsarda.hu\/","name":"Gulya cs\u00e1rda","description":"A balatonszentgy\u00f6rgyi Gulya cs\u00e1rda \u00e9tterem weboldala","publisher":{"@id":"https:\/\/gulyacsarda.hu\/#organization"},"potentialAction":[{"@type":"SearchAction","target":{"@type":"EntryPoint","urlTemplate":"https:\/\/gulyacsarda.hu\/?s={search_term_string}"},"query-input":{"@type":"PropertyValueSpecification","valueRequired":true,"valueName":"search_term_string"}}],"inLanguage":"hu"},{"@type":"Organization","@id":"https:\/\/gulyacsarda.hu\/#organization","name":"Gulya cs\u00e1rda","url":"https:\/\/gulyacsarda.hu\/","logo":{"@type":"ImageObject","inLanguage":"hu","@id":"https:\/\/gulyacsarda.hu\/#\/schema\/logo\/image\/","url":"https:\/\/gulyacsarda.hu\/wp-content\/uploads\/2020\/09\/logo1-color.jpg","contentUrl":"https:\/\/gulyacsarda.hu\/wp-content\/uploads\/2020\/09\/logo1-color.jpg","width":2236,"height":1177,"caption":"Gulya cs\u00e1rda"},"image":{"@id":"https:\/\/gulyacsarda.hu\/#\/schema\/logo\/image\/"},"sameAs":["https:\/\/www.facebook.com\/Gulya-Cs\u00e1rda-1456080467951366\/?ref=br_rs","https:\/\/www.instagram.com\/gulyacsarda\/?hl=hu"]}]}},"_links":{"self":[{"href":"https:\/\/gulyacsarda.hu\/index.php\/wp-json\/wp\/v2\/pages\/455","targetHints":{"allow":["GET"]}}],"collection":[{"href":"https:\/\/gulyacsarda.hu\/index.php\/wp-json\/wp\/v2\/pages"}],"about":[{"href":"https:\/\/gulyacsarda.hu\/index.php\/wp-json\/wp\/v2\/types\/page"}],"author":[{"embeddable":true,"href":"https:\/\/gulyacsarda.hu\/index.php\/wp-json\/wp\/v2\/users\/1"}],"replies":[{"embeddable":true,"href":"https:\/\/gulyacsarda.hu\/index.php\/wp-json\/wp\/v2\/comments?post=455"}],"version-history":[{"count":13,"href":"https:\/\/gulyacsarda.hu\/index.php\/wp-json\/wp\/v2\/pages\/455\/revisions"}],"predecessor-version":[{"id":2235,"href":"https:\/\/gulyacsarda.hu\/index.php\/wp-json\/wp\/v2\/pages\/455\/revisions\/2235"}],"wp:attachment":[{"href":"https:\/\/gulyacsarda.hu\/index.php\/wp-json\/wp\/v2\/media?parent=455"}],"curies":[{"name":"wp","href":"https:\/\/api.w.org\/{rel}","templated":true}]}}