{"id":487,"date":"2023-03-14T21:09:49","date_gmt":"2023-03-14T20:09:49","guid":{"rendered":"https:\/\/wp.gulyacsarda.hu\/?page_id=487"},"modified":"2024-07-19T10:18:31","modified_gmt":"2024-07-19T09:18:31","slug":"uditok-gyumolcslevek","status":"publish","type":"page","link":"https:\/\/gulyacsarda.hu\/index.php\/uditok-gyumolcslevek\/","title":{"rendered":"\u00dcd\u00edt\u0151k, gy\u00fcm\u00f6lcslevek"},"content":{"rendered":"<p>[et_pb_section fb_built=&#8221;1&#8243; next_background_color=&#8221;#ffffff&#8221; admin_label=&#8221;Header&#8221; _builder_version=&#8221;4.16&#8243; background_color=&#8221;#34545a&#8221; background_image=&#8221;https:\/\/gulyacsarda.hu\/wp-content\/uploads\/2020\/09\/IMG_20200929_214146-scaled.jpg&#8221; custom_margin=&#8221;||||false&#8221; custom_padding=&#8221;9vw||9vw||true|false&#8221; bottom_divider_style=&#8221;curve&#8221; bottom_divider_height=&#8221;6vw&#8221; global_colors_info=&#8221;{}&#8221;][et_pb_row _builder_version=&#8221;4.16&#8243; background_enable_image=&#8221;off&#8221; background_size=&#8221;contain&#8221; custom_padding=&#8221;32px|||||&#8221; animation_style=&#8221;zoom&#8221; animation_intensity_zoom=&#8221;10%&#8221; global_colors_info=&#8221;{}&#8221;][et_pb_column type=&#8221;4_4&#8243; _builder_version=&#8221;4.16&#8243; custom_padding=&#8221;|||&#8221; global_colors_info=&#8221;{}&#8221; custom_padding__hover=&#8221;|||&#8221;][et_pb_text _builder_version=&#8221;4.16&#8243; text_font=&#8221;||||||||&#8221; header_font=&#8221;Montserrat|500||on|||||&#8221; header_font_size=&#8221;18px&#8221; header_letter_spacing=&#8221;5px&#8221; header_line_height=&#8221;1.5em&#8221; header_2_font=&#8221;Merriweather|||on|||||&#8221; header_2_font_size=&#8221;70px&#8221; header_2_letter_spacing=&#8221;5px&#8221; header_2_line_height=&#8221;1.4em&#8221; text_orientation=&#8221;center&#8221; background_layout=&#8221;dark&#8221; min_height=&#8221;127px&#8221; header_font_size_tablet=&#8221;&#8221; header_font_size_phone=&#8221;12px&#8221; header_font_size_last_edited=&#8221;on|desktop&#8221; header_2_font_size_tablet=&#8221;50px&#8221; header_2_font_size_phone=&#8221;30px&#8221; header_2_font_size_last_edited=&#8221;on|desktop&#8221; header_2_text_shadow_style=&#8221;preset3&#8243; header_2_text_shadow_vertical_length=&#8221;0.05em&#8221; header_2_text_shadow_blur_strength=&#8221;0.17em&#8221; header_2_text_shadow_color=&#8221;#000000&#8243; global_colors_info=&#8221;{}&#8221;]<\/p>\n<h2>\u00dcD\u00cdT\u0150K, GY\u00dcM\u00d6LCSLEVEK<\/h2>\n<p>[\/et_pb_text][\/et_pb_column][\/et_pb_row][\/et_pb_section][et_pb_section fb_built=&#8221;1&#8243; admin_label=&#8221;Features&#8221; _builder_version=&#8221;4.16&#8243; custom_padding=&#8221;||0px|||&#8221; global_colors_info=&#8221;{}&#8221;][et_pb_row column_structure=&#8221;1_2,1_2&#8243; use_custom_gutter=&#8221;on&#8221; gutter_width=&#8221;4&#8243; _builder_version=&#8221;4.16&#8243; custom_padding=&#8221;||16px|||&#8221; global_colors_info=&#8221;{}&#8221;][et_pb_column type=&#8221;1_2&#8243; _builder_version=&#8221;4.16&#8243; custom_padding=&#8221;|||&#8221; global_colors_info=&#8221;{}&#8221; custom_padding__hover=&#8221;|||&#8221;][et_pb_image src=&#8221;https:\/\/gulyacsarda.hu\/wp-content\/uploads\/2020\/09\/120042284_1045086719282628_3311201227384650013_n.jpg&#8221; title_text=&#8221;120042284_1045086719282628_3311201227384650013_n&#8221; _builder_version=&#8221;4.16&#8243; _module_preset=&#8221;default&#8221; global_colors_info=&#8221;{}&#8221;][\/et_pb_image][\/et_pb_column][et_pb_column type=&#8221;1_2&#8243; _builder_version=&#8221;4.16&#8243; custom_padding=&#8221;40px|||&#8221; custom_padding_tablet=&#8221;0px|||&#8221; custom_padding_last_edited=&#8221;off|desktop&#8221; global_colors_info=&#8221;{}&#8221; custom_padding__hover=&#8221;|||&#8221;][et_pb_text _builder_version=&#8221;4.27.0&#8243; text_font=&#8221;||||||||&#8221; text_line_height=&#8221;2em&#8221; header_font=&#8221;||||||||&#8221; header_2_font=&#8221;Merriweather|700|||||||&#8221; header_2_font_size=&#8221;36px&#8221; header_2_line_height=&#8221;1.6em&#8221; custom_margin=&#8221;-36px|||||&#8221; hover_enabled=&#8221;0&#8243; header_2_font_size_tablet=&#8221;&#8221; header_2_font_size_phone=&#8221;20px&#8221; header_2_font_size_last_edited=&#8221;on|phone&#8221; global_colors_info=&#8221;{}&#8221; sticky_enabled=&#8221;0&#8243;]<\/p>\n<h2 style=\"text-align: center;\">\u00dcD\u00cdT\u0150ITALOK<\/h2>\n<p><strong>Coca Cola 0,25 l<\/strong> 850 Ft<\/p>\n<p><strong>Coca Cola Zero 0,25 l<\/strong> 850 Ft<\/p>\n<p><strong>Fanta 0,25 l<\/strong> 850 Ft<\/p>\n<p><strong>Sprite 0,25 l<\/strong> 850 Ft<\/p>\n<p><strong>Gy\u00f6mb\u00e9r 0,25 l<\/strong> 850 Ft<\/p>\n<p><strong>Tonic 0,25 l<\/strong> 850 Ft<\/p>\n<p>&nbsp;<\/p>\n<h2 style=\"text-align: center;\">ROSTOS \u00c9S SZ\u0170RT GY\u00dcM\u00d6LCSL\u00c9<\/h2>\n<p><strong>Cappy Alma 100 % 0,25 l<\/strong> 850 Ft<\/p>\n<p><strong>Cappy Eper 34 % 0,25 l<\/strong> 850 Ft<\/p>\n<p><strong>Cappy K\u00f6rte 35 % 0,25 l<\/strong> 850 Ft<\/p>\n<p><strong>Cappy Narancs 100 % 0,25 l<\/strong> 850 Ft<\/p>\n<p><strong>Cappy \u0150szibarack 40 % 0,25 l<\/strong> 850 Ft<\/p>\n<p><strong>Eis Tea 0,25 l<\/strong> 850 Ft<\/p>\n<p><strong><\/strong><\/p>\n<p><strong>Limon\u00e1d\u00e9 (citrom, m\u00e1lna, bodza) 0,3 l<\/strong> 900 Ft<\/p>\n<p><strong>Limon\u00e1d\u00e9 (citrom, m\u00e1lna, bodza) 0,5 l<\/strong> 1.500 Ft<\/p>\n<p><strong>Kim\u00e9rt \u00fcd\u00edt\u0151k (sz\u00e9nsavas, mentes) 0,1 l<\/strong> 250 Ft<\/p>\n<p>&nbsp;<\/p>\n<p><strong>Natur Aqua \u00e1sv\u00e1nyv\u00edz sz\u00e9nsavas 0,33 l<\/strong> 690Ft<\/p>\n<p><strong>Natur Aqua \u00e1sv\u00e1nyv\u00edz sz\u00e9nsavas 0,5 l<\/strong> 790 Ft<\/p>\n<p><strong>Natur Aqua \u00e1sv\u00e1nyv\u00edz sz\u00e9nsavas 0,75 l<\/strong> 1.100 Ft<\/p>\n<p><strong>Natur Aqua \u00e1sv\u00e1nyv\u00edz sz\u00e9nsavmentes 0,33 l<\/strong> 690 Ft<\/p>\n<p><strong>Natur Aqua \u00e1sv\u00e1nyv\u00edz sz\u00e9nsavmentes 0,5 l<\/strong> 790 Ft<\/p>\n<p><strong>Natur Aqua \u00e1sv\u00e1nyv\u00edz sz\u00e9nsavmentes 0,75 l<\/strong> 1.100 Ft<\/p>\n<p><strong>Sz\u00f3dav\u00edz (kim\u00e9rt) 0,1 l<\/strong> 100 Ft<\/p>\n<p><strong>Mentes v\u00edz (kim\u00e9rt) 0,1 l<\/strong> 100 Ft<\/p>\n<p>[\/et_pb_text][\/et_pb_column][\/et_pb_row][\/et_pb_section][et_pb_section fb_built=&#8221;1&#8243; specialty=&#8221;on&#8221; bg_img_2=&#8221;https:\/\/wp.gulyacsarda.hu\/wp-content\/uploads\/2020\/09\/nutritionist-18.jpg&#8221; use_background_color_gradient_2=&#8221;on&#8221; background_color_gradient_stops_2=&#8221;rgba(255,255,255,0) 50%|#f7f7f7 100%&#8221; background_color_gradient_start_2=&#8221;rgba(255,255,255,0)&#8221; background_color_gradient_end_2=&#8221;#f7f7f7&#8243; background_color_gradient_start_position_2=&#8221;50%&#8221; background_color_gradient_overlays_image_2=&#8221;on&#8221; padding_top_2=&#8221;0px&#8221; padding_bottom_1=&#8221;6vw&#8221; padding_bottom_2=&#8221;0px&#8221; padding_left_1=&#8221;10%&#8221; padding_top_bottom_link_1=&#8221;false&#8221; padding_top_bottom_link_2=&#8221;true&#8221; padding_left_right_link_1=&#8221;false&#8221; padding_1_tablet=&#8221;|10%||10%||true&#8221; padding_1_phone=&#8221;&#8221; padding_1_last_edited=&#8221;on|desktop&#8221; admin_label=&#8221;Services&#8221; _builder_version=&#8221;4.16&#8243; use_background_color_gradient=&#8221;on&#8221; background_color_gradient_stops=&#8221;#ffffff 0%|#f7f7f7 100%&#8221; background_color_gradient_start=&#8221;#ffffff&#8221; background_color_gradient_end=&#8221;#f7f7f7&#8243; inner_width=&#8221;100%&#8221; inner_max_width=&#8221;100%&#8221; custom_padding=&#8221;0px|0px|0||false|false&#8221; bottom_divider_style=&#8221;curve&#8221; bottom_divider_color=&#8221;#ffffff&#8221; bottom_divider_height=&#8221;6vw&#8221; bottom_divider_arrangement=&#8221;above_content&#8221; use_custom_width=&#8221;on&#8221; width_unit=&#8221;off&#8221; custom_width_percent=&#8221;100%&#8221; global_colors_info=&#8221;{}&#8221;][et_pb_column type=&#8221;1_2&#8243; specialty_columns=&#8221;2&#8243; _builder_version=&#8221;4.16&#8243; custom_padding=&#8221;|||&#8221; global_colors_info=&#8221;{}&#8221; custom_padding__hover=&#8221;|||&#8221;][\/et_pb_column][et_pb_column type=&#8221;1_2&#8243; _builder_version=&#8221;4.16&#8243; custom_padding=&#8221;|||&#8221; global_colors_info=&#8221;{}&#8221; custom_padding__hover=&#8221;|||&#8221;][\/et_pb_column][\/et_pb_section]<\/p>\n","protected":false},"excerpt":{"rendered":"<p>\u00dcD\u00cdT\u0150K, GY\u00dcM\u00d6LCSLEVEK\u00dcD\u00cdT\u0150ITALOK Coca Cola 0,25 l 850 Ft Coca Cola Zero 0,25 l 850 Ft Fanta 0,25 l 850 Ft Sprite 0,25 l 850 Ft Gy\u00f6mb\u00e9r 0,25 l 850 Ft Tonic 0,25 l 850 Ft &nbsp; ROSTOS \u00c9S SZ\u0170RT GY\u00dcM\u00d6LCSL\u00c9 Cappy Alma 100 % 0,25 l 850 Ft Cappy Eper 34 % 0,25 l 850 Ft Cappy K\u00f6rte 35 % 0,25 l 850 Ft Cappy Narancs 100 % 0,25 l 850 Ft Cappy \u0150szibarack 40 % 0,25 l 850 Ft Eis Tea 0,25 l 850 Ft Limon\u00e1d\u00e9 (citrom, m\u00e1lna, bodza) 0,3 l 900 Ft Limon\u00e1d\u00e9 (citrom, m\u00e1lna, bodza) 0,5 l 1.500 Ft Kim\u00e9rt \u00fcd\u00edt\u0151k (sz\u00e9nsavas, mentes) 0,1 l 250 Ft &nbsp; Natur Aqua \u00e1sv\u00e1nyv\u00edz sz\u00e9nsavas 0,33 l 690Ft Natur Aqua \u00e1sv\u00e1nyv\u00edz sz\u00e9nsavas 0,5 l 790 Ft Natur Aqua \u00e1sv\u00e1nyv\u00edz sz\u00e9nsavas 0,75 l 1.100 Ft Natur Aqua \u00e1sv\u00e1nyv\u00edz sz\u00e9nsavmentes 0,33 l 690 Ft Natur Aqua \u00e1sv\u00e1nyv\u00edz sz\u00e9nsavmentes 0,5 l 790 Ft Natur Aqua \u00e1sv\u00e1nyv\u00edz sz\u00e9nsavmentes 0,75 l 1.100 Ft Sz\u00f3dav\u00edz (kim\u00e9rt) 0,1 l 100 Ft Mentes v\u00edz (kim\u00e9rt) 0,1 l 100 Ft<\/p>\n","protected":false},"author":1,"featured_media":0,"parent":0,"menu_order":0,"comment_status":"closed","ping_status":"closed","template":"","meta":{"_et_pb_use_builder":"on","_et_pb_old_content":"","_et_gb_content_width":"","footnotes":""},"class_list":["post-487","page","type-page","status-publish","hentry"],"yoast_head":"<!-- This site is optimized with the Yoast SEO plugin v27.4 - https:\/\/yoast.com\/product\/yoast-seo-wordpress\/ -->\n<title>\u00dcd\u00edt\u0151k, gy\u00fcm\u00f6lcslevek - Gulya cs\u00e1rda<\/title>\n<meta name=\"robots\" content=\"index, follow, max-snippet:-1, max-image-preview:large, max-video-preview:-1\" \/>\n<link rel=\"canonical\" href=\"https:\/\/gulyacsarda.hu\/index.php\/uditok-gyumolcslevek\/\" \/>\n<meta property=\"og:locale\" content=\"hu_HU\" \/>\n<meta property=\"og:type\" content=\"article\" \/>\n<meta property=\"og:title\" content=\"\u00dcd\u00edt\u0151k, gy\u00fcm\u00f6lcslevek - Gulya cs\u00e1rda\" \/>\n<meta property=\"og:description\" content=\"\u00dcD\u00cdT\u0150K, GY\u00dcM\u00d6LCSLEVEK\u00dcD\u00cdT\u0150ITALOK Coca Cola 0,25 l 850 Ft Coca Cola Zero 0,25 l 850 Ft Fanta 0,25 l 850 Ft Sprite 0,25 l 850 Ft Gy\u00f6mb\u00e9r 0,25 l 850 Ft Tonic 0,25 l 850 Ft &nbsp; ROSTOS \u00c9S SZ\u0170RT GY\u00dcM\u00d6LCSL\u00c9 Cappy Alma 100 % 0,25 l 850 Ft Cappy Eper 34 % 0,25 l 850 Ft Cappy K\u00f6rte 35 % 0,25 l 850 Ft Cappy Narancs 100 % 0,25 l 850 Ft Cappy \u0150szibarack 40 % 0,25 l 850 Ft Eis Tea 0,25 l 850 Ft Limon\u00e1d\u00e9 (citrom, m\u00e1lna, bodza) 0,3 l 900 Ft Limon\u00e1d\u00e9 (citrom, m\u00e1lna, bodza) 0,5 l 1.500 Ft Kim\u00e9rt \u00fcd\u00edt\u0151k (sz\u00e9nsavas, mentes) 0,1 l 250 Ft &nbsp; Natur Aqua \u00e1sv\u00e1nyv\u00edz sz\u00e9nsavas 0,33 l 690Ft Natur Aqua \u00e1sv\u00e1nyv\u00edz sz\u00e9nsavas 0,5 l 790 Ft Natur Aqua \u00e1sv\u00e1nyv\u00edz sz\u00e9nsavas 0,75 l 1.100 Ft Natur Aqua \u00e1sv\u00e1nyv\u00edz sz\u00e9nsavmentes 0,33 l 690 Ft Natur Aqua \u00e1sv\u00e1nyv\u00edz sz\u00e9nsavmentes 0,5 l 790 Ft Natur Aqua \u00e1sv\u00e1nyv\u00edz sz\u00e9nsavmentes 0,75 l 1.100 Ft Sz\u00f3dav\u00edz (kim\u00e9rt) 0,1 l 100 Ft Mentes v\u00edz (kim\u00e9rt) 0,1 l 100 Ft\" \/>\n<meta property=\"og:url\" content=\"https:\/\/gulyacsarda.hu\/index.php\/uditok-gyumolcslevek\/\" \/>\n<meta property=\"og:site_name\" content=\"Gulya cs\u00e1rda\" \/>\n<meta property=\"article:publisher\" content=\"https:\/\/www.facebook.com\/Gulya-Cs%c3%a1rda-1456080467951366\/?ref=br_rs\" \/>\n<meta property=\"article:modified_time\" content=\"2024-07-19T09:18:31+00:00\" \/>\n<meta name=\"twitter:card\" content=\"summary_large_image\" \/>\n<meta name=\"twitter:label1\" content=\"Becs\u00fclt olvas\u00e1si id\u0151\" \/>\n\t<meta name=\"twitter:data1\" content=\"2 perc\" \/>\n<script type=\"application\/ld+json\" class=\"yoast-schema-graph\">{\"@context\":\"https:\\\/\\\/schema.org\",\"@graph\":[{\"@type\":\"WebPage\",\"@id\":\"https:\\\/\\\/gulyacsarda.hu\\\/index.php\\\/uditok-gyumolcslevek\\\/\",\"url\":\"https:\\\/\\\/gulyacsarda.hu\\\/index.php\\\/uditok-gyumolcslevek\\\/\",\"name\":\"\u00dcd\u00edt\u0151k, gy\u00fcm\u00f6lcslevek - Gulya cs\u00e1rda\",\"isPartOf\":{\"@id\":\"https:\\\/\\\/gulyacsarda.hu\\\/#website\"},\"datePublished\":\"2023-03-14T20:09:49+00:00\",\"dateModified\":\"2024-07-19T09:18:31+00:00\",\"breadcrumb\":{\"@id\":\"https:\\\/\\\/gulyacsarda.hu\\\/index.php\\\/uditok-gyumolcslevek\\\/#breadcrumb\"},\"inLanguage\":\"hu\",\"potentialAction\":[{\"@type\":\"ReadAction\",\"target\":[\"https:\\\/\\\/gulyacsarda.hu\\\/index.php\\\/uditok-gyumolcslevek\\\/\"]}]},{\"@type\":\"BreadcrumbList\",\"@id\":\"https:\\\/\\\/gulyacsarda.hu\\\/index.php\\\/uditok-gyumolcslevek\\\/#breadcrumb\",\"itemListElement\":[{\"@type\":\"ListItem\",\"position\":1,\"name\":\"Kezd\u0151lap\",\"item\":\"https:\\\/\\\/gulyacsarda.hu\\\/\"},{\"@type\":\"ListItem\",\"position\":2,\"name\":\"\u00dcd\u00edt\u0151k, gy\u00fcm\u00f6lcslevek\"}]},{\"@type\":\"WebSite\",\"@id\":\"https:\\\/\\\/gulyacsarda.hu\\\/#website\",\"url\":\"https:\\\/\\\/gulyacsarda.hu\\\/\",\"name\":\"Gulya cs\u00e1rda\",\"description\":\"A balatonszentgy\u00f6rgyi Gulya cs\u00e1rda \u00e9tterem weboldala\",\"publisher\":{\"@id\":\"https:\\\/\\\/gulyacsarda.hu\\\/#organization\"},\"potentialAction\":[{\"@type\":\"SearchAction\",\"target\":{\"@type\":\"EntryPoint\",\"urlTemplate\":\"https:\\\/\\\/gulyacsarda.hu\\\/?s={search_term_string}\"},\"query-input\":{\"@type\":\"PropertyValueSpecification\",\"valueRequired\":true,\"valueName\":\"search_term_string\"}}],\"inLanguage\":\"hu\"},{\"@type\":\"Organization\",\"@id\":\"https:\\\/\\\/gulyacsarda.hu\\\/#organization\",\"name\":\"Gulya cs\u00e1rda\",\"url\":\"https:\\\/\\\/gulyacsarda.hu\\\/\",\"logo\":{\"@type\":\"ImageObject\",\"inLanguage\":\"hu\",\"@id\":\"https:\\\/\\\/gulyacsarda.hu\\\/#\\\/schema\\\/logo\\\/image\\\/\",\"url\":\"https:\\\/\\\/gulyacsarda.hu\\\/wp-content\\\/uploads\\\/2020\\\/09\\\/logo1-color.jpg\",\"contentUrl\":\"https:\\\/\\\/gulyacsarda.hu\\\/wp-content\\\/uploads\\\/2020\\\/09\\\/logo1-color.jpg\",\"width\":2236,\"height\":1177,\"caption\":\"Gulya cs\u00e1rda\"},\"image\":{\"@id\":\"https:\\\/\\\/gulyacsarda.hu\\\/#\\\/schema\\\/logo\\\/image\\\/\"},\"sameAs\":[\"https:\\\/\\\/www.facebook.com\\\/Gulya-Cs\u00e1rda-1456080467951366\\\/?ref=br_rs\",\"https:\\\/\\\/www.instagram.com\\\/gulyacsarda\\\/?hl=hu\"]}]}<\/script>\n<!-- \/ Yoast SEO plugin. -->","yoast_head_json":{"title":"\u00dcd\u00edt\u0151k, gy\u00fcm\u00f6lcslevek - Gulya cs\u00e1rda","robots":{"index":"index","follow":"follow","max-snippet":"max-snippet:-1","max-image-preview":"max-image-preview:large","max-video-preview":"max-video-preview:-1"},"canonical":"https:\/\/gulyacsarda.hu\/index.php\/uditok-gyumolcslevek\/","og_locale":"hu_HU","og_type":"article","og_title":"\u00dcd\u00edt\u0151k, gy\u00fcm\u00f6lcslevek - Gulya cs\u00e1rda","og_description":"\u00dcD\u00cdT\u0150K, GY\u00dcM\u00d6LCSLEVEK\u00dcD\u00cdT\u0150ITALOK Coca Cola 0,25 l 850 Ft Coca Cola Zero 0,25 l 850 Ft Fanta 0,25 l 850 Ft Sprite 0,25 l 850 Ft Gy\u00f6mb\u00e9r 0,25 l 850 Ft Tonic 0,25 l 850 Ft &nbsp; ROSTOS \u00c9S SZ\u0170RT GY\u00dcM\u00d6LCSL\u00c9 Cappy Alma 100 % 0,25 l 850 Ft Cappy Eper 34 % 0,25 l 850 Ft Cappy K\u00f6rte 35 % 0,25 l 850 Ft Cappy Narancs 100 % 0,25 l 850 Ft Cappy \u0150szibarack 40 % 0,25 l 850 Ft Eis Tea 0,25 l 850 Ft Limon\u00e1d\u00e9 (citrom, m\u00e1lna, bodza) 0,3 l 900 Ft Limon\u00e1d\u00e9 (citrom, m\u00e1lna, bodza) 0,5 l 1.500 Ft Kim\u00e9rt \u00fcd\u00edt\u0151k (sz\u00e9nsavas, mentes) 0,1 l 250 Ft &nbsp; Natur Aqua \u00e1sv\u00e1nyv\u00edz sz\u00e9nsavas 0,33 l 690Ft Natur Aqua \u00e1sv\u00e1nyv\u00edz sz\u00e9nsavas 0,5 l 790 Ft Natur Aqua \u00e1sv\u00e1nyv\u00edz sz\u00e9nsavas 0,75 l 1.100 Ft Natur Aqua \u00e1sv\u00e1nyv\u00edz sz\u00e9nsavmentes 0,33 l 690 Ft Natur Aqua \u00e1sv\u00e1nyv\u00edz sz\u00e9nsavmentes 0,5 l 790 Ft Natur Aqua \u00e1sv\u00e1nyv\u00edz sz\u00e9nsavmentes 0,75 l 1.100 Ft Sz\u00f3dav\u00edz (kim\u00e9rt) 0,1 l 100 Ft Mentes v\u00edz (kim\u00e9rt) 0,1 l 100 Ft","og_url":"https:\/\/gulyacsarda.hu\/index.php\/uditok-gyumolcslevek\/","og_site_name":"Gulya cs\u00e1rda","article_publisher":"https:\/\/www.facebook.com\/Gulya-Cs%c3%a1rda-1456080467951366\/?ref=br_rs","article_modified_time":"2024-07-19T09:18:31+00:00","twitter_card":"summary_large_image","twitter_misc":{"Becs\u00fclt olvas\u00e1si id\u0151":"2 perc"},"schema":{"@context":"https:\/\/schema.org","@graph":[{"@type":"WebPage","@id":"https:\/\/gulyacsarda.hu\/index.php\/uditok-gyumolcslevek\/","url":"https:\/\/gulyacsarda.hu\/index.php\/uditok-gyumolcslevek\/","name":"\u00dcd\u00edt\u0151k, gy\u00fcm\u00f6lcslevek - Gulya cs\u00e1rda","isPartOf":{"@id":"https:\/\/gulyacsarda.hu\/#website"},"datePublished":"2023-03-14T20:09:49+00:00","dateModified":"2024-07-19T09:18:31+00:00","breadcrumb":{"@id":"https:\/\/gulyacsarda.hu\/index.php\/uditok-gyumolcslevek\/#breadcrumb"},"inLanguage":"hu","potentialAction":[{"@type":"ReadAction","target":["https:\/\/gulyacsarda.hu\/index.php\/uditok-gyumolcslevek\/"]}]},{"@type":"BreadcrumbList","@id":"https:\/\/gulyacsarda.hu\/index.php\/uditok-gyumolcslevek\/#breadcrumb","itemListElement":[{"@type":"ListItem","position":1,"name":"Kezd\u0151lap","item":"https:\/\/gulyacsarda.hu\/"},{"@type":"ListItem","position":2,"name":"\u00dcd\u00edt\u0151k, gy\u00fcm\u00f6lcslevek"}]},{"@type":"WebSite","@id":"https:\/\/gulyacsarda.hu\/#website","url":"https:\/\/gulyacsarda.hu\/","name":"Gulya cs\u00e1rda","description":"A balatonszentgy\u00f6rgyi Gulya cs\u00e1rda \u00e9tterem weboldala","publisher":{"@id":"https:\/\/gulyacsarda.hu\/#organization"},"potentialAction":[{"@type":"SearchAction","target":{"@type":"EntryPoint","urlTemplate":"https:\/\/gulyacsarda.hu\/?s={search_term_string}"},"query-input":{"@type":"PropertyValueSpecification","valueRequired":true,"valueName":"search_term_string"}}],"inLanguage":"hu"},{"@type":"Organization","@id":"https:\/\/gulyacsarda.hu\/#organization","name":"Gulya cs\u00e1rda","url":"https:\/\/gulyacsarda.hu\/","logo":{"@type":"ImageObject","inLanguage":"hu","@id":"https:\/\/gulyacsarda.hu\/#\/schema\/logo\/image\/","url":"https:\/\/gulyacsarda.hu\/wp-content\/uploads\/2020\/09\/logo1-color.jpg","contentUrl":"https:\/\/gulyacsarda.hu\/wp-content\/uploads\/2020\/09\/logo1-color.jpg","width":2236,"height":1177,"caption":"Gulya cs\u00e1rda"},"image":{"@id":"https:\/\/gulyacsarda.hu\/#\/schema\/logo\/image\/"},"sameAs":["https:\/\/www.facebook.com\/Gulya-Cs\u00e1rda-1456080467951366\/?ref=br_rs","https:\/\/www.instagram.com\/gulyacsarda\/?hl=hu"]}]}},"_links":{"self":[{"href":"https:\/\/gulyacsarda.hu\/index.php\/wp-json\/wp\/v2\/pages\/487","targetHints":{"allow":["GET"]}}],"collection":[{"href":"https:\/\/gulyacsarda.hu\/index.php\/wp-json\/wp\/v2\/pages"}],"about":[{"href":"https:\/\/gulyacsarda.hu\/index.php\/wp-json\/wp\/v2\/types\/page"}],"author":[{"embeddable":true,"href":"https:\/\/gulyacsarda.hu\/index.php\/wp-json\/wp\/v2\/users\/1"}],"replies":[{"embeddable":true,"href":"https:\/\/gulyacsarda.hu\/index.php\/wp-json\/wp\/v2\/comments?post=487"}],"version-history":[{"count":14,"href":"https:\/\/gulyacsarda.hu\/index.php\/wp-json\/wp\/v2\/pages\/487\/revisions"}],"predecessor-version":[{"id":2672,"href":"https:\/\/gulyacsarda.hu\/index.php\/wp-json\/wp\/v2\/pages\/487\/revisions\/2672"}],"wp:attachment":[{"href":"https:\/\/gulyacsarda.hu\/index.php\/wp-json\/wp\/v2\/media?parent=487"}],"curies":[{"name":"wp","href":"https:\/\/api.w.org\/{rel}","templated":true}]}}