{"id":671,"date":"2023-03-14T21:03:09","date_gmt":"2023-03-14T20:03:09","guid":{"rendered":"https:\/\/gulyacsarda.hu\/?page_id=671"},"modified":"2023-07-20T16:27:33","modified_gmt":"2023-07-20T15:27:33","slug":"kavek","status":"publish","type":"page","link":"https:\/\/gulyacsarda.hu\/index.php\/kavek\/","title":{"rendered":"K\u00e1v\u00e9k"},"content":{"rendered":"<p>[et_pb_section fb_built=&#8221;1&#8243; next_background_color=&#8221;#ffffff&#8221; admin_label=&#8221;Header&#8221; _builder_version=&#8221;4.16&#8243; background_color=&#8221;#34545a&#8221; background_image=&#8221;https:\/\/gulyacsarda.hu\/wp-content\/uploads\/2020\/10\/120600378_1408166639389585_4517490750032475208_n.jpg&#8221; custom_margin=&#8221;||||false&#8221; custom_padding=&#8221;7vw||7vw||true|false&#8221; filter_saturate=&#8221;123%&#8221; bottom_divider_style=&#8221;curve&#8221; bottom_divider_height=&#8221;6vw&#8221; global_colors_info=&#8221;{}&#8221;][et_pb_row _builder_version=&#8221;4.16&#8243; background_enable_image=&#8221;off&#8221; background_size=&#8221;contain&#8221; custom_padding=&#8221;33px||55px|||&#8221; animation_style=&#8221;zoom&#8221; animation_intensity_zoom=&#8221;10%&#8221; global_colors_info=&#8221;{}&#8221;][et_pb_column type=&#8221;4_4&#8243; _builder_version=&#8221;4.16&#8243; custom_padding=&#8221;|||&#8221; global_colors_info=&#8221;{}&#8221; custom_padding__hover=&#8221;|||&#8221;][et_pb_text _builder_version=&#8221;4.16&#8243; text_font=&#8221;||||||||&#8221; header_font=&#8221;Montserrat|500||on|||||&#8221; header_font_size=&#8221;18px&#8221; header_letter_spacing=&#8221;5px&#8221; header_line_height=&#8221;1.5em&#8221; header_2_font=&#8221;Merriweather|||on|||||&#8221; header_2_font_size=&#8221;78px&#8221; header_2_letter_spacing=&#8221;10px&#8221; header_2_line_height=&#8221;1.4em&#8221; text_orientation=&#8221;center&#8221; background_layout=&#8221;dark&#8221; min_height=&#8221;127px&#8221; header_font_size_tablet=&#8221;&#8221; header_font_size_phone=&#8221;12px&#8221; header_font_size_last_edited=&#8221;on|desktop&#8221; header_2_font_size_tablet=&#8221;50px&#8221; header_2_font_size_phone=&#8221;30px&#8221; header_2_font_size_last_edited=&#8221;on|desktop&#8221; header_2_text_shadow_style=&#8221;preset4&#8243; global_colors_info=&#8221;{}&#8221;]<\/p>\n<h2><span style=\"color: #ffffff;\"><strong>K\u00c1V\u00c9k<\/strong><\/span><\/h2>\n<p>[\/et_pb_text][\/et_pb_column][\/et_pb_row][\/et_pb_section][et_pb_section fb_built=&#8221;1&#8243; _builder_version=&#8221;4.16&#8243; _module_preset=&#8221;default&#8221; custom_padding=&#8221;25px||23px|||&#8221; global_colors_info=&#8221;{}&#8221;][et_pb_row _builder_version=&#8221;4.16&#8243; _module_preset=&#8221;default&#8221; custom_padding=&#8221;||5px|||&#8221; global_colors_info=&#8221;{}&#8221;][et_pb_column type=&#8221;4_4&#8243; _builder_version=&#8221;4.16&#8243; _module_preset=&#8221;default&#8221; global_colors_info=&#8221;{}&#8221;][et_pb_testimonial portrait_url=&#8221;https:\/\/gulyacsarda.hu\/wp-content\/uploads\/2020\/09\/forint.jpg&#8221; quote_icon=&#8221;off&#8221; quote_icon_color=&#8221;#ff0000&#8243; content_tablet=&#8221;<\/p>\n<h2><span style=%22color: #ff0000;%22><strong>\u00c1raink forintban \u00e9rtend\u0151ek \u00e9s tartalmazz\u00e1k az \u00c1FA-t.<\/strong><\/span><\/h2>\n<h2><span style=%22color: #ff0000;%22><strong>Kisadag \u00e9teleinket 70%-os \u00e1ron sz\u00e1m\u00edtjuk fel!<\/strong><\/span><\/h2>\n<p>&#8221; content_phone=&#8221;<\/p>\n<h2><span style=%22color: #ff0000;%22><strong>\u00c1raink forintban \u00e9rtend\u0151ek \u00e9s tartalmazz\u00e1k az \u00c1FA-t.<\/strong><\/span><\/h2>\n<h2><span style=%22color: #ff0000;%22><strong>Kisadag \u00e9teleinket 70%-os \u00e1ron sz\u00e1m\u00edtjuk fel!<\/strong><\/span><\/h2>\n<p>&#8221; content_last_edited=&#8221;on|phone&#8221; admin_label=&#8221;Aj\u00e1nl\u00e1s&#8221; _builder_version=&#8221;4.21.0&#8243; _module_preset=&#8221;default&#8221; body_font=&#8221;ABeeZee||||||||&#8221; body_font_size=&#8221;17px&#8221; body_letter_spacing=&#8221;2px&#8221; custom_padding=&#8221;18px||16px|||&#8221; hover_enabled=&#8221;0&#8243; border_width_all=&#8221;1px&#8221; box_shadow_style=&#8221;preset1&#8243; global_module=&#8221;425&#8243; global_colors_info=&#8221;{}&#8221; quote_icon_color__hover_enabled=&#8221;off|desktop&#8221; sticky_enabled=&#8221;0&#8243;]<\/p>\n<h2><span style=\"color: #ff0000;\"><strong>\u00c1raink forintban \u00e9rtend\u0151ek \u00e9s tartalmazz\u00e1k az \u00c1FA-t.<\/strong><\/span><\/h2>\n<h2><span style=\"color: #ff0000;\"><strong>Szervizd\u00edjat nem sz\u00e1molunk fel.<\/strong><\/span><\/h2>\n<h2><span style=\"color: #ff0000;\"><strong>Kisadag \u00e9teleinket 70%-os \u00e1ron sz\u00e1m\u00edtjuk fel!<\/strong><\/span><\/h2>\n<h2><strong><span style=\"color: #ff0000;\">Csomagol\u00e1s: 200 Ft \/ doboz<\/span><\/strong><\/h2>\n<p><span style=\"color: #ff0000;\">A z\u00e1r\u00f3jelben l\u00e9v\u0151 sz\u00e1mok az allerg\u00e9n \u00f6sszetev\u0151k azonos\u00edt\u00e1s\u00e1ra szolg\u00e1lnak. Ezek list\u00e1ja az oldal aj\u00e1n tal\u00e1lhat\u00f3!<\/span><\/p>\n<p>[\/et_pb_testimonial][\/et_pb_column][\/et_pb_row][\/et_pb_section][et_pb_section fb_built=&#8221;1&#8243; admin_label=&#8221;Features&#8221; _builder_version=&#8221;4.16&#8243; custom_padding=&#8221;0px||0px|||&#8221; global_colors_info=&#8221;{}&#8221;][et_pb_row column_structure=&#8221;1_3,1_3,1_3&#8243; use_custom_gutter=&#8221;on&#8221; gutter_width=&#8221;4&#8243; _builder_version=&#8221;4.16&#8243; custom_padding=&#8221;0px||16px|||&#8221; global_colors_info=&#8221;{}&#8221;][et_pb_column type=&#8221;1_3&#8243; _builder_version=&#8221;4.16&#8243; custom_padding=&#8221;|||&#8221; global_colors_info=&#8221;{}&#8221; custom_padding__hover=&#8221;|||&#8221;][et_pb_image src=&#8221;https:\/\/gulyacsarda.hu\/wp-content\/uploads\/2020\/10\/P004-1024&#215;768.jpg&#8221; title_text=&#8221;P004&#8243; show_in_lightbox=&#8221;on&#8221; use_overlay=&#8221;on&#8221; hover_icon=&#8221;&#x2e;||divi||400&#8243; _builder_version=&#8221;4.16&#8243; _module_preset=&#8221;default&#8221; custom_padding=&#8221;28px|||||&#8221; box_shadow_style=&#8221;preset1&#8243; global_colors_info=&#8221;{}&#8221;][\/et_pb_image][\/et_pb_column][et_pb_column type=&#8221;1_3&#8243; _builder_version=&#8221;4.16&#8243; custom_padding=&#8221;|||&#8221; global_colors_info=&#8221;{}&#8221; custom_padding__hover=&#8221;|||&#8221;][et_pb_text _builder_version=&#8221;4.21.0&#8243; text_font=&#8221;||||||||&#8221; text_line_height=&#8221;2em&#8221; header_font=&#8221;||||||||&#8221; header_2_font=&#8221;Merriweather|700|||||||&#8221; header_2_font_size=&#8221;36px&#8221; header_2_line_height=&#8221;1.6em&#8221; custom_margin=&#8221;16px|||||&#8221; header_2_font_size_tablet=&#8221;&#8221; header_2_font_size_phone=&#8221;20px&#8221; header_2_font_size_last_edited=&#8221;on|phone&#8221; global_colors_info=&#8221;{}&#8221;]<\/p>\n<p style=\"text-align: center;\"><span style=\"color: #003366;\"><strong>Ristretto k\u00e1v\u00e9<\/strong> 650 Ft<\/span><\/p>\n<p style=\"text-align: center;\"><span style=\"color: #003366;\"><strong>Espresso k\u00e1v\u00e9<\/strong> 700 Ft<\/span><\/p>\n<p style=\"text-align: center;\"><span style=\"color: #003366;\"><strong>Hossz\u00fa k\u00e1v\u00e9<\/strong> (7) 800 Ft<\/span><\/p>\n<p style=\"text-align: center;\"><span style=\"color: #003366;\"><strong>Cappucino<\/strong> (7) 900 Ft<\/span><\/p>\n<p style=\"text-align: center;\"><span style=\"color: #003366;\"><strong>Koffeinmentes<\/strong> (7) 800 Ft<\/span><\/p>\n<p style=\"text-align: center;\"><span style=\"color: #003366;\"><strong>Latte Macchiato<\/strong> (7) 1.100 Ft<\/span><\/p>\n<p style=\"text-align: center;\"><span style=\"color: #003366;\"><strong>Melange<\/strong> (7) 1.100 Ft<\/span><\/p>\n<p style=\"text-align: center;\"><span style=\"color: #003366;\"><strong>Jegesk\u00e1v\u00e9 (szezon\u00e1lis)<\/strong> (7) 1.600 Ft<\/span><\/p>\n<p style=\"text-align: center;\"><span style=\"color: #003366;\"><strong>Forr\u00f3 csoki<\/strong> (7) 1.400 Ft<\/span><\/p>\n<p style=\"text-align: center;\"><span style=\"color: #003366;\"><strong>Tea + citrom<\/strong> <\/span><span style=\"color: #003366;\"><strong><em>(fekete, erdei gy\u00fcm\u00f6lcs, z\u00f6ld) <\/em><\/strong>1.200 Ft<\/span><\/p>\n<p>[\/et_pb_text][et_pb_image src=&#8221;https:\/\/gulyacsarda.hu\/wp-content\/uploads\/2020\/11\/1drop1.gif&#8221; title_text=&#8221;1drop1&#8243; _builder_version=&#8221;4.16&#8243; _module_preset=&#8221;default&#8221; box_shadow_style=&#8221;preset1&#8243; global_colors_info=&#8221;{}&#8221;][\/et_pb_image][\/et_pb_column][et_pb_column type=&#8221;1_3&#8243; _builder_version=&#8221;4.16&#8243; custom_padding=&#8221;|||&#8221; global_colors_info=&#8221;{}&#8221; custom_padding__hover=&#8221;|||&#8221;][et_pb_image src=&#8221;https:\/\/gulyacsarda.hu\/wp-content\/uploads\/2020\/10\/P007-1024&#215;768.jpg&#8221; title_text=&#8221;P007&#8243; show_in_lightbox=&#8221;on&#8221; use_overlay=&#8221;on&#8221; hover_icon=&#8221;&#x2e;||divi||400&#8243; _builder_version=&#8221;4.16&#8243; _module_preset=&#8221;default&#8221; custom_padding=&#8221;183px|||||&#8221; box_shadow_style=&#8221;preset1&#8243; global_colors_info=&#8221;{}&#8221;][\/et_pb_image][\/et_pb_column][\/et_pb_row][et_pb_row _builder_version=&#8221;4.21.0&#8243; _module_preset=&#8221;default&#8221;][et_pb_column _builder_version=&#8221;4.21.0&#8243; _module_preset=&#8221;default&#8221; type=&#8221;4_4&#8243;][et_pb_text _builder_version=&#8221;4.21.0&#8243; _module_preset=&#8221;default&#8221; background_color=&#8221;rgba(255,243,216,0.4)&#8221; custom_margin=&#8221;-3px||||false|false&#8221; custom_padding=&#8221;24px|27px|25px|27px|false|false&#8221; global_colors_info=&#8221;{}&#8221; global_module=&#8221;2226&#8243; theme_builder_area=&#8221;post_content&#8221;]<\/p>\n<p style=\"text-align: center;\">ALLERG\u00c9N \u00c9LELMISZER \u00d6SSZETEV\u0150K LIST\u00c1JA<\/p>\n<p>1. Glut\u00e9nt tartalmaz\u00f3 gabona (b\u00faza, rozs, \u00e1rpa, zab, t\u00f6nk\u00f6ly, kamut-b\u00faza vagy ezek hibrid v\u00e1ltozatai) \u00e9s azokb\u00f3l k\u00e9sz\u00fclt term\u00e9kek, kiv\u00e9ve<br \/>a) b\u00faz\u00e1b\u00f3l k\u00e9sz\u00fclt gl\u00fck\u00f3zszirup, bele\u00e9rtve a dextr\u00f3zt is(*)<br \/>b) b\u00faz\u00e1b\u00f3l k\u00e9sz\u00fclt maltodextrin(*)<br \/>c) \u00e1rp\u00e1b\u00f3l k\u00e9sz\u00fclt gl\u00fck\u00f3zszirup,<br \/>d) gabonaf\u00e9l\u00e9k, amelyb\u0151l k\u00e9sz\u00fclt p\u00e1rlatot vagy mez\u0151gazdas\u00e1gi eredet\u0171 etilalkoholt szeszes italok vagy egy\u00e9b alkoholtartalm\u00fa italok k\u00e9sz\u00edt\u00e9s\u00e9hez haszn\u00e1lj\u00e1k.<\/p>\n<p>2. R\u00e1kf\u00e9l\u00e9k \u00e9s azokb\u00f3l k\u00e9sz\u00fclt term\u00e9kek.<\/p>\n<p>3. Toj\u00e1s \u00e9s abb\u00f3l k\u00e9sz\u00fclt term\u00e9kek.<\/p>\n<p>4. Halak \u00e9s azokb\u00f3l k\u00e9sz\u00fclt term\u00e9kek, kiv\u00e9ve<br \/>a) vitaminok vagy karotinoidok hordoz\u00f3jak\u00e9nt haszn\u00e1lt halenyv,<br \/>b) a s\u00f6r \u00e9s a bor der\u00edt\u00e9s\u00e9hez haszn\u00e1lt halenyv \u00e9s vizah\u00f3lyag.<\/p>\n<p>5. F\u00f6ldimogyor\u00f3 \u00e9s abb\u00f3l k\u00e9sz\u00fclt term\u00e9kek.<\/p>\n<p>6. Sz\u00f3jabab \u00e9s abb\u00f3l k\u00e9sz\u00fclt term\u00e9kek, kiv\u00e9ve<br \/>a) finom\u00edtott sz\u00f3jabab olaj \u00e9s zs\u00edr(*)<br \/>b) sz\u00f3jababb\u00f3l sz\u00e1rmaz\u00f3 term\u00e9szetes vegyes tokoferolok (E 306), term\u00e9szetes D-alfa tokoferol, term\u00e9szetes D-alfa tokoferol-acet\u00e1t, term\u00e9szetes D-alfa tokoferol szukcin\u00e1t,<br \/>c) a sz\u00f3jabab n\u00f6v\u00e9nyi olaj\u00e1b\u00f3l nyert fitoszterolok \u00e9s fitoszterol \u00e9szterek,<br \/>d) a sz\u00f3jabab n\u00f6v\u00e9nyi olaj\u00e1b\u00f3l nyert szterolokb\u00f3l el\u0151\u00e1ll\u00edtott fitosztanol-\u00e9szter.<\/p>\n<p>7. Tej \u00e9s abb\u00f3l k\u00e9sz\u00fclt term\u00e9kek (bele\u00e9rtve a lakt\u00f3zt is), kiv\u00e9ve<br \/>a) tejsav\u00f3, amelyb\u0151l k\u00e9sz\u00fclt p\u00e1rlatot vagy mez\u0151gazdas\u00e1gi eredet\u0171 etilalkoholt szeszes italok vagy egy\u00e9b alkoholtartalm\u00fa italok k\u00e9sz\u00edt\u00e9s\u00e9hez haszn\u00e1lj\u00e1k,<br \/>b) laktit.<\/p>\n<p>8. Di\u00f3f\u00e9l\u00e9k, azaz mandula (Amygdalus communis L.), mogyor\u00f3 (Corylus avellana), di\u00f3 (Juglans regia), kesudi\u00f3 (Anacardium occidentale), pek\u00e1ndi\u00f3 [Carya illinoiesis (Wangenh.) K. Koch], brazil di\u00f3 (Bertholletia excelsa), piszt\u00e1cia (Pistacia vera), makad\u00e1mia \u00e9s queenslandi di\u00f3 (Macadamia ternifolia) \u00e9s azokb\u00f3l k\u00e9sz\u00fclt term\u00e9kek, kiv\u00e9ve<br \/>a) di\u00f3f\u00e9l\u00e9k, amelyb\u0151l k\u00e9sz\u00fclt p\u00e1rlatot vagy mez\u0151gazdas\u00e1gi eredet\u0171 etilalkoholt szeszes italok vagy egy\u00e9b alkoholtartalm\u00fa italok k\u00e9sz\u00edt\u00e9s\u00e9hez haszn\u00e1lj\u00e1k.<\/p>\n<p>9. Zeller \u00e9s abb\u00f3l k\u00e9sz\u00fclt term\u00e9kek.<\/p>\n<p>10. Must\u00e1r \u00e9s abb\u00f3l k\u00e9sz\u00fclt term\u00e9kek.<\/p>\n<p>11. Szez\u00e1mmag \u00e9s abb\u00f3l k\u00e9sz\u00fclt term\u00e9kek.<\/p>\n<p>12. K\u00e9n-dioxid \u00e9s SO2 -ben kifejezett szulfitok 10 mg\/kg, illetve 10 mg\/liter koncentr\u00e1ci\u00f3t meghalad\u00f3 mennyis\u00e9gben.<\/p>\n<p>13. Csillagf\u00fcrt \u00e9s abb\u00f3l k\u00e9sz\u00fclt term\u00e9kek.<\/p>\n<p>14. Puhatest\u0171ek \u00e9s abb\u00f3l k\u00e9sz\u00fclt term\u00e9kek.<\/p>\n<p>[\/et_pb_text][\/et_pb_column][\/et_pb_row][\/et_pb_section]<\/p>\n","protected":false},"excerpt":{"rendered":"<p>K\u00c1V\u00c9k\u00c1raink forintban \u00e9rtend\u0151ek \u00e9s tartalmazz\u00e1k az \u00c1FA-t. Szervizd\u00edjat nem sz\u00e1molunk fel. Kisadag \u00e9teleinket 70%-os \u00e1ron sz\u00e1m\u00edtjuk fel! Csomagol\u00e1s: 200 Ft \/ doboz A z\u00e1r\u00f3jelben l\u00e9v\u0151 sz\u00e1mok az allerg\u00e9n \u00f6sszetev\u0151k azonos\u00edt\u00e1s\u00e1ra szolg\u00e1lnak. Ezek list\u00e1ja az oldal aj\u00e1n tal\u00e1lhat\u00f3! Ristretto k\u00e1v\u00e9 650 Ft Espresso k\u00e1v\u00e9 700 Ft Hossz\u00fa k\u00e1v\u00e9 (7) 800 Ft Cappucino (7) 900 Ft Koffeinmentes (7) 800 Ft Latte Macchiato (7) 1.100 Ft Melange (7) 1.100 Ft Jegesk\u00e1v\u00e9 (szezon\u00e1lis) (7) 1.600 Ft Forr\u00f3 csoki (7) 1.400 Ft Tea + citrom (fekete, erdei gy\u00fcm\u00f6lcs, z\u00f6ld) 1.200 FtALLERG\u00c9N \u00c9LELMISZER \u00d6SSZETEV\u0150K LIST\u00c1JA 1. Glut\u00e9nt tartalmaz\u00f3 gabona (b\u00faza, rozs, \u00e1rpa, zab, t\u00f6nk\u00f6ly, kamut-b\u00faza vagy ezek hibrid v\u00e1ltozatai) \u00e9s azokb\u00f3l k\u00e9sz\u00fclt term\u00e9kek, kiv\u00e9vea) b\u00faz\u00e1b\u00f3l k\u00e9sz\u00fclt gl\u00fck\u00f3zszirup, bele\u00e9rtve a dextr\u00f3zt is(*)b) b\u00faz\u00e1b\u00f3l k\u00e9sz\u00fclt maltodextrin(*)c) \u00e1rp\u00e1b\u00f3l k\u00e9sz\u00fclt gl\u00fck\u00f3zszirup,d) gabonaf\u00e9l\u00e9k, amelyb\u0151l k\u00e9sz\u00fclt p\u00e1rlatot vagy mez\u0151gazdas\u00e1gi eredet\u0171 etilalkoholt szeszes italok vagy egy\u00e9b alkoholtartalm\u00fa italok k\u00e9sz\u00edt\u00e9s\u00e9hez haszn\u00e1lj\u00e1k. 2. R\u00e1kf\u00e9l\u00e9k \u00e9s azokb\u00f3l k\u00e9sz\u00fclt term\u00e9kek. 3. Toj\u00e1s \u00e9s abb\u00f3l k\u00e9sz\u00fclt term\u00e9kek. 4. Halak \u00e9s azokb\u00f3l k\u00e9sz\u00fclt term\u00e9kek, kiv\u00e9vea) vitaminok vagy karotinoidok hordoz\u00f3jak\u00e9nt haszn\u00e1lt halenyv,b) a s\u00f6r \u00e9s a bor der\u00edt\u00e9s\u00e9hez haszn\u00e1lt halenyv \u00e9s vizah\u00f3lyag. 5. F\u00f6ldimogyor\u00f3 \u00e9s abb\u00f3l k\u00e9sz\u00fclt term\u00e9kek. 6. Sz\u00f3jabab \u00e9s abb\u00f3l k\u00e9sz\u00fclt term\u00e9kek, kiv\u00e9vea) finom\u00edtott sz\u00f3jabab olaj \u00e9s zs\u00edr(*)b) sz\u00f3jababb\u00f3l sz\u00e1rmaz\u00f3 term\u00e9szetes vegyes tokoferolok (E 306), term\u00e9szetes D-alfa tokoferol, [&hellip;]<\/p>\n","protected":false},"author":1,"featured_media":0,"parent":0,"menu_order":0,"comment_status":"closed","ping_status":"closed","template":"","meta":{"_et_pb_use_builder":"on","_et_pb_old_content":"","_et_gb_content_width":"","footnotes":""},"class_list":["post-671","page","type-page","status-publish","hentry"],"yoast_head":"<!-- This site is optimized with the Yoast SEO plugin v26.8 - https:\/\/yoast.com\/product\/yoast-seo-wordpress\/ -->\n<title>K\u00e1v\u00e9k - Gulya cs\u00e1rda<\/title>\n<meta name=\"robots\" content=\"index, follow, max-snippet:-1, max-image-preview:large, max-video-preview:-1\" \/>\n<link rel=\"canonical\" href=\"https:\/\/gulyacsarda.hu\/index.php\/kavek\/\" \/>\n<meta property=\"og:locale\" content=\"hu_HU\" \/>\n<meta property=\"og:type\" content=\"article\" \/>\n<meta property=\"og:title\" content=\"K\u00e1v\u00e9k - Gulya cs\u00e1rda\" \/>\n<meta property=\"og:description\" content=\"K\u00c1V\u00c9k\u00c1raink forintban \u00e9rtend\u0151ek \u00e9s tartalmazz\u00e1k az \u00c1FA-t. Szervizd\u00edjat nem sz\u00e1molunk fel. Kisadag \u00e9teleinket 70%-os \u00e1ron sz\u00e1m\u00edtjuk fel! Csomagol\u00e1s: 200 Ft \/ doboz A z\u00e1r\u00f3jelben l\u00e9v\u0151 sz\u00e1mok az allerg\u00e9n \u00f6sszetev\u0151k azonos\u00edt\u00e1s\u00e1ra szolg\u00e1lnak. Ezek list\u00e1ja az oldal aj\u00e1n tal\u00e1lhat\u00f3! Ristretto k\u00e1v\u00e9 650 Ft Espresso k\u00e1v\u00e9 700 Ft Hossz\u00fa k\u00e1v\u00e9 (7) 800 Ft Cappucino (7) 900 Ft Koffeinmentes (7) 800 Ft Latte Macchiato (7) 1.100 Ft Melange (7) 1.100 Ft Jegesk\u00e1v\u00e9 (szezon\u00e1lis) (7) 1.600 Ft Forr\u00f3 csoki (7) 1.400 Ft Tea + citrom (fekete, erdei gy\u00fcm\u00f6lcs, z\u00f6ld) 1.200 FtALLERG\u00c9N \u00c9LELMISZER \u00d6SSZETEV\u0150K LIST\u00c1JA 1. Glut\u00e9nt tartalmaz\u00f3 gabona (b\u00faza, rozs, \u00e1rpa, zab, t\u00f6nk\u00f6ly, kamut-b\u00faza vagy ezek hibrid v\u00e1ltozatai) \u00e9s azokb\u00f3l k\u00e9sz\u00fclt term\u00e9kek, kiv\u00e9vea) b\u00faz\u00e1b\u00f3l k\u00e9sz\u00fclt gl\u00fck\u00f3zszirup, bele\u00e9rtve a dextr\u00f3zt is(*)b) b\u00faz\u00e1b\u00f3l k\u00e9sz\u00fclt maltodextrin(*)c) \u00e1rp\u00e1b\u00f3l k\u00e9sz\u00fclt gl\u00fck\u00f3zszirup,d) gabonaf\u00e9l\u00e9k, amelyb\u0151l k\u00e9sz\u00fclt p\u00e1rlatot vagy mez\u0151gazdas\u00e1gi eredet\u0171 etilalkoholt szeszes italok vagy egy\u00e9b alkoholtartalm\u00fa italok k\u00e9sz\u00edt\u00e9s\u00e9hez haszn\u00e1lj\u00e1k. 2. R\u00e1kf\u00e9l\u00e9k \u00e9s azokb\u00f3l k\u00e9sz\u00fclt term\u00e9kek. 3. Toj\u00e1s \u00e9s abb\u00f3l k\u00e9sz\u00fclt term\u00e9kek. 4. Halak \u00e9s azokb\u00f3l k\u00e9sz\u00fclt term\u00e9kek, kiv\u00e9vea) vitaminok vagy karotinoidok hordoz\u00f3jak\u00e9nt haszn\u00e1lt halenyv,b) a s\u00f6r \u00e9s a bor der\u00edt\u00e9s\u00e9hez haszn\u00e1lt halenyv \u00e9s vizah\u00f3lyag. 5. F\u00f6ldimogyor\u00f3 \u00e9s abb\u00f3l k\u00e9sz\u00fclt term\u00e9kek. 6. Sz\u00f3jabab \u00e9s abb\u00f3l k\u00e9sz\u00fclt term\u00e9kek, kiv\u00e9vea) finom\u00edtott sz\u00f3jabab olaj \u00e9s zs\u00edr(*)b) sz\u00f3jababb\u00f3l sz\u00e1rmaz\u00f3 term\u00e9szetes vegyes tokoferolok (E 306), term\u00e9szetes D-alfa tokoferol, [&hellip;]\" \/>\n<meta property=\"og:url\" content=\"https:\/\/gulyacsarda.hu\/index.php\/kavek\/\" \/>\n<meta property=\"og:site_name\" content=\"Gulya cs\u00e1rda\" \/>\n<meta property=\"article:publisher\" content=\"https:\/\/www.facebook.com\/Gulya-Cs%c3%a1rda-1456080467951366\/?ref=br_rs\" \/>\n<meta property=\"article:modified_time\" content=\"2023-07-20T15:27:33+00:00\" \/>\n<meta name=\"twitter:card\" content=\"summary_large_image\" \/>\n<meta name=\"twitter:label1\" content=\"Becs\u00fclt olvas\u00e1si id\u0151\" \/>\n\t<meta name=\"twitter:data1\" content=\"2 perc\" \/>\n<script type=\"application\/ld+json\" class=\"yoast-schema-graph\">{\"@context\":\"https:\/\/schema.org\",\"@graph\":[{\"@type\":\"WebPage\",\"@id\":\"https:\/\/gulyacsarda.hu\/index.php\/kavek\/\",\"url\":\"https:\/\/gulyacsarda.hu\/index.php\/kavek\/\",\"name\":\"K\u00e1v\u00e9k - Gulya cs\u00e1rda\",\"isPartOf\":{\"@id\":\"https:\/\/gulyacsarda.hu\/#website\"},\"datePublished\":\"2023-03-14T20:03:09+00:00\",\"dateModified\":\"2023-07-20T15:27:33+00:00\",\"breadcrumb\":{\"@id\":\"https:\/\/gulyacsarda.hu\/index.php\/kavek\/#breadcrumb\"},\"inLanguage\":\"hu\",\"potentialAction\":[{\"@type\":\"ReadAction\",\"target\":[\"https:\/\/gulyacsarda.hu\/index.php\/kavek\/\"]}]},{\"@type\":\"BreadcrumbList\",\"@id\":\"https:\/\/gulyacsarda.hu\/index.php\/kavek\/#breadcrumb\",\"itemListElement\":[{\"@type\":\"ListItem\",\"position\":1,\"name\":\"Kezd\u0151lap\",\"item\":\"https:\/\/gulyacsarda.hu\/\"},{\"@type\":\"ListItem\",\"position\":2,\"name\":\"K\u00e1v\u00e9k\"}]},{\"@type\":\"WebSite\",\"@id\":\"https:\/\/gulyacsarda.hu\/#website\",\"url\":\"https:\/\/gulyacsarda.hu\/\",\"name\":\"Gulya cs\u00e1rda\",\"description\":\"A balatonszentgy\u00f6rgyi Gulya cs\u00e1rda \u00e9tterem weboldala\",\"publisher\":{\"@id\":\"https:\/\/gulyacsarda.hu\/#organization\"},\"potentialAction\":[{\"@type\":\"SearchAction\",\"target\":{\"@type\":\"EntryPoint\",\"urlTemplate\":\"https:\/\/gulyacsarda.hu\/?s={search_term_string}\"},\"query-input\":{\"@type\":\"PropertyValueSpecification\",\"valueRequired\":true,\"valueName\":\"search_term_string\"}}],\"inLanguage\":\"hu\"},{\"@type\":\"Organization\",\"@id\":\"https:\/\/gulyacsarda.hu\/#organization\",\"name\":\"Gulya cs\u00e1rda\",\"url\":\"https:\/\/gulyacsarda.hu\/\",\"logo\":{\"@type\":\"ImageObject\",\"inLanguage\":\"hu\",\"@id\":\"https:\/\/gulyacsarda.hu\/#\/schema\/logo\/image\/\",\"url\":\"https:\/\/gulyacsarda.hu\/wp-content\/uploads\/2020\/09\/logo1-color.jpg\",\"contentUrl\":\"https:\/\/gulyacsarda.hu\/wp-content\/uploads\/2020\/09\/logo1-color.jpg\",\"width\":2236,\"height\":1177,\"caption\":\"Gulya cs\u00e1rda\"},\"image\":{\"@id\":\"https:\/\/gulyacsarda.hu\/#\/schema\/logo\/image\/\"},\"sameAs\":[\"https:\/\/www.facebook.com\/Gulya-Cs\u00e1rda-1456080467951366\/?ref=br_rs\",\"https:\/\/www.instagram.com\/gulyacsarda\/?hl=hu\"]}]}<\/script>\n<!-- \/ Yoast SEO plugin. -->","yoast_head_json":{"title":"K\u00e1v\u00e9k - Gulya cs\u00e1rda","robots":{"index":"index","follow":"follow","max-snippet":"max-snippet:-1","max-image-preview":"max-image-preview:large","max-video-preview":"max-video-preview:-1"},"canonical":"https:\/\/gulyacsarda.hu\/index.php\/kavek\/","og_locale":"hu_HU","og_type":"article","og_title":"K\u00e1v\u00e9k - Gulya cs\u00e1rda","og_description":"K\u00c1V\u00c9k\u00c1raink forintban \u00e9rtend\u0151ek \u00e9s tartalmazz\u00e1k az \u00c1FA-t. Szervizd\u00edjat nem sz\u00e1molunk fel. Kisadag \u00e9teleinket 70%-os \u00e1ron sz\u00e1m\u00edtjuk fel! Csomagol\u00e1s: 200 Ft \/ doboz A z\u00e1r\u00f3jelben l\u00e9v\u0151 sz\u00e1mok az allerg\u00e9n \u00f6sszetev\u0151k azonos\u00edt\u00e1s\u00e1ra szolg\u00e1lnak. Ezek list\u00e1ja az oldal aj\u00e1n tal\u00e1lhat\u00f3! Ristretto k\u00e1v\u00e9 650 Ft Espresso k\u00e1v\u00e9 700 Ft Hossz\u00fa k\u00e1v\u00e9 (7) 800 Ft Cappucino (7) 900 Ft Koffeinmentes (7) 800 Ft Latte Macchiato (7) 1.100 Ft Melange (7) 1.100 Ft Jegesk\u00e1v\u00e9 (szezon\u00e1lis) (7) 1.600 Ft Forr\u00f3 csoki (7) 1.400 Ft Tea + citrom (fekete, erdei gy\u00fcm\u00f6lcs, z\u00f6ld) 1.200 FtALLERG\u00c9N \u00c9LELMISZER \u00d6SSZETEV\u0150K LIST\u00c1JA 1. Glut\u00e9nt tartalmaz\u00f3 gabona (b\u00faza, rozs, \u00e1rpa, zab, t\u00f6nk\u00f6ly, kamut-b\u00faza vagy ezek hibrid v\u00e1ltozatai) \u00e9s azokb\u00f3l k\u00e9sz\u00fclt term\u00e9kek, kiv\u00e9vea) b\u00faz\u00e1b\u00f3l k\u00e9sz\u00fclt gl\u00fck\u00f3zszirup, bele\u00e9rtve a dextr\u00f3zt is(*)b) b\u00faz\u00e1b\u00f3l k\u00e9sz\u00fclt maltodextrin(*)c) \u00e1rp\u00e1b\u00f3l k\u00e9sz\u00fclt gl\u00fck\u00f3zszirup,d) gabonaf\u00e9l\u00e9k, amelyb\u0151l k\u00e9sz\u00fclt p\u00e1rlatot vagy mez\u0151gazdas\u00e1gi eredet\u0171 etilalkoholt szeszes italok vagy egy\u00e9b alkoholtartalm\u00fa italok k\u00e9sz\u00edt\u00e9s\u00e9hez haszn\u00e1lj\u00e1k. 2. R\u00e1kf\u00e9l\u00e9k \u00e9s azokb\u00f3l k\u00e9sz\u00fclt term\u00e9kek. 3. Toj\u00e1s \u00e9s abb\u00f3l k\u00e9sz\u00fclt term\u00e9kek. 4. Halak \u00e9s azokb\u00f3l k\u00e9sz\u00fclt term\u00e9kek, kiv\u00e9vea) vitaminok vagy karotinoidok hordoz\u00f3jak\u00e9nt haszn\u00e1lt halenyv,b) a s\u00f6r \u00e9s a bor der\u00edt\u00e9s\u00e9hez haszn\u00e1lt halenyv \u00e9s vizah\u00f3lyag. 5. F\u00f6ldimogyor\u00f3 \u00e9s abb\u00f3l k\u00e9sz\u00fclt term\u00e9kek. 6. Sz\u00f3jabab \u00e9s abb\u00f3l k\u00e9sz\u00fclt term\u00e9kek, kiv\u00e9vea) finom\u00edtott sz\u00f3jabab olaj \u00e9s zs\u00edr(*)b) sz\u00f3jababb\u00f3l sz\u00e1rmaz\u00f3 term\u00e9szetes vegyes tokoferolok (E 306), term\u00e9szetes D-alfa tokoferol, [&hellip;]","og_url":"https:\/\/gulyacsarda.hu\/index.php\/kavek\/","og_site_name":"Gulya cs\u00e1rda","article_publisher":"https:\/\/www.facebook.com\/Gulya-Cs%c3%a1rda-1456080467951366\/?ref=br_rs","article_modified_time":"2023-07-20T15:27:33+00:00","twitter_card":"summary_large_image","twitter_misc":{"Becs\u00fclt olvas\u00e1si id\u0151":"2 perc"},"schema":{"@context":"https:\/\/schema.org","@graph":[{"@type":"WebPage","@id":"https:\/\/gulyacsarda.hu\/index.php\/kavek\/","url":"https:\/\/gulyacsarda.hu\/index.php\/kavek\/","name":"K\u00e1v\u00e9k - Gulya cs\u00e1rda","isPartOf":{"@id":"https:\/\/gulyacsarda.hu\/#website"},"datePublished":"2023-03-14T20:03:09+00:00","dateModified":"2023-07-20T15:27:33+00:00","breadcrumb":{"@id":"https:\/\/gulyacsarda.hu\/index.php\/kavek\/#breadcrumb"},"inLanguage":"hu","potentialAction":[{"@type":"ReadAction","target":["https:\/\/gulyacsarda.hu\/index.php\/kavek\/"]}]},{"@type":"BreadcrumbList","@id":"https:\/\/gulyacsarda.hu\/index.php\/kavek\/#breadcrumb","itemListElement":[{"@type":"ListItem","position":1,"name":"Kezd\u0151lap","item":"https:\/\/gulyacsarda.hu\/"},{"@type":"ListItem","position":2,"name":"K\u00e1v\u00e9k"}]},{"@type":"WebSite","@id":"https:\/\/gulyacsarda.hu\/#website","url":"https:\/\/gulyacsarda.hu\/","name":"Gulya cs\u00e1rda","description":"A balatonszentgy\u00f6rgyi Gulya cs\u00e1rda \u00e9tterem weboldala","publisher":{"@id":"https:\/\/gulyacsarda.hu\/#organization"},"potentialAction":[{"@type":"SearchAction","target":{"@type":"EntryPoint","urlTemplate":"https:\/\/gulyacsarda.hu\/?s={search_term_string}"},"query-input":{"@type":"PropertyValueSpecification","valueRequired":true,"valueName":"search_term_string"}}],"inLanguage":"hu"},{"@type":"Organization","@id":"https:\/\/gulyacsarda.hu\/#organization","name":"Gulya cs\u00e1rda","url":"https:\/\/gulyacsarda.hu\/","logo":{"@type":"ImageObject","inLanguage":"hu","@id":"https:\/\/gulyacsarda.hu\/#\/schema\/logo\/image\/","url":"https:\/\/gulyacsarda.hu\/wp-content\/uploads\/2020\/09\/logo1-color.jpg","contentUrl":"https:\/\/gulyacsarda.hu\/wp-content\/uploads\/2020\/09\/logo1-color.jpg","width":2236,"height":1177,"caption":"Gulya cs\u00e1rda"},"image":{"@id":"https:\/\/gulyacsarda.hu\/#\/schema\/logo\/image\/"},"sameAs":["https:\/\/www.facebook.com\/Gulya-Cs\u00e1rda-1456080467951366\/?ref=br_rs","https:\/\/www.instagram.com\/gulyacsarda\/?hl=hu"]}]}},"_links":{"self":[{"href":"https:\/\/gulyacsarda.hu\/index.php\/wp-json\/wp\/v2\/pages\/671","targetHints":{"allow":["GET"]}}],"collection":[{"href":"https:\/\/gulyacsarda.hu\/index.php\/wp-json\/wp\/v2\/pages"}],"about":[{"href":"https:\/\/gulyacsarda.hu\/index.php\/wp-json\/wp\/v2\/types\/page"}],"author":[{"embeddable":true,"href":"https:\/\/gulyacsarda.hu\/index.php\/wp-json\/wp\/v2\/users\/1"}],"replies":[{"embeddable":true,"href":"https:\/\/gulyacsarda.hu\/index.php\/wp-json\/wp\/v2\/comments?post=671"}],"version-history":[{"count":17,"href":"https:\/\/gulyacsarda.hu\/index.php\/wp-json\/wp\/v2\/pages\/671\/revisions"}],"predecessor-version":[{"id":2232,"href":"https:\/\/gulyacsarda.hu\/index.php\/wp-json\/wp\/v2\/pages\/671\/revisions\/2232"}],"wp:attachment":[{"href":"https:\/\/gulyacsarda.hu\/index.php\/wp-json\/wp\/v2\/media?parent=671"}],"curies":[{"name":"wp","href":"https:\/\/api.w.org\/{rel}","templated":true}]}}