{"id":877,"date":"2021-02-10T12:20:37","date_gmt":"2021-02-10T11:20:37","guid":{"rendered":"https:\/\/gulyacsarda.hu\/?page_id=877"},"modified":"2026-01-24T15:56:44","modified_gmt":"2026-01-24T14:56:44","slug":"akciok","status":"publish","type":"page","link":"https:\/\/gulyacsarda.hu\/index.php\/akciok\/","title":{"rendered":"Akci\u00f3k"},"content":{"rendered":"<p>[et_pb_section fb_built=&#8221;1&#8243; custom_padding_last_edited=&#8221;off|desktop&#8221; admin_label=&#8221;Hero&#8221; _builder_version=&#8221;4.16&#8243; use_background_color_gradient=&#8221;on&#8221; background_color_gradient_direction=&#8221;90deg&#8221; background_color_gradient_stops=&#8221;rgba(0,0,0,0.75) 0%|rgba(0,0,0,0.2) 100%&#8221; background_color_gradient_overlays_image=&#8221;on&#8221; background_color_gradient_start=&#8221;rgba(0,0,0,0.75)&#8221; background_color_gradient_end=&#8221;rgba(0,0,0,0.2)&#8221; background_image=&#8221;https:\/\/gulyacsarda.hu\/wp-content\/uploads\/2021\/02\/Image_01-2.jpg&#8221; custom_padding=&#8221;10%||10%|&#8221; global_colors_info=&#8221;{}&#8221;][et_pb_row _builder_version=&#8221;4.16&#8243; background_size=&#8221;initial&#8221; background_position=&#8221;top_left&#8221; background_repeat=&#8221;repeat&#8221; custom_margin=&#8221;|||&#8221; custom_padding=&#8221;61px|||||&#8221; animation_style=&#8221;zoom&#8221; animation_intensity_zoom=&#8221;4%&#8221; global_colors_info=&#8221;{}&#8221;][et_pb_column type=&#8221;4_4&#8243; _builder_version=&#8221;4.16&#8243; custom_padding=&#8221;|||&#8221; global_colors_info=&#8221;{}&#8221; custom_padding__hover=&#8221;|||&#8221;][et_pb_text admin_label=&#8221;Subtitle&#8221; _builder_version=&#8221;4.27.5&#8243; text_font=&#8221;Montserrat||||||||&#8221; text_font_size=&#8221;16px&#8221; header_font=&#8221;||||||||&#8221; background_layout=&#8221;dark&#8221; max_width=&#8221;600px&#8221; animation_style=&#8221;fold&#8221; animation_direction=&#8221;bottom&#8221; animation_intensity_fold=&#8221;30%&#8221; animation_starting_opacity=&#8221;100%&#8221; global_colors_info=&#8221;{}&#8221;]<\/p>\n<p>2026-ban is:<\/p>\n<p>[\/et_pb_text][et_pb_text content_tablet=&#8221;&#8221; content_phone=&#8221;&#8221; content_last_edited=&#8221;on|desktop&#8221; admin_label=&#8221;Title&#8221; _builder_version=&#8221;4.19.1&#8243; text_font=&#8221;||||||||&#8221; header_font=&#8221;Cormorant Garamond|700|||||||&#8221; header_font_size=&#8221;81px&#8221; background_layout=&#8221;dark&#8221; max_width=&#8221;600px&#8221; animation_style=&#8221;fold&#8221; animation_direction=&#8221;bottom&#8221; animation_delay=&#8221;50ms&#8221; animation_intensity_fold=&#8221;30%&#8221; animation_starting_opacity=&#8221;100%&#8221; header_font_size_tablet=&#8221;&#8221; header_font_size_phone=&#8221;50px&#8221; header_font_size_last_edited=&#8221;on|phone&#8221; global_colors_info=&#8221;{}&#8221;]<\/p>\n<h1>AKCI\u00d3\u00d3\u00d3!!!<\/h1>\n<p>[\/et_pb_text][et_pb_text _builder_version=&#8221;4.16&#8243; text_font=&#8221;Cormorant Garamond|500|||||||&#8221; text_font_size=&#8221;24px&#8221; text_line_height=&#8221;1.8em&#8221; header_font=&#8221;||||||||&#8221; background_layout=&#8221;dark&#8221; max_width=&#8221;600px&#8221; animation_style=&#8221;fold&#8221; animation_direction=&#8221;bottom&#8221; animation_delay=&#8221;100ms&#8221; animation_intensity_fold=&#8221;30%&#8221; animation_starting_opacity=&#8221;100%&#8221; global_colors_info=&#8221;{}&#8221;]<\/p>\n<p>\u00c9tterm\u00fcnkben nagyon sok akci\u00f3t rendez\u00fcnk, amelyek n\u00e9pszer\u0171ek Kedves Vend\u00e9geink k\u00f6r\u00e9ben!<\/p>\n<p>[\/et_pb_text][\/et_pb_column][\/et_pb_row][\/et_pb_section][et_pb_section fb_built=&#8221;1&#8243; admin_label=&#8221;Recipes&#8221; _builder_version=&#8221;4.16&#8243; background_image=&#8221;https:\/\/gulyacsarda.hu\/wp-content\/uploads\/2021\/02\/recipe_illustration_03.png&#8221; background_size=&#8221;initial&#8221; custom_padding=&#8221;90px||90px|&#8221; global_colors_info=&#8221;{}&#8221;][et_pb_row _builder_version=&#8221;4.16&#8243; custom_margin=&#8221;|||&#8221; global_colors_info=&#8221;{}&#8221;][et_pb_column type=&#8221;4_4&#8243; _builder_version=&#8221;4.16&#8243; custom_padding=&#8221;|||&#8221; global_colors_info=&#8221;{}&#8221; custom_padding__hover=&#8221;|||&#8221;][et_pb_text admin_label=&#8221;Title&#8221; _builder_version=&#8221;4.16&#8243; text_font=&#8221;||||||||&#8221; header_font=&#8221;||||||||&#8221; header_2_font=&#8221;Cormorant Garamond|500|||||||&#8221; header_2_text_color=&#8221;#1e1e1e&#8221; header_2_font_size=&#8221;36px&#8221; text_orientation=&#8221;center&#8221; custom_margin=&#8221;||15px|&#8221; animation_style=&#8221;fade&#8221; global_colors_info=&#8221;{}&#8221;]<\/p>\n<h2>Aktu\u00e1lis aj\u00e1nlataink:<\/h2>\n<p>[\/et_pb_text][et_pb_divider color=&#8221;#cccccc&#8221; divider_weight=&#8221;2px&#8221; _builder_version=&#8221;4.16&#8243; max_width=&#8221;80px&#8221; max_width_tablet=&#8221;100px&#8221; max_width_phone=&#8221;100px&#8221; max_width_last_edited=&#8221;off|desktop&#8221; module_alignment=&#8221;center&#8221; animation_style=&#8221;fade&#8221; global_colors_info=&#8221;{}&#8221;][\/et_pb_divider][\/et_pb_column][\/et_pb_row][et_pb_row _builder_version=&#8221;4.27.4&#8243; width=&#8221;600px&#8221; min_height=&#8221;105px&#8221; custom_padding=&#8221;||30px|||&#8221; global_colors_info=&#8221;{}&#8221;][et_pb_column type=&#8221;4_4&#8243; _builder_version=&#8221;4.16&#8243; _module_preset=&#8221;default&#8221; global_colors_info=&#8221;{}&#8221;][et_pb_text _builder_version=&#8221;4.27.5&#8243; _module_preset=&#8221;default&#8221; text_font=&#8221;Asap||||||||&#8221; text_text_color=&#8221;#0C71C3&#8243; text_font_size=&#8221;23px&#8221; global_colors_info=&#8221;{}&#8221;]<\/p>\n<p style=\"text-align: center;\"><b>\u00d3\u00d3\u00d3RI\u00c1SI AKCI\u00d3\u00d3\u00d3!<\/b><\/p>\n<p>10.000 Ft feletti v\u00e1s\u00e1rl\u00e1sonk\u00e9nt* <b>AJ\u00c1ND\u00c9K<\/b> a balatonszentgy\u00f6rgyi S\u00f6rm\u0171vek h\u00e1zi k\u00e9sz\u00edt\u00e9s\u0171 1 db 0.33 l dobozos <b>S\u00d6RE<\/b> (teh\u00e1t 10.000 Ft = 1 db, 20.000 Ft = 2 db stb.)<\/p>\n<p><i>* A v\u00e1s\u00e1rl\u00e1s \u00f6sszege nem tartalmazhatja a csomagol\u00e1si-, \u00e9s kisz\u00e1ll\u00edt\u00e1si d\u00edjat. Csak elvitelre \u00e9s h\u00e1zhoz sz\u00e1ll\u00edtva \u00e9rv\u00e9nyes! M\u00e1s akci\u00f3val \u00f6ssze nem vonhat\u00f3 \u00e9s visszavon\u00e1sig \u00e9rv\u00e9nyes!<\/i><\/p>\n<p>[\/et_pb_text][\/et_pb_column][\/et_pb_row][et_pb_row _builder_version=&#8221;4.16&#8243; custom_margin=&#8221;|||&#8221; global_colors_info=&#8221;{}&#8221;][et_pb_column type=&#8221;4_4&#8243; _builder_version=&#8221;4.16&#8243; custom_padding=&#8221;|||&#8221; global_colors_info=&#8221;{}&#8221; custom_padding__hover=&#8221;|||&#8221;][et_pb_divider color=&#8221;#cccccc&#8221; divider_weight=&#8221;2px&#8221; _builder_version=&#8221;4.16&#8243; max_width=&#8221;80px&#8221; max_width_tablet=&#8221;100px&#8221; max_width_phone=&#8221;100px&#8221; max_width_last_edited=&#8221;off|desktop&#8221; module_alignment=&#8221;center&#8221; animation_style=&#8221;fade&#8221; global_colors_info=&#8221;{}&#8221;][\/et_pb_divider][\/et_pb_column][\/et_pb_row][et_pb_row _builder_version=&#8221;4.27.4&#8243; _module_preset=&#8221;default&#8221; global_colors_info=&#8221;{}&#8221;][et_pb_column type=&#8221;4_4&#8243; _builder_version=&#8221;4.27.4&#8243; _module_preset=&#8221;default&#8221; global_colors_info=&#8221;{}&#8221;][et_pb_image src=&#8221;https:\/\/gulyacsarda.hu\/wp-content\/uploads\/2026\/01\/2026-02-05-Torkos-scaled.jpg&#8221; title_text=&#8221;2026-02-05 Torkos&#8221; show_in_lightbox=&#8221;on&#8221; align=&#8221;center&#8221; _builder_version=&#8221;4.27.5&#8243; _module_preset=&#8221;default&#8221; width=&#8221;600px&#8221; global_colors_info=&#8221;{}&#8221;][\/et_pb_image][\/et_pb_column][\/et_pb_row][\/et_pb_section]<\/p>\n","protected":false},"excerpt":{"rendered":"<p>2026-ban is:AKCI\u00d3\u00d3\u00d3!!!\u00c9tterm\u00fcnkben nagyon sok akci\u00f3t rendez\u00fcnk, amelyek n\u00e9pszer\u0171ek Kedves Vend\u00e9geink k\u00f6r\u00e9ben!Aktu\u00e1lis aj\u00e1nlataink:\u00d3\u00d3\u00d3RI\u00c1SI AKCI\u00d3\u00d3\u00d3! 10.000 Ft feletti v\u00e1s\u00e1rl\u00e1sonk\u00e9nt* AJ\u00c1ND\u00c9K a balatonszentgy\u00f6rgyi S\u00f6rm\u0171vek h\u00e1zi k\u00e9sz\u00edt\u00e9s\u0171 1 db 0.33 l dobozos S\u00d6RE (teh\u00e1t 10.000 Ft = 1 db, 20.000 Ft = 2 db stb.) * A v\u00e1s\u00e1rl\u00e1s \u00f6sszege nem tartalmazhatja a csomagol\u00e1si-, \u00e9s kisz\u00e1ll\u00edt\u00e1si d\u00edjat. Csak elvitelre \u00e9s h\u00e1zhoz sz\u00e1ll\u00edtva \u00e9rv\u00e9nyes! M\u00e1s akci\u00f3val \u00f6ssze nem vonhat\u00f3 \u00e9s visszavon\u00e1sig \u00e9rv\u00e9nyes!<\/p>\n","protected":false},"author":1,"featured_media":0,"parent":0,"menu_order":0,"comment_status":"closed","ping_status":"closed","template":"","meta":{"_et_pb_use_builder":"on","_et_pb_old_content":"","_et_gb_content_width":"","footnotes":""},"class_list":["post-877","page","type-page","status-publish","hentry"],"yoast_head":"<!-- This site is optimized with the Yoast SEO plugin v27.4 - https:\/\/yoast.com\/product\/yoast-seo-wordpress\/ -->\n<title>Akci\u00f3k - Gulya cs\u00e1rda<\/title>\n<meta name=\"robots\" content=\"index, follow, max-snippet:-1, max-image-preview:large, max-video-preview:-1\" \/>\n<link rel=\"canonical\" href=\"https:\/\/gulyacsarda.hu\/index.php\/akciok\/\" \/>\n<meta property=\"og:locale\" content=\"hu_HU\" \/>\n<meta property=\"og:type\" content=\"article\" \/>\n<meta property=\"og:title\" content=\"Akci\u00f3k - Gulya cs\u00e1rda\" \/>\n<meta property=\"og:description\" content=\"2026-ban is:AKCI\u00d3\u00d3\u00d3!!!\u00c9tterm\u00fcnkben nagyon sok akci\u00f3t rendez\u00fcnk, amelyek n\u00e9pszer\u0171ek Kedves Vend\u00e9geink k\u00f6r\u00e9ben!Aktu\u00e1lis aj\u00e1nlataink:\u00d3\u00d3\u00d3RI\u00c1SI AKCI\u00d3\u00d3\u00d3! 10.000 Ft feletti v\u00e1s\u00e1rl\u00e1sonk\u00e9nt* AJ\u00c1ND\u00c9K a balatonszentgy\u00f6rgyi S\u00f6rm\u0171vek h\u00e1zi k\u00e9sz\u00edt\u00e9s\u0171 1 db 0.33 l dobozos S\u00d6RE (teh\u00e1t 10.000 Ft = 1 db, 20.000 Ft = 2 db stb.) * A v\u00e1s\u00e1rl\u00e1s \u00f6sszege nem tartalmazhatja a csomagol\u00e1si-, \u00e9s kisz\u00e1ll\u00edt\u00e1si d\u00edjat. Csak elvitelre \u00e9s h\u00e1zhoz sz\u00e1ll\u00edtva \u00e9rv\u00e9nyes! M\u00e1s akci\u00f3val \u00f6ssze nem vonhat\u00f3 \u00e9s visszavon\u00e1sig \u00e9rv\u00e9nyes!\" \/>\n<meta property=\"og:url\" content=\"https:\/\/gulyacsarda.hu\/index.php\/akciok\/\" \/>\n<meta property=\"og:site_name\" content=\"Gulya cs\u00e1rda\" \/>\n<meta property=\"article:publisher\" content=\"https:\/\/www.facebook.com\/Gulya-Cs%c3%a1rda-1456080467951366\/?ref=br_rs\" \/>\n<meta property=\"article:modified_time\" content=\"2026-01-24T14:56:44+00:00\" \/>\n<meta name=\"twitter:card\" content=\"summary_large_image\" \/>\n<meta name=\"twitter:label1\" content=\"Becs\u00fclt olvas\u00e1si id\u0151\" \/>\n\t<meta name=\"twitter:data1\" content=\"4 perc\" \/>\n<script type=\"application\/ld+json\" class=\"yoast-schema-graph\">{\"@context\":\"https:\\\/\\\/schema.org\",\"@graph\":[{\"@type\":\"WebPage\",\"@id\":\"https:\\\/\\\/gulyacsarda.hu\\\/index.php\\\/akciok\\\/\",\"url\":\"https:\\\/\\\/gulyacsarda.hu\\\/index.php\\\/akciok\\\/\",\"name\":\"Akci\u00f3k - Gulya cs\u00e1rda\",\"isPartOf\":{\"@id\":\"https:\\\/\\\/gulyacsarda.hu\\\/#website\"},\"datePublished\":\"2021-02-10T11:20:37+00:00\",\"dateModified\":\"2026-01-24T14:56:44+00:00\",\"breadcrumb\":{\"@id\":\"https:\\\/\\\/gulyacsarda.hu\\\/index.php\\\/akciok\\\/#breadcrumb\"},\"inLanguage\":\"hu\",\"potentialAction\":[{\"@type\":\"ReadAction\",\"target\":[\"https:\\\/\\\/gulyacsarda.hu\\\/index.php\\\/akciok\\\/\"]}]},{\"@type\":\"BreadcrumbList\",\"@id\":\"https:\\\/\\\/gulyacsarda.hu\\\/index.php\\\/akciok\\\/#breadcrumb\",\"itemListElement\":[{\"@type\":\"ListItem\",\"position\":1,\"name\":\"Kezd\u0151lap\",\"item\":\"https:\\\/\\\/gulyacsarda.hu\\\/\"},{\"@type\":\"ListItem\",\"position\":2,\"name\":\"Akci\u00f3k\"}]},{\"@type\":\"WebSite\",\"@id\":\"https:\\\/\\\/gulyacsarda.hu\\\/#website\",\"url\":\"https:\\\/\\\/gulyacsarda.hu\\\/\",\"name\":\"Gulya cs\u00e1rda\",\"description\":\"A balatonszentgy\u00f6rgyi Gulya cs\u00e1rda \u00e9tterem weboldala\",\"publisher\":{\"@id\":\"https:\\\/\\\/gulyacsarda.hu\\\/#organization\"},\"potentialAction\":[{\"@type\":\"SearchAction\",\"target\":{\"@type\":\"EntryPoint\",\"urlTemplate\":\"https:\\\/\\\/gulyacsarda.hu\\\/?s={search_term_string}\"},\"query-input\":{\"@type\":\"PropertyValueSpecification\",\"valueRequired\":true,\"valueName\":\"search_term_string\"}}],\"inLanguage\":\"hu\"},{\"@type\":\"Organization\",\"@id\":\"https:\\\/\\\/gulyacsarda.hu\\\/#organization\",\"name\":\"Gulya cs\u00e1rda\",\"url\":\"https:\\\/\\\/gulyacsarda.hu\\\/\",\"logo\":{\"@type\":\"ImageObject\",\"inLanguage\":\"hu\",\"@id\":\"https:\\\/\\\/gulyacsarda.hu\\\/#\\\/schema\\\/logo\\\/image\\\/\",\"url\":\"https:\\\/\\\/gulyacsarda.hu\\\/wp-content\\\/uploads\\\/2020\\\/09\\\/logo1-color.jpg\",\"contentUrl\":\"https:\\\/\\\/gulyacsarda.hu\\\/wp-content\\\/uploads\\\/2020\\\/09\\\/logo1-color.jpg\",\"width\":2236,\"height\":1177,\"caption\":\"Gulya cs\u00e1rda\"},\"image\":{\"@id\":\"https:\\\/\\\/gulyacsarda.hu\\\/#\\\/schema\\\/logo\\\/image\\\/\"},\"sameAs\":[\"https:\\\/\\\/www.facebook.com\\\/Gulya-Cs\u00e1rda-1456080467951366\\\/?ref=br_rs\",\"https:\\\/\\\/www.instagram.com\\\/gulyacsarda\\\/?hl=hu\"]}]}<\/script>\n<!-- \/ Yoast SEO plugin. -->","yoast_head_json":{"title":"Akci\u00f3k - Gulya cs\u00e1rda","robots":{"index":"index","follow":"follow","max-snippet":"max-snippet:-1","max-image-preview":"max-image-preview:large","max-video-preview":"max-video-preview:-1"},"canonical":"https:\/\/gulyacsarda.hu\/index.php\/akciok\/","og_locale":"hu_HU","og_type":"article","og_title":"Akci\u00f3k - Gulya cs\u00e1rda","og_description":"2026-ban is:AKCI\u00d3\u00d3\u00d3!!!\u00c9tterm\u00fcnkben nagyon sok akci\u00f3t rendez\u00fcnk, amelyek n\u00e9pszer\u0171ek Kedves Vend\u00e9geink k\u00f6r\u00e9ben!Aktu\u00e1lis aj\u00e1nlataink:\u00d3\u00d3\u00d3RI\u00c1SI AKCI\u00d3\u00d3\u00d3! 10.000 Ft feletti v\u00e1s\u00e1rl\u00e1sonk\u00e9nt* AJ\u00c1ND\u00c9K a balatonszentgy\u00f6rgyi S\u00f6rm\u0171vek h\u00e1zi k\u00e9sz\u00edt\u00e9s\u0171 1 db 0.33 l dobozos S\u00d6RE (teh\u00e1t 10.000 Ft = 1 db, 20.000 Ft = 2 db stb.) * A v\u00e1s\u00e1rl\u00e1s \u00f6sszege nem tartalmazhatja a csomagol\u00e1si-, \u00e9s kisz\u00e1ll\u00edt\u00e1si d\u00edjat. Csak elvitelre \u00e9s h\u00e1zhoz sz\u00e1ll\u00edtva \u00e9rv\u00e9nyes! M\u00e1s akci\u00f3val \u00f6ssze nem vonhat\u00f3 \u00e9s visszavon\u00e1sig \u00e9rv\u00e9nyes!","og_url":"https:\/\/gulyacsarda.hu\/index.php\/akciok\/","og_site_name":"Gulya cs\u00e1rda","article_publisher":"https:\/\/www.facebook.com\/Gulya-Cs%c3%a1rda-1456080467951366\/?ref=br_rs","article_modified_time":"2026-01-24T14:56:44+00:00","twitter_card":"summary_large_image","twitter_misc":{"Becs\u00fclt olvas\u00e1si id\u0151":"4 perc"},"schema":{"@context":"https:\/\/schema.org","@graph":[{"@type":"WebPage","@id":"https:\/\/gulyacsarda.hu\/index.php\/akciok\/","url":"https:\/\/gulyacsarda.hu\/index.php\/akciok\/","name":"Akci\u00f3k - Gulya cs\u00e1rda","isPartOf":{"@id":"https:\/\/gulyacsarda.hu\/#website"},"datePublished":"2021-02-10T11:20:37+00:00","dateModified":"2026-01-24T14:56:44+00:00","breadcrumb":{"@id":"https:\/\/gulyacsarda.hu\/index.php\/akciok\/#breadcrumb"},"inLanguage":"hu","potentialAction":[{"@type":"ReadAction","target":["https:\/\/gulyacsarda.hu\/index.php\/akciok\/"]}]},{"@type":"BreadcrumbList","@id":"https:\/\/gulyacsarda.hu\/index.php\/akciok\/#breadcrumb","itemListElement":[{"@type":"ListItem","position":1,"name":"Kezd\u0151lap","item":"https:\/\/gulyacsarda.hu\/"},{"@type":"ListItem","position":2,"name":"Akci\u00f3k"}]},{"@type":"WebSite","@id":"https:\/\/gulyacsarda.hu\/#website","url":"https:\/\/gulyacsarda.hu\/","name":"Gulya cs\u00e1rda","description":"A balatonszentgy\u00f6rgyi Gulya cs\u00e1rda \u00e9tterem weboldala","publisher":{"@id":"https:\/\/gulyacsarda.hu\/#organization"},"potentialAction":[{"@type":"SearchAction","target":{"@type":"EntryPoint","urlTemplate":"https:\/\/gulyacsarda.hu\/?s={search_term_string}"},"query-input":{"@type":"PropertyValueSpecification","valueRequired":true,"valueName":"search_term_string"}}],"inLanguage":"hu"},{"@type":"Organization","@id":"https:\/\/gulyacsarda.hu\/#organization","name":"Gulya cs\u00e1rda","url":"https:\/\/gulyacsarda.hu\/","logo":{"@type":"ImageObject","inLanguage":"hu","@id":"https:\/\/gulyacsarda.hu\/#\/schema\/logo\/image\/","url":"https:\/\/gulyacsarda.hu\/wp-content\/uploads\/2020\/09\/logo1-color.jpg","contentUrl":"https:\/\/gulyacsarda.hu\/wp-content\/uploads\/2020\/09\/logo1-color.jpg","width":2236,"height":1177,"caption":"Gulya cs\u00e1rda"},"image":{"@id":"https:\/\/gulyacsarda.hu\/#\/schema\/logo\/image\/"},"sameAs":["https:\/\/www.facebook.com\/Gulya-Cs\u00e1rda-1456080467951366\/?ref=br_rs","https:\/\/www.instagram.com\/gulyacsarda\/?hl=hu"]}]}},"_links":{"self":[{"href":"https:\/\/gulyacsarda.hu\/index.php\/wp-json\/wp\/v2\/pages\/877","targetHints":{"allow":["GET"]}}],"collection":[{"href":"https:\/\/gulyacsarda.hu\/index.php\/wp-json\/wp\/v2\/pages"}],"about":[{"href":"https:\/\/gulyacsarda.hu\/index.php\/wp-json\/wp\/v2\/types\/page"}],"author":[{"embeddable":true,"href":"https:\/\/gulyacsarda.hu\/index.php\/wp-json\/wp\/v2\/users\/1"}],"replies":[{"embeddable":true,"href":"https:\/\/gulyacsarda.hu\/index.php\/wp-json\/wp\/v2\/comments?post=877"}],"version-history":[{"count":39,"href":"https:\/\/gulyacsarda.hu\/index.php\/wp-json\/wp\/v2\/pages\/877\/revisions"}],"predecessor-version":[{"id":5052,"href":"https:\/\/gulyacsarda.hu\/index.php\/wp-json\/wp\/v2\/pages\/877\/revisions\/5052"}],"wp:attachment":[{"href":"https:\/\/gulyacsarda.hu\/index.php\/wp-json\/wp\/v2\/media?parent=877"}],"curies":[{"name":"wp","href":"https:\/\/api.w.org\/{rel}","templated":true}]}}